{"id":842,"date":"2018-05-24T10:25:54","date_gmt":"2018-05-24T14:25:54","guid":{"rendered":"http:\/\/www.capl-acpd.org\/prix\/capl-fellowship-award\/"},"modified":"2025-09-30T09:18:34","modified_gmt":"2025-09-30T13:18:34","slug":"prix-de-la-bourse-de-lacpd","status":"publish","type":"page","link":"https:\/\/www.capl-acpd.org\/fr\/prix\/prix-de-la-bourse-de-lacpd\/","title":{"rendered":"Prix De La Bourse De L\u2019ACPD"},"content":{"rendered":"<p>L\u2019Acad\u00e9mie canadienne de psychiatrie et droit (ACPD) est ravie d\u2019annoncer le concours annuel de la bourse de l\u2019ACPD pour les r\u00e9sidents. Les r\u00e9cipiendaires de la bourse de l\u2019ACPD feront une pr\u00e9sentation sur un sujet d\u2019actualit\u00e9 important du domaine de la psychiatrie l\u00e9gale, et les d\u00e9penses* engag\u00e9es pour le congr\u00e8s annuel (y compris le voyage, l\u2019h\u00e9bergement et les droits d\u2019inscription au congr\u00e8s) leur seront rembours\u00e9es.<\/p>\n<p><strong>Admissibilit\u00e9<\/strong> :<\/p>\n<p>Les candidats sont admissibles s\u2019ils sont pr\u00e9sentement des r\u00e9sidents de 4e, 5e ou 6e ann\u00e9e d\u2019un programme canadien de r\u00e9sidence. Les candidats doivent suivre la proc\u00e9dure de mise en candidature et d\u2019admissibilit\u00e9 ci-dessous.<\/p>\n<p><strong>Date d\u2019\u00e9cheance<\/strong> :<\/p>\n<p>La soumission doit \u00eatre re\u00e7ue avant la date d\u2019\u00e9cheance du 5 d\u00e9cembre.<\/p>\n<p><strong>Proc\u00e9dure de soumission<\/strong> :<\/p>\n<p>Les candidats doivent <a href=\"http:\/\/www.capl-acpd.org\/fr\/prix-de-la-bourse-de-lacpd-formulaire-de-soumission\/\"><strong><u>soumettre une mise en candidature en ligne<\/u><\/strong><\/a> qui inclut les documents suivants :<\/p>\n<ol>\n<li>Une d\u00e9claration personnelle indiquant :\n<ol type=\"a\">\n<li>L\u2019\u00e9volution de l\u2019int\u00e9r\u00eat du candidat pour la psychiatrie m\u00e9dicol\u00e9gale.<\/li>\n<li>Les mesures prises pour d\u00e9velopper cet int\u00e9r\u00eat.<\/li>\n<li>Les aspirations professionnelles du candidat dans le domaine de la psychiatrie et du droit.<\/li>\n<li>La contribution souhait\u00e9e du candidat au domaine de la psychiatrie m\u00e9dicol\u00e9gale et toute information qu\u2019il juge utile \u00e0 l\u2019Acad\u00e9mie.<\/li>\n<\/ol>\n<\/li>\n<li>Une lettre du directeur du programme du candidat qui \u00e9nonce la raison pour laquelle il appuie cette mise en candidature et qui explique pourquoi il croit que le candidat contribuera de fa\u00e7on positive au domaine de la psychiatrie et du droit.<\/li>\n<li>Un r\u00e9sum\u00e9 d\u2019au plus 250 mots de la pr\u00e9sentation que le candidat choisi devra pr\u00e9senter au congr\u00e8s annuel de l\u2019ACPD. Le sujet de pr\u00e9sentation devra traiter d\u2019un sujet actuel important dans le domaine de la psychiatrie l\u00e9gale. Il peut \u00eatre ax\u00e9 sur la recherche, et le contenu peut \u00e9tudier un aspect significatif de la psychiatrie l\u00e9gale ou pr\u00e9senter un domaine du droit qui est pertinent pour la psychiatrie ou qui interagit \u00e9troitement avec celle-ci.<\/li>\n<\/ol>\n<p><strong>Questions<\/strong> :<\/p>\n<p>Pour toute question sur la bourse de l\u2019ACPD, communiquez avec l\u2019Acad\u00e9mie \u00e0 l\u2019adresse <a href=\"mailto:capl@cpa-apc.org\">capl@cpa-apc.org<\/a>. Les soumissions envoy\u00e9es par courriel, par t\u00e9l\u00e9copieur ou par la poste ne seront pas accept\u00e9es.<\/p>\n<p>*Conform\u00e9ment aux tarifs et aux indemnit\u00e9s pr\u00e9cises dans la politique de d\u00e9penses de l\u2019ACPD.<\/p>\n","protected":false},"excerpt":{"rendered":"<p>L\u2019Acad\u00e9mie canadienne de psychiatrie et droit (ACPD) est ravie d\u2019annoncer  [&#8230;]<\/p>\n","protected":false},"author":1,"featured_media":0,"parent":421,"menu_order":0,"comment_status":"closed","ping_status":"closed","template":"","meta":{"footnotes":""},"class_list":["post-842","page","type-page","status-publish","hentry"],"yoast_head":"<!-- This site is optimized with the Yoast SEO plugin v27.2 - https:\/\/yoast.com\/product\/yoast-seo-wordpress\/ -->\n<title>Prix De La Bourse De L\u2019ACPD - Canadian Academy of Psychiatry and the Law (CAPL)<\/title>\n<meta name=\"robots\" content=\"index, follow, max-snippet:-1, max-image-preview:large, max-video-preview:-1\" \/>\n<link rel=\"canonical\" href=\"https:\/\/www.capl-acpd.org\/fr\/prix\/prix-de-la-bourse-de-lacpd\/\" \/>\n<meta property=\"og:locale\" content=\"fr_FR\" \/>\n<meta property=\"og:type\" content=\"article\" \/>\n<meta property=\"og:title\" content=\"Prix De La Bourse De L\u2019ACPD - Canadian Academy of Psychiatry and the Law (CAPL)\" \/>\n<meta property=\"og:description\" content=\"L\u2019Acad\u00e9mie canadienne de psychiatrie et droit (ACPD) est ravie d\u2019annoncer [...]\" \/>\n<meta property=\"og:url\" content=\"https:\/\/www.capl-acpd.org\/fr\/prix\/prix-de-la-bourse-de-lacpd\/\" \/>\n<meta property=\"og:site_name\" content=\"Canadian Academy of Psychiatry and the Law (CAPL)\" \/>\n<meta property=\"article:modified_time\" content=\"2025-09-30T13:18:34+00:00\" \/>\n<meta name=\"twitter:card\" content=\"summary_large_image\" \/>\n<meta name=\"twitter:label1\" content=\"Dur\u00e9e de lecture estim\u00e9e\" \/>\n\t<meta name=\"twitter:data1\" content=\"2 minutes\" \/>\n<script type=\"application\/ld+json\" class=\"yoast-schema-graph\">{\"@context\":\"https:\/\/schema.org\",\"@graph\":[{\"@type\":\"WebPage\",\"@id\":\"https:\/\/www.capl-acpd.org\/fr\/prix\/prix-de-la-bourse-de-lacpd\/\",\"url\":\"https:\/\/www.capl-acpd.org\/fr\/prix\/prix-de-la-bourse-de-lacpd\/\",\"name\":\"Prix De La Bourse De L\u2019ACPD - Canadian Academy of Psychiatry and the Law (CAPL)\",\"isPartOf\":{\"@id\":\"https:\/\/www.capl-acpd.org\/#website\"},\"datePublished\":\"2018-05-24T14:25:54+00:00\",\"dateModified\":\"2025-09-30T13:18:34+00:00\",\"breadcrumb\":{\"@id\":\"https:\/\/www.capl-acpd.org\/fr\/prix\/prix-de-la-bourse-de-lacpd\/#breadcrumb\"},\"inLanguage\":\"fr-FR\",\"potentialAction\":[{\"@type\":\"ReadAction\",\"target\":[\"https:\/\/www.capl-acpd.org\/fr\/prix\/prix-de-la-bourse-de-lacpd\/\"]}]},{\"@type\":\"BreadcrumbList\",\"@id\":\"https:\/\/www.capl-acpd.org\/fr\/prix\/prix-de-la-bourse-de-lacpd\/#breadcrumb\",\"itemListElement\":[{\"@type\":\"ListItem\",\"position\":1,\"name\":\"Home\",\"item\":\"https:\/\/www.capl-acpd.org\/fr\/\"},{\"@type\":\"ListItem\",\"position\":2,\"name\":\"Prix\",\"item\":\"https:\/\/www.capl-acpd.org\/fr\/prix\/\"},{\"@type\":\"ListItem\",\"position\":3,\"name\":\"Prix De La Bourse De L\u2019ACPD\"}]},{\"@type\":\"WebSite\",\"@id\":\"https:\/\/www.capl-acpd.org\/#website\",\"url\":\"https:\/\/www.capl-acpd.org\/\",\"name\":\"Canadian Academy of Psychiatry and the Law (CAPL)\",\"description\":\"Canadian Academy of Psychiatry and the Law (CAPL)\",\"potentialAction\":[{\"@type\":\"SearchAction\",\"target\":{\"@type\":\"EntryPoint\",\"urlTemplate\":\"https:\/\/www.capl-acpd.org\/?s={search_term_string}\"},\"query-input\":{\"@type\":\"PropertyValueSpecification\",\"valueRequired\":true,\"valueName\":\"search_term_string\"}}],\"inLanguage\":\"fr-FR\"}]}<\/script>\n<!-- \/ Yoast SEO plugin. -->","yoast_head_json":{"title":"Prix De La Bourse De L\u2019ACPD - Canadian Academy of Psychiatry and the Law (CAPL)","robots":{"index":"index","follow":"follow","max-snippet":"max-snippet:-1","max-image-preview":"max-image-preview:large","max-video-preview":"max-video-preview:-1"},"canonical":"https:\/\/www.capl-acpd.org\/fr\/prix\/prix-de-la-bourse-de-lacpd\/","og_locale":"fr_FR","og_type":"article","og_title":"Prix De La Bourse De L\u2019ACPD - Canadian Academy of Psychiatry and the Law (CAPL)","og_description":"L\u2019Acad\u00e9mie canadienne de psychiatrie et droit (ACPD) est ravie d\u2019annoncer [...]","og_url":"https:\/\/www.capl-acpd.org\/fr\/prix\/prix-de-la-bourse-de-lacpd\/","og_site_name":"Canadian Academy of Psychiatry and the Law (CAPL)","article_modified_time":"2025-09-30T13:18:34+00:00","twitter_card":"summary_large_image","twitter_misc":{"Dur\u00e9e de lecture estim\u00e9e":"2 minutes"},"schema":{"@context":"https:\/\/schema.org","@graph":[{"@type":"WebPage","@id":"https:\/\/www.capl-acpd.org\/fr\/prix\/prix-de-la-bourse-de-lacpd\/","url":"https:\/\/www.capl-acpd.org\/fr\/prix\/prix-de-la-bourse-de-lacpd\/","name":"Prix De La Bourse De L\u2019ACPD - Canadian Academy of Psychiatry and the Law (CAPL)","isPartOf":{"@id":"https:\/\/www.capl-acpd.org\/#website"},"datePublished":"2018-05-24T14:25:54+00:00","dateModified":"2025-09-30T13:18:34+00:00","breadcrumb":{"@id":"https:\/\/www.capl-acpd.org\/fr\/prix\/prix-de-la-bourse-de-lacpd\/#breadcrumb"},"inLanguage":"fr-FR","potentialAction":[{"@type":"ReadAction","target":["https:\/\/www.capl-acpd.org\/fr\/prix\/prix-de-la-bourse-de-lacpd\/"]}]},{"@type":"BreadcrumbList","@id":"https:\/\/www.capl-acpd.org\/fr\/prix\/prix-de-la-bourse-de-lacpd\/#breadcrumb","itemListElement":[{"@type":"ListItem","position":1,"name":"Home","item":"https:\/\/www.capl-acpd.org\/fr\/"},{"@type":"ListItem","position":2,"name":"Prix","item":"https:\/\/www.capl-acpd.org\/fr\/prix\/"},{"@type":"ListItem","position":3,"name":"Prix De La Bourse De L\u2019ACPD"}]},{"@type":"WebSite","@id":"https:\/\/www.capl-acpd.org\/#website","url":"https:\/\/www.capl-acpd.org\/","name":"Canadian Academy of Psychiatry and the Law (CAPL)","description":"Canadian Academy of Psychiatry and the Law (CAPL)","potentialAction":[{"@type":"SearchAction","target":{"@type":"EntryPoint","urlTemplate":"https:\/\/www.capl-acpd.org\/?s={search_term_string}"},"query-input":{"@type":"PropertyValueSpecification","valueRequired":true,"valueName":"search_term_string"}}],"inLanguage":"fr-FR"}]}},"_links":{"self":[{"href":"https:\/\/www.capl-acpd.org\/fr\/wp-json\/wp\/v2\/pages\/842","targetHints":{"allow":["GET"]}}],"collection":[{"href":"https:\/\/www.capl-acpd.org\/fr\/wp-json\/wp\/v2\/pages"}],"about":[{"href":"https:\/\/www.capl-acpd.org\/fr\/wp-json\/wp\/v2\/types\/page"}],"author":[{"embeddable":true,"href":"https:\/\/www.capl-acpd.org\/fr\/wp-json\/wp\/v2\/users\/1"}],"replies":[{"embeddable":true,"href":"https:\/\/www.capl-acpd.org\/fr\/wp-json\/wp\/v2\/comments?post=842"}],"version-history":[{"count":6,"href":"https:\/\/www.capl-acpd.org\/fr\/wp-json\/wp\/v2\/pages\/842\/revisions"}],"predecessor-version":[{"id":2386,"href":"https:\/\/www.capl-acpd.org\/fr\/wp-json\/wp\/v2\/pages\/842\/revisions\/2386"}],"up":[{"embeddable":true,"href":"https:\/\/www.capl-acpd.org\/fr\/wp-json\/wp\/v2\/pages\/421"}],"wp:attachment":[{"href":"https:\/\/www.capl-acpd.org\/fr\/wp-json\/wp\/v2\/media?parent=842"}],"curies":[{"name":"wp","href":"https:\/\/api.w.org\/{rel}","templated":true}]}}