{"id":833,"date":"2018-05-24T10:08:39","date_gmt":"2018-05-24T14:08:39","guid":{"rendered":"http:\/\/www.capl-acpd.org\/prix\/bruno-cormier-award\/"},"modified":"2025-01-13T15:35:54","modified_gmt":"2025-01-13T20:35:54","slug":"prix-bruno-cormier","status":"publish","type":"page","link":"https:\/\/www.capl-acpd.org\/fr\/prix\/prix-bruno-cormier\/","title":{"rendered":"Prix Bruno Cormier"},"content":{"rendered":"<p>Le Dr Bruno Cormier a \u00e9t\u00e9 un pionnier qui a institu\u00e9 la psychiatrie l\u00e9gale au Canada. Le prix Bruno Cormier est attribu\u00e9 \u00e0 un psychiatre \u00e9m\u00e9rite qui, selon l\u2019estimation de ses pairs, a contribu\u00e9 de fa\u00e7on distinctive \u00e0 la psychiatrie l\u00e9gale au Canada.<\/p>\n<p>Le prix est d\u00e9cern\u00e9 \u00e0 la discr\u00e9tion du conseil d\u2019administration de l\u2019ACPD, par le pr\u00e9sident de l\u2019ACPD. <\/p>\n<p><strong>Mises en candidature<\/strong> : Tout membre ou affili\u00e9 en r\u00e8gle de l\u2019ACPD peut soumettre une candidature au pr\u00e9sident actuel de l\u2019ACPD. <a href=\"http:\/\/www.capl-acpd.org\/fr\/le-prix-bruno-cormier-formulaire-de-soumission\/\"><u>Les mises en candidature doivent \u00eatre soumis en ligne<\/u><\/a> au plus tard le 10 f\u00e9vrier 2025, et un CV r\u00e9cent du candidat doit \u00eatre inclus. <\/p>\n<p><strong>Questions<\/strong> : Pour toute question, communiquez avec l\u2019Acad\u00e9mie \u00e0 l\u2019adresse <a href=\"mailto:capl@cpa-apc.org\">capl@cpa-apc.org<\/a>. Les mises en candidature envoy\u00e9es par courriel, par t\u00e9l\u00e9copieur ou par la poste ne seront pas accept\u00e9es.<\/p>\n","protected":false},"excerpt":{"rendered":"<p>Le Dr Bruno Cormier a \u00e9t\u00e9 un pionnier qui a  [&#8230;]<\/p>\n","protected":false},"author":1,"featured_media":0,"parent":421,"menu_order":0,"comment_status":"closed","ping_status":"closed","template":"","meta":{"footnotes":""},"class_list":["post-833","page","type-page","status-publish","hentry"],"yoast_head":"<!-- This site is optimized with the Yoast SEO plugin v27.2 - https:\/\/yoast.com\/product\/yoast-seo-wordpress\/ -->\n<title>Prix Bruno Cormier - Canadian Academy of Psychiatry and the Law (CAPL)<\/title>\n<meta name=\"robots\" content=\"index, follow, max-snippet:-1, max-image-preview:large, max-video-preview:-1\" \/>\n<link rel=\"canonical\" href=\"https:\/\/www.capl-acpd.org\/fr\/prix\/prix-bruno-cormier\/\" \/>\n<meta property=\"og:locale\" content=\"fr_FR\" \/>\n<meta property=\"og:type\" content=\"article\" \/>\n<meta property=\"og:title\" content=\"Prix Bruno Cormier - Canadian Academy of Psychiatry and the Law (CAPL)\" \/>\n<meta property=\"og:description\" content=\"Le Dr Bruno Cormier a \u00e9t\u00e9 un pionnier qui a [...]\" \/>\n<meta property=\"og:url\" content=\"https:\/\/www.capl-acpd.org\/fr\/prix\/prix-bruno-cormier\/\" \/>\n<meta property=\"og:site_name\" content=\"Canadian Academy of Psychiatry and the Law (CAPL)\" \/>\n<meta property=\"article:modified_time\" content=\"2025-01-13T20:35:54+00:00\" \/>\n<meta name=\"twitter:card\" content=\"summary_large_image\" \/>\n<meta name=\"twitter:label1\" content=\"Dur\u00e9e de lecture estim\u00e9e\" \/>\n\t<meta name=\"twitter:data1\" content=\"1 minute\" \/>\n<script type=\"application\/ld+json\" class=\"yoast-schema-graph\">{\"@context\":\"https:\/\/schema.org\",\"@graph\":[{\"@type\":\"WebPage\",\"@id\":\"https:\/\/www.capl-acpd.org\/fr\/prix\/prix-bruno-cormier\/\",\"url\":\"https:\/\/www.capl-acpd.org\/fr\/prix\/prix-bruno-cormier\/\",\"name\":\"Prix Bruno Cormier - Canadian Academy of Psychiatry and the Law (CAPL)\",\"isPartOf\":{\"@id\":\"https:\/\/www.capl-acpd.org\/#website\"},\"datePublished\":\"2018-05-24T14:08:39+00:00\",\"dateModified\":\"2025-01-13T20:35:54+00:00\",\"breadcrumb\":{\"@id\":\"https:\/\/www.capl-acpd.org\/fr\/prix\/prix-bruno-cormier\/#breadcrumb\"},\"inLanguage\":\"fr-FR\",\"potentialAction\":[{\"@type\":\"ReadAction\",\"target\":[\"https:\/\/www.capl-acpd.org\/fr\/prix\/prix-bruno-cormier\/\"]}]},{\"@type\":\"BreadcrumbList\",\"@id\":\"https:\/\/www.capl-acpd.org\/fr\/prix\/prix-bruno-cormier\/#breadcrumb\",\"itemListElement\":[{\"@type\":\"ListItem\",\"position\":1,\"name\":\"Home\",\"item\":\"https:\/\/www.capl-acpd.org\/fr\/\"},{\"@type\":\"ListItem\",\"position\":2,\"name\":\"Prix\",\"item\":\"https:\/\/www.capl-acpd.org\/fr\/prix\/\"},{\"@type\":\"ListItem\",\"position\":3,\"name\":\"Prix Bruno Cormier\"}]},{\"@type\":\"WebSite\",\"@id\":\"https:\/\/www.capl-acpd.org\/#website\",\"url\":\"https:\/\/www.capl-acpd.org\/\",\"name\":\"Canadian Academy of Psychiatry and the Law (CAPL)\",\"description\":\"Canadian Academy of Psychiatry and the Law (CAPL)\",\"potentialAction\":[{\"@type\":\"SearchAction\",\"target\":{\"@type\":\"EntryPoint\",\"urlTemplate\":\"https:\/\/www.capl-acpd.org\/?s={search_term_string}\"},\"query-input\":{\"@type\":\"PropertyValueSpecification\",\"valueRequired\":true,\"valueName\":\"search_term_string\"}}],\"inLanguage\":\"fr-FR\"}]}<\/script>\n<!-- \/ Yoast SEO plugin. -->","yoast_head_json":{"title":"Prix Bruno Cormier - Canadian Academy of Psychiatry and the Law (CAPL)","robots":{"index":"index","follow":"follow","max-snippet":"max-snippet:-1","max-image-preview":"max-image-preview:large","max-video-preview":"max-video-preview:-1"},"canonical":"https:\/\/www.capl-acpd.org\/fr\/prix\/prix-bruno-cormier\/","og_locale":"fr_FR","og_type":"article","og_title":"Prix Bruno Cormier - Canadian Academy of Psychiatry and the Law (CAPL)","og_description":"Le Dr Bruno Cormier a \u00e9t\u00e9 un pionnier qui a [...]","og_url":"https:\/\/www.capl-acpd.org\/fr\/prix\/prix-bruno-cormier\/","og_site_name":"Canadian Academy of Psychiatry and the Law (CAPL)","article_modified_time":"2025-01-13T20:35:54+00:00","twitter_card":"summary_large_image","twitter_misc":{"Dur\u00e9e de lecture estim\u00e9e":"1 minute"},"schema":{"@context":"https:\/\/schema.org","@graph":[{"@type":"WebPage","@id":"https:\/\/www.capl-acpd.org\/fr\/prix\/prix-bruno-cormier\/","url":"https:\/\/www.capl-acpd.org\/fr\/prix\/prix-bruno-cormier\/","name":"Prix Bruno Cormier - Canadian Academy of Psychiatry and the Law (CAPL)","isPartOf":{"@id":"https:\/\/www.capl-acpd.org\/#website"},"datePublished":"2018-05-24T14:08:39+00:00","dateModified":"2025-01-13T20:35:54+00:00","breadcrumb":{"@id":"https:\/\/www.capl-acpd.org\/fr\/prix\/prix-bruno-cormier\/#breadcrumb"},"inLanguage":"fr-FR","potentialAction":[{"@type":"ReadAction","target":["https:\/\/www.capl-acpd.org\/fr\/prix\/prix-bruno-cormier\/"]}]},{"@type":"BreadcrumbList","@id":"https:\/\/www.capl-acpd.org\/fr\/prix\/prix-bruno-cormier\/#breadcrumb","itemListElement":[{"@type":"ListItem","position":1,"name":"Home","item":"https:\/\/www.capl-acpd.org\/fr\/"},{"@type":"ListItem","position":2,"name":"Prix","item":"https:\/\/www.capl-acpd.org\/fr\/prix\/"},{"@type":"ListItem","position":3,"name":"Prix Bruno Cormier"}]},{"@type":"WebSite","@id":"https:\/\/www.capl-acpd.org\/#website","url":"https:\/\/www.capl-acpd.org\/","name":"Canadian Academy of Psychiatry and the Law (CAPL)","description":"Canadian Academy of Psychiatry and the Law (CAPL)","potentialAction":[{"@type":"SearchAction","target":{"@type":"EntryPoint","urlTemplate":"https:\/\/www.capl-acpd.org\/?s={search_term_string}"},"query-input":{"@type":"PropertyValueSpecification","valueRequired":true,"valueName":"search_term_string"}}],"inLanguage":"fr-FR"}]}},"_links":{"self":[{"href":"https:\/\/www.capl-acpd.org\/fr\/wp-json\/wp\/v2\/pages\/833","targetHints":{"allow":["GET"]}}],"collection":[{"href":"https:\/\/www.capl-acpd.org\/fr\/wp-json\/wp\/v2\/pages"}],"about":[{"href":"https:\/\/www.capl-acpd.org\/fr\/wp-json\/wp\/v2\/types\/page"}],"author":[{"embeddable":true,"href":"https:\/\/www.capl-acpd.org\/fr\/wp-json\/wp\/v2\/users\/1"}],"replies":[{"embeddable":true,"href":"https:\/\/www.capl-acpd.org\/fr\/wp-json\/wp\/v2\/comments?post=833"}],"version-history":[{"count":5,"href":"https:\/\/www.capl-acpd.org\/fr\/wp-json\/wp\/v2\/pages\/833\/revisions"}],"predecessor-version":[{"id":2246,"href":"https:\/\/www.capl-acpd.org\/fr\/wp-json\/wp\/v2\/pages\/833\/revisions\/2246"}],"up":[{"embeddable":true,"href":"https:\/\/www.capl-acpd.org\/fr\/wp-json\/wp\/v2\/pages\/421"}],"wp:attachment":[{"href":"https:\/\/www.capl-acpd.org\/fr\/wp-json\/wp\/v2\/media?parent=833"}],"curies":[{"name":"wp","href":"https:\/\/api.w.org\/{rel}","templated":true}]}}