{"id":421,"date":"2014-02-11T11:19:30","date_gmt":"2014-02-11T16:19:30","guid":{"rendered":"http:\/\/www.capl-acpd.org\/awards-2\/"},"modified":"2018-11-29T15:08:09","modified_gmt":"2018-11-29T20:08:09","slug":"prix","status":"publish","type":"page","link":"https:\/\/www.capl-acpd.org\/fr\/prix\/","title":{"rendered":"Prix"},"content":{"rendered":"<p><strong>Prix Bruno Cormier<\/strong><\/p>\n<p>Le Dr Bruno Cormier a \u00e9t\u00e9 un pionnier qui a institu\u00e9 la psychiatrie l\u00e9gale au Canada. Le prix Bruno Cormier est attribu\u00e9 \u00e0 un psychiatre \u00e9m\u00e9rite qui, selon l\u2019estimation de ses pairs, a contribu\u00e9 de fa\u00e7on distinctive \u00e0 la psychiatrie l\u00e9gale au Canada.<\/p>\n<p>Le prix est d\u00e9cern\u00e9 \u00e0 la discr\u00e9tion du conseil d\u2019administration de l\u2019ACPD, par le pr\u00e9sident de l\u2019ACPD. <\/p>\n<p><a href=\"http:\/\/www.capl-acpd.org\/fr\/prix\/prix-bruno-cormier\/\">Renseignements<\/a><\/p>\n<p><strong>Prix de la bourse de l\u2019ACPD<\/strong><\/p>\n<p>L\u2019Acad\u00e9mie canadienne de psychiatrie et droit (ACPD) est ravie d\u2019annoncer le concours annuel de la bourse de l\u2019ACPD pour les r\u00e9sidents. Les r\u00e9cipiendaires de la bourse de l\u2019ACPD feront une pr\u00e9sentation sur un sujet d\u2019actualit\u00e9 important du domaine de la psychiatrie l\u00e9gale, et les d\u00e9penses engag\u00e9es pour le congr\u00e8s annuel (y compris le voyage, l\u2019h\u00e9bergement et les droits d\u2019inscription au congr\u00e8s) leur seront rembours\u00e9es. <\/p>\n<p><a href=\"http:\/\/www.capl-acpd.org\/fr\/prix\/prix-de-la-bourse-de-lacpd\/\">Renseignements<\/a><\/p>\n","protected":false},"excerpt":{"rendered":"<p>Prix Bruno Cormier Le Dr Bruno Cormier a \u00e9t\u00e9 un  [&#8230;]<\/p>\n","protected":false},"author":1,"featured_media":0,"parent":0,"menu_order":0,"comment_status":"open","ping_status":"open","template":"","meta":{"footnotes":""},"class_list":["post-421","page","type-page","status-publish","hentry"],"yoast_head":"<!-- This site is optimized with the Yoast SEO plugin v27.2 - https:\/\/yoast.com\/product\/yoast-seo-wordpress\/ -->\n<title>Prix - Canadian Academy of Psychiatry and the Law (CAPL)<\/title>\n<meta name=\"robots\" content=\"index, follow, max-snippet:-1, max-image-preview:large, max-video-preview:-1\" \/>\n<link rel=\"canonical\" href=\"https:\/\/www.capl-acpd.org\/fr\/prix\/\" \/>\n<meta property=\"og:locale\" content=\"fr_FR\" \/>\n<meta property=\"og:type\" content=\"article\" \/>\n<meta property=\"og:title\" content=\"Prix - Canadian Academy of Psychiatry and the Law (CAPL)\" \/>\n<meta property=\"og:description\" content=\"Prix Bruno Cormier Le Dr Bruno Cormier a \u00e9t\u00e9 un [...]\" \/>\n<meta property=\"og:url\" content=\"https:\/\/www.capl-acpd.org\/fr\/prix\/\" \/>\n<meta property=\"og:site_name\" content=\"Canadian Academy of Psychiatry and the Law (CAPL)\" \/>\n<meta property=\"article:modified_time\" content=\"2018-11-29T20:08:09+00:00\" \/>\n<meta name=\"twitter:card\" content=\"summary_large_image\" \/>\n<meta name=\"twitter:label1\" content=\"Dur\u00e9e de lecture estim\u00e9e\" \/>\n\t<meta name=\"twitter:data1\" content=\"1 minute\" \/>\n<script type=\"application\/ld+json\" class=\"yoast-schema-graph\">{\"@context\":\"https:\/\/schema.org\",\"@graph\":[{\"@type\":\"WebPage\",\"@id\":\"https:\/\/www.capl-acpd.org\/fr\/prix\/\",\"url\":\"https:\/\/www.capl-acpd.org\/fr\/prix\/\",\"name\":\"Prix - Canadian Academy of Psychiatry and the Law (CAPL)\",\"isPartOf\":{\"@id\":\"https:\/\/www.capl-acpd.org\/#website\"},\"datePublished\":\"2014-02-11T16:19:30+00:00\",\"dateModified\":\"2018-11-29T20:08:09+00:00\",\"breadcrumb\":{\"@id\":\"https:\/\/www.capl-acpd.org\/fr\/prix\/#breadcrumb\"},\"inLanguage\":\"fr-FR\",\"potentialAction\":[{\"@type\":\"ReadAction\",\"target\":[\"https:\/\/www.capl-acpd.org\/fr\/prix\/\"]}]},{\"@type\":\"BreadcrumbList\",\"@id\":\"https:\/\/www.capl-acpd.org\/fr\/prix\/#breadcrumb\",\"itemListElement\":[{\"@type\":\"ListItem\",\"position\":1,\"name\":\"Home\",\"item\":\"https:\/\/www.capl-acpd.org\/fr\/\"},{\"@type\":\"ListItem\",\"position\":2,\"name\":\"Prix\"}]},{\"@type\":\"WebSite\",\"@id\":\"https:\/\/www.capl-acpd.org\/#website\",\"url\":\"https:\/\/www.capl-acpd.org\/\",\"name\":\"Canadian Academy of Psychiatry and the Law (CAPL)\",\"description\":\"Canadian Academy of Psychiatry and the Law (CAPL)\",\"potentialAction\":[{\"@type\":\"SearchAction\",\"target\":{\"@type\":\"EntryPoint\",\"urlTemplate\":\"https:\/\/www.capl-acpd.org\/?s={search_term_string}\"},\"query-input\":{\"@type\":\"PropertyValueSpecification\",\"valueRequired\":true,\"valueName\":\"search_term_string\"}}],\"inLanguage\":\"fr-FR\"}]}<\/script>\n<!-- \/ Yoast SEO plugin. -->","yoast_head_json":{"title":"Prix - Canadian Academy of Psychiatry and the Law (CAPL)","robots":{"index":"index","follow":"follow","max-snippet":"max-snippet:-1","max-image-preview":"max-image-preview:large","max-video-preview":"max-video-preview:-1"},"canonical":"https:\/\/www.capl-acpd.org\/fr\/prix\/","og_locale":"fr_FR","og_type":"article","og_title":"Prix - Canadian Academy of Psychiatry and the Law (CAPL)","og_description":"Prix Bruno Cormier Le Dr Bruno Cormier a \u00e9t\u00e9 un [...]","og_url":"https:\/\/www.capl-acpd.org\/fr\/prix\/","og_site_name":"Canadian Academy of Psychiatry and the Law (CAPL)","article_modified_time":"2018-11-29T20:08:09+00:00","twitter_card":"summary_large_image","twitter_misc":{"Dur\u00e9e de lecture estim\u00e9e":"1 minute"},"schema":{"@context":"https:\/\/schema.org","@graph":[{"@type":"WebPage","@id":"https:\/\/www.capl-acpd.org\/fr\/prix\/","url":"https:\/\/www.capl-acpd.org\/fr\/prix\/","name":"Prix - Canadian Academy of Psychiatry and the Law (CAPL)","isPartOf":{"@id":"https:\/\/www.capl-acpd.org\/#website"},"datePublished":"2014-02-11T16:19:30+00:00","dateModified":"2018-11-29T20:08:09+00:00","breadcrumb":{"@id":"https:\/\/www.capl-acpd.org\/fr\/prix\/#breadcrumb"},"inLanguage":"fr-FR","potentialAction":[{"@type":"ReadAction","target":["https:\/\/www.capl-acpd.org\/fr\/prix\/"]}]},{"@type":"BreadcrumbList","@id":"https:\/\/www.capl-acpd.org\/fr\/prix\/#breadcrumb","itemListElement":[{"@type":"ListItem","position":1,"name":"Home","item":"https:\/\/www.capl-acpd.org\/fr\/"},{"@type":"ListItem","position":2,"name":"Prix"}]},{"@type":"WebSite","@id":"https:\/\/www.capl-acpd.org\/#website","url":"https:\/\/www.capl-acpd.org\/","name":"Canadian Academy of Psychiatry and the Law (CAPL)","description":"Canadian Academy of Psychiatry and the Law (CAPL)","potentialAction":[{"@type":"SearchAction","target":{"@type":"EntryPoint","urlTemplate":"https:\/\/www.capl-acpd.org\/?s={search_term_string}"},"query-input":{"@type":"PropertyValueSpecification","valueRequired":true,"valueName":"search_term_string"}}],"inLanguage":"fr-FR"}]}},"_links":{"self":[{"href":"https:\/\/www.capl-acpd.org\/fr\/wp-json\/wp\/v2\/pages\/421","targetHints":{"allow":["GET"]}}],"collection":[{"href":"https:\/\/www.capl-acpd.org\/fr\/wp-json\/wp\/v2\/pages"}],"about":[{"href":"https:\/\/www.capl-acpd.org\/fr\/wp-json\/wp\/v2\/types\/page"}],"author":[{"embeddable":true,"href":"https:\/\/www.capl-acpd.org\/fr\/wp-json\/wp\/v2\/users\/1"}],"replies":[{"embeddable":true,"href":"https:\/\/www.capl-acpd.org\/fr\/wp-json\/wp\/v2\/comments?post=421"}],"version-history":[{"count":0,"href":"https:\/\/www.capl-acpd.org\/fr\/wp-json\/wp\/v2\/pages\/421\/revisions"}],"wp:attachment":[{"href":"https:\/\/www.capl-acpd.org\/fr\/wp-json\/wp\/v2\/media?parent=421"}],"curies":[{"name":"wp","href":"https:\/\/api.w.org\/{rel}","templated":true}]}}