{"id":408,"date":"2014-02-11T14:35:06","date_gmt":"2014-02-11T19:35:06","guid":{"rendered":"http:\/\/www.capl-acpd.org\/resources-2\/"},"modified":"2018-11-30T09:53:02","modified_gmt":"2018-11-30T14:53:02","slug":"ressources","status":"publish","type":"page","link":"https:\/\/www.capl-acpd.org\/fr\/ressources\/","title":{"rendered":"Ressources"},"content":{"rendered":"<p>Les ressources suivantes sont offertes afin d\u2019en faciliter l\u2019utilisation aux membres et affili\u00e9s de l\u2019ACPD, et \u00e0 ceux qui s\u2019int\u00e9ressent \u00e0 la psychiatrie et au droit.<\/p>\n<p><a title=\"Le Cour supr\u00eame du Canada\" href=\"http:\/\/www.scc-csc.gc.ca\/\" target=\"_blank\">Le Cour supr\u00eame du Canada<\/a><\/p>\n<p><a title=\"L'Institut canadien d'information juridique\" href=\"http:\/\/www.canlii.org\/fr\/index.html\" target=\"_blank\">L&rsquo;Institut canadien d&rsquo;information juridique (CanLII)<\/a><\/p>\n<p><a title=\"Code criminel\" href=\"https:\/\/laws-lois.justice.gc.ca\/fra\/lois\/c-46\/\" target=\"_blank\">Code criminel<\/a><\/p>\n<p><a title=\"D\u00e9linquants dangereux et d\u00e9linquants \u00e0 contr\u00f4ler\" href=\"https:\/\/laws-lois.justice.gc.ca\/fra\/lois\/c-46\/page-199.html#h-279\" target=\"_blank\">D\u00e9linquants dangereux et d\u00e9linquants \u00e0 contr\u00f4ler<\/a><\/p>\n<p><a title=\"Organisations psychiatriques internationales\" href=\"http:\/\/www.capl-acpd.org\/fr\/organisations-psychiatriques-internationales\/\">Organisations psychiatriques internationales<\/a><\/p>\n<p><a title=\"Organisations psychiatriques canadiennes\" href=\"http:\/\/www.capl-acpd.org\/fr\/organisations-psychiatriques-canadiennes\/\">Organisations psychiatriques canadiennes<\/a><\/p>\n<p><a title=\"Congr\u00e8s de psychiatrie l\u00e9gale\" href=\"http:\/\/www.capl-acpd.org\/fr\/congres-de-psychiatrie-legale\/\">Congr\u00e8s de psychiatrie l\u00e9gale<\/a><\/p>\n","protected":false},"excerpt":{"rendered":"<p>Les ressources suivantes sont offertes afin d\u2019en faciliter l\u2019utilisation aux  [&#8230;]<\/p>\n","protected":false},"author":1,"featured_media":0,"parent":0,"menu_order":0,"comment_status":"open","ping_status":"open","template":"","meta":{"footnotes":""},"class_list":["post-408","page","type-page","status-publish","hentry"],"yoast_head":"<!-- This site is optimized with the Yoast SEO plugin v27.2 - https:\/\/yoast.com\/product\/yoast-seo-wordpress\/ -->\n<title>Ressources - Canadian Academy of Psychiatry and the Law (CAPL)<\/title>\n<meta name=\"robots\" content=\"index, follow, max-snippet:-1, max-image-preview:large, max-video-preview:-1\" \/>\n<link rel=\"canonical\" href=\"https:\/\/www.capl-acpd.org\/fr\/ressources\/\" \/>\n<meta property=\"og:locale\" content=\"fr_FR\" \/>\n<meta property=\"og:type\" content=\"article\" \/>\n<meta property=\"og:title\" content=\"Ressources - Canadian Academy of Psychiatry and the Law (CAPL)\" \/>\n<meta property=\"og:description\" content=\"Les ressources suivantes sont offertes afin d\u2019en faciliter l\u2019utilisation aux [...]\" \/>\n<meta property=\"og:url\" content=\"https:\/\/www.capl-acpd.org\/fr\/ressources\/\" \/>\n<meta property=\"og:site_name\" content=\"Canadian Academy of Psychiatry and the Law (CAPL)\" \/>\n<meta property=\"article:modified_time\" content=\"2018-11-30T14:53:02+00:00\" \/>\n<meta name=\"twitter:card\" content=\"summary_large_image\" \/>\n<script type=\"application\/ld+json\" class=\"yoast-schema-graph\">{\"@context\":\"https:\/\/schema.org\",\"@graph\":[{\"@type\":\"WebPage\",\"@id\":\"https:\/\/www.capl-acpd.org\/fr\/ressources\/\",\"url\":\"https:\/\/www.capl-acpd.org\/fr\/ressources\/\",\"name\":\"Ressources - Canadian Academy of Psychiatry and the Law (CAPL)\",\"isPartOf\":{\"@id\":\"https:\/\/www.capl-acpd.org\/#website\"},\"datePublished\":\"2014-02-11T19:35:06+00:00\",\"dateModified\":\"2018-11-30T14:53:02+00:00\",\"breadcrumb\":{\"@id\":\"https:\/\/www.capl-acpd.org\/fr\/ressources\/#breadcrumb\"},\"inLanguage\":\"fr-FR\",\"potentialAction\":[{\"@type\":\"ReadAction\",\"target\":[\"https:\/\/www.capl-acpd.org\/fr\/ressources\/\"]}]},{\"@type\":\"BreadcrumbList\",\"@id\":\"https:\/\/www.capl-acpd.org\/fr\/ressources\/#breadcrumb\",\"itemListElement\":[{\"@type\":\"ListItem\",\"position\":1,\"name\":\"Home\",\"item\":\"https:\/\/www.capl-acpd.org\/fr\/\"},{\"@type\":\"ListItem\",\"position\":2,\"name\":\"Ressources\"}]},{\"@type\":\"WebSite\",\"@id\":\"https:\/\/www.capl-acpd.org\/#website\",\"url\":\"https:\/\/www.capl-acpd.org\/\",\"name\":\"Canadian Academy of Psychiatry and the Law (CAPL)\",\"description\":\"Canadian Academy of Psychiatry and the Law (CAPL)\",\"potentialAction\":[{\"@type\":\"SearchAction\",\"target\":{\"@type\":\"EntryPoint\",\"urlTemplate\":\"https:\/\/www.capl-acpd.org\/?s={search_term_string}\"},\"query-input\":{\"@type\":\"PropertyValueSpecification\",\"valueRequired\":true,\"valueName\":\"search_term_string\"}}],\"inLanguage\":\"fr-FR\"}]}<\/script>\n<!-- \/ Yoast SEO plugin. -->","yoast_head_json":{"title":"Ressources - Canadian Academy of Psychiatry and the Law (CAPL)","robots":{"index":"index","follow":"follow","max-snippet":"max-snippet:-1","max-image-preview":"max-image-preview:large","max-video-preview":"max-video-preview:-1"},"canonical":"https:\/\/www.capl-acpd.org\/fr\/ressources\/","og_locale":"fr_FR","og_type":"article","og_title":"Ressources - Canadian Academy of Psychiatry and the Law (CAPL)","og_description":"Les ressources suivantes sont offertes afin d\u2019en faciliter l\u2019utilisation aux [...]","og_url":"https:\/\/www.capl-acpd.org\/fr\/ressources\/","og_site_name":"Canadian Academy of Psychiatry and the Law (CAPL)","article_modified_time":"2018-11-30T14:53:02+00:00","twitter_card":"summary_large_image","schema":{"@context":"https:\/\/schema.org","@graph":[{"@type":"WebPage","@id":"https:\/\/www.capl-acpd.org\/fr\/ressources\/","url":"https:\/\/www.capl-acpd.org\/fr\/ressources\/","name":"Ressources - Canadian Academy of Psychiatry and the Law (CAPL)","isPartOf":{"@id":"https:\/\/www.capl-acpd.org\/#website"},"datePublished":"2014-02-11T19:35:06+00:00","dateModified":"2018-11-30T14:53:02+00:00","breadcrumb":{"@id":"https:\/\/www.capl-acpd.org\/fr\/ressources\/#breadcrumb"},"inLanguage":"fr-FR","potentialAction":[{"@type":"ReadAction","target":["https:\/\/www.capl-acpd.org\/fr\/ressources\/"]}]},{"@type":"BreadcrumbList","@id":"https:\/\/www.capl-acpd.org\/fr\/ressources\/#breadcrumb","itemListElement":[{"@type":"ListItem","position":1,"name":"Home","item":"https:\/\/www.capl-acpd.org\/fr\/"},{"@type":"ListItem","position":2,"name":"Ressources"}]},{"@type":"WebSite","@id":"https:\/\/www.capl-acpd.org\/#website","url":"https:\/\/www.capl-acpd.org\/","name":"Canadian Academy of Psychiatry and the Law (CAPL)","description":"Canadian Academy of Psychiatry and the Law (CAPL)","potentialAction":[{"@type":"SearchAction","target":{"@type":"EntryPoint","urlTemplate":"https:\/\/www.capl-acpd.org\/?s={search_term_string}"},"query-input":{"@type":"PropertyValueSpecification","valueRequired":true,"valueName":"search_term_string"}}],"inLanguage":"fr-FR"}]}},"_links":{"self":[{"href":"https:\/\/www.capl-acpd.org\/fr\/wp-json\/wp\/v2\/pages\/408","targetHints":{"allow":["GET"]}}],"collection":[{"href":"https:\/\/www.capl-acpd.org\/fr\/wp-json\/wp\/v2\/pages"}],"about":[{"href":"https:\/\/www.capl-acpd.org\/fr\/wp-json\/wp\/v2\/types\/page"}],"author":[{"embeddable":true,"href":"https:\/\/www.capl-acpd.org\/fr\/wp-json\/wp\/v2\/users\/1"}],"replies":[{"embeddable":true,"href":"https:\/\/www.capl-acpd.org\/fr\/wp-json\/wp\/v2\/comments?post=408"}],"version-history":[{"count":0,"href":"https:\/\/www.capl-acpd.org\/fr\/wp-json\/wp\/v2\/pages\/408\/revisions"}],"wp:attachment":[{"href":"https:\/\/www.capl-acpd.org\/fr\/wp-json\/wp\/v2\/media?parent=408"}],"curies":[{"name":"wp","href":"https:\/\/api.w.org\/{rel}","templated":true}]}}