{"id":398,"date":"2014-02-11T13:28:31","date_gmt":"2014-02-11T18:28:31","guid":{"rendered":"http:\/\/www.capl-acpd.org\/capl-conference-2\/"},"modified":"2021-11-16T10:58:46","modified_gmt":"2021-11-16T15:58:46","slug":"congres-de-lacpd","status":"publish","type":"page","link":"https:\/\/www.capl-acpd.org\/fr\/congres-de-lacpd\/","title":{"rendered":"Congr\u00e8s de l\u2019ACPD"},"content":{"rendered":"<p>En tant qu&rsquo;organisation professionnelle concern\u00e9e par l&rsquo;avancement de la science et de la pratique en psychiatrie l\u00e9gale, l&rsquo;ACPD a mis sur pied un congr\u00e8s annuel dans le but de promouvoir les normes de pratique et de poursuivre le d\u00e9veloppement professionnel continu en psychiatrie l\u00e9gale. Le congr\u00e8s annuel de l&rsquo;ACPD est une tradition depuis 1995. Tenu \u00e0 chaque ann\u00e9e au printemps, le programme principal se d\u00e9roule habituellement sur 4 jours avec le programme principal ainsi que des s\u00e9minaires pr\u00e9-conf\u00e9rence. Depuis 2015, des s\u00e9minaires pr\u00e9-conf\u00e9rence ont \u00e9t\u00e9 d\u00e9velopp\u00e9s afin de r\u00e9pondre au besoin des membres.<\/p>\n","protected":false},"excerpt":{"rendered":"<p>En tant qu&rsquo;organisation professionnelle concern\u00e9e par l&rsquo;avancement de la science  [&#8230;]<\/p>\n","protected":false},"author":1,"featured_media":0,"parent":0,"menu_order":0,"comment_status":"open","ping_status":"open","template":"","meta":{"footnotes":""},"class_list":["post-398","page","type-page","status-publish","hentry"],"yoast_head":"<!-- This site is optimized with the Yoast SEO plugin v27.4 - https:\/\/yoast.com\/product\/yoast-seo-wordpress\/ -->\n<title>Congr\u00e8s de l\u2019ACPD - Canadian Academy of Psychiatry and the Law (CAPL)<\/title>\n<meta name=\"robots\" content=\"index, follow, max-snippet:-1, max-image-preview:large, max-video-preview:-1\" \/>\n<link rel=\"canonical\" href=\"https:\/\/www.capl-acpd.org\/fr\/congres-de-lacpd\/\" \/>\n<meta property=\"og:locale\" content=\"fr_FR\" \/>\n<meta property=\"og:type\" content=\"article\" \/>\n<meta property=\"og:title\" content=\"Congr\u00e8s de l\u2019ACPD - Canadian Academy of Psychiatry and the Law (CAPL)\" \/>\n<meta property=\"og:description\" content=\"En tant qu&rsquo;organisation professionnelle concern\u00e9e par l&rsquo;avancement de la science [...]\" \/>\n<meta property=\"og:url\" content=\"https:\/\/www.capl-acpd.org\/fr\/congres-de-lacpd\/\" \/>\n<meta property=\"og:site_name\" content=\"Canadian Academy of Psychiatry and the Law (CAPL)\" \/>\n<meta property=\"article:modified_time\" content=\"2021-11-16T15:58:46+00:00\" \/>\n<meta name=\"twitter:card\" content=\"summary_large_image\" \/>\n<meta name=\"twitter:label1\" content=\"Dur\u00e9e de lecture estim\u00e9e\" \/>\n\t<meta name=\"twitter:data1\" content=\"1 minute\" \/>\n<script type=\"application\/ld+json\" class=\"yoast-schema-graph\">{\"@context\":\"https:\\\/\\\/schema.org\",\"@graph\":[{\"@type\":\"WebPage\",\"@id\":\"https:\\\/\\\/www.capl-acpd.org\\\/fr\\\/congres-de-lacpd\\\/\",\"url\":\"https:\\\/\\\/www.capl-acpd.org\\\/fr\\\/congres-de-lacpd\\\/\",\"name\":\"Congr\u00e8s de l\u2019ACPD - Canadian Academy of Psychiatry and the Law (CAPL)\",\"isPartOf\":{\"@id\":\"https:\\\/\\\/www.capl-acpd.org\\\/#website\"},\"datePublished\":\"2014-02-11T18:28:31+00:00\",\"dateModified\":\"2021-11-16T15:58:46+00:00\",\"breadcrumb\":{\"@id\":\"https:\\\/\\\/www.capl-acpd.org\\\/fr\\\/congres-de-lacpd\\\/#breadcrumb\"},\"inLanguage\":\"fr-FR\",\"potentialAction\":[{\"@type\":\"ReadAction\",\"target\":[\"https:\\\/\\\/www.capl-acpd.org\\\/fr\\\/congres-de-lacpd\\\/\"]}]},{\"@type\":\"BreadcrumbList\",\"@id\":\"https:\\\/\\\/www.capl-acpd.org\\\/fr\\\/congres-de-lacpd\\\/#breadcrumb\",\"itemListElement\":[{\"@type\":\"ListItem\",\"position\":1,\"name\":\"Home\",\"item\":\"https:\\\/\\\/www.capl-acpd.org\\\/fr\\\/\"},{\"@type\":\"ListItem\",\"position\":2,\"name\":\"Congr\u00e8s de l\u2019ACPD\"}]},{\"@type\":\"WebSite\",\"@id\":\"https:\\\/\\\/www.capl-acpd.org\\\/#website\",\"url\":\"https:\\\/\\\/www.capl-acpd.org\\\/\",\"name\":\"Canadian Academy of Psychiatry and the Law (CAPL)\",\"description\":\"Canadian Academy of Psychiatry and the Law (CAPL)\",\"potentialAction\":[{\"@type\":\"SearchAction\",\"target\":{\"@type\":\"EntryPoint\",\"urlTemplate\":\"https:\\\/\\\/www.capl-acpd.org\\\/?s={search_term_string}\"},\"query-input\":{\"@type\":\"PropertyValueSpecification\",\"valueRequired\":true,\"valueName\":\"search_term_string\"}}],\"inLanguage\":\"fr-FR\"}]}<\/script>\n<!-- \/ Yoast SEO plugin. -->","yoast_head_json":{"title":"Congr\u00e8s de l\u2019ACPD - Canadian Academy of Psychiatry and the Law (CAPL)","robots":{"index":"index","follow":"follow","max-snippet":"max-snippet:-1","max-image-preview":"max-image-preview:large","max-video-preview":"max-video-preview:-1"},"canonical":"https:\/\/www.capl-acpd.org\/fr\/congres-de-lacpd\/","og_locale":"fr_FR","og_type":"article","og_title":"Congr\u00e8s de l\u2019ACPD - Canadian Academy of Psychiatry and the Law (CAPL)","og_description":"En tant qu&rsquo;organisation professionnelle concern\u00e9e par l&rsquo;avancement de la science [...]","og_url":"https:\/\/www.capl-acpd.org\/fr\/congres-de-lacpd\/","og_site_name":"Canadian Academy of Psychiatry and the Law (CAPL)","article_modified_time":"2021-11-16T15:58:46+00:00","twitter_card":"summary_large_image","twitter_misc":{"Dur\u00e9e de lecture estim\u00e9e":"1 minute"},"schema":{"@context":"https:\/\/schema.org","@graph":[{"@type":"WebPage","@id":"https:\/\/www.capl-acpd.org\/fr\/congres-de-lacpd\/","url":"https:\/\/www.capl-acpd.org\/fr\/congres-de-lacpd\/","name":"Congr\u00e8s de l\u2019ACPD - Canadian Academy of Psychiatry and the Law (CAPL)","isPartOf":{"@id":"https:\/\/www.capl-acpd.org\/#website"},"datePublished":"2014-02-11T18:28:31+00:00","dateModified":"2021-11-16T15:58:46+00:00","breadcrumb":{"@id":"https:\/\/www.capl-acpd.org\/fr\/congres-de-lacpd\/#breadcrumb"},"inLanguage":"fr-FR","potentialAction":[{"@type":"ReadAction","target":["https:\/\/www.capl-acpd.org\/fr\/congres-de-lacpd\/"]}]},{"@type":"BreadcrumbList","@id":"https:\/\/www.capl-acpd.org\/fr\/congres-de-lacpd\/#breadcrumb","itemListElement":[{"@type":"ListItem","position":1,"name":"Home","item":"https:\/\/www.capl-acpd.org\/fr\/"},{"@type":"ListItem","position":2,"name":"Congr\u00e8s de l\u2019ACPD"}]},{"@type":"WebSite","@id":"https:\/\/www.capl-acpd.org\/#website","url":"https:\/\/www.capl-acpd.org\/","name":"Canadian Academy of Psychiatry and the Law (CAPL)","description":"Canadian Academy of Psychiatry and the Law (CAPL)","potentialAction":[{"@type":"SearchAction","target":{"@type":"EntryPoint","urlTemplate":"https:\/\/www.capl-acpd.org\/?s={search_term_string}"},"query-input":{"@type":"PropertyValueSpecification","valueRequired":true,"valueName":"search_term_string"}}],"inLanguage":"fr-FR"}]}},"_links":{"self":[{"href":"https:\/\/www.capl-acpd.org\/fr\/wp-json\/wp\/v2\/pages\/398","targetHints":{"allow":["GET"]}}],"collection":[{"href":"https:\/\/www.capl-acpd.org\/fr\/wp-json\/wp\/v2\/pages"}],"about":[{"href":"https:\/\/www.capl-acpd.org\/fr\/wp-json\/wp\/v2\/types\/page"}],"author":[{"embeddable":true,"href":"https:\/\/www.capl-acpd.org\/fr\/wp-json\/wp\/v2\/users\/1"}],"replies":[{"embeddable":true,"href":"https:\/\/www.capl-acpd.org\/fr\/wp-json\/wp\/v2\/comments?post=398"}],"version-history":[{"count":2,"href":"https:\/\/www.capl-acpd.org\/fr\/wp-json\/wp\/v2\/pages\/398\/revisions"}],"predecessor-version":[{"id":1655,"href":"https:\/\/www.capl-acpd.org\/fr\/wp-json\/wp\/v2\/pages\/398\/revisions\/1655"}],"wp:attachment":[{"href":"https:\/\/www.capl-acpd.org\/fr\/wp-json\/wp\/v2\/media?parent=398"}],"curies":[{"name":"wp","href":"https:\/\/api.w.org\/{rel}","templated":true}]}}