{"id":346,"date":"2014-02-11T13:35:33","date_gmt":"2014-02-11T18:35:33","guid":{"rendered":"http:\/\/www.capl-acpd.org\/upcoming-cpd-activities-2\/"},"modified":"2025-09-23T12:41:58","modified_gmt":"2025-09-23T16:41:58","slug":"congres-de-psychiatrie-legale","status":"publish","type":"page","link":"https:\/\/www.capl-acpd.org\/fr\/congres-de-psychiatrie-legale\/","title":{"rendered":"Congr\u00e8s de psychiatrie l\u00e9gale"},"content":{"rendered":"<p><strong>Cours de r\u00e9vision de la psychiatrie l\u00e9gale de l\u2019AAPL<\/strong><br \/>\nDu 29 au 27 octobre 2025<br \/>\nBoston, MA<br \/>\n<a href=\"https:\/\/www.aapl.org\/aapl-meetings\" target=\"_blank\"><u>Pour en savoir plus<\/u><\/a><\/p>\n<p><strong>56<sup>e<\/sup> Congr\u00e8s annuel de l\u2019AAPL<\/strong><br \/>\nDu 30 octobre au 2 novembre 2025<br \/>\nBoston, MA<br \/>\nDate limite pour soumettre un r\u00e9sum\u00e9 : Le 31 mars 2025<br \/>\n<a href=\"https:\/\/site.pheedloop.com\/portal\/event\/EVEVULRNSTBIL\/submission\/CALFRUUQ8YNZ70P\/info\" target=\"_blank\"><u>Pour en savoir plus<\/u><\/a><\/p>\n","protected":false},"excerpt":{"rendered":"<p>Cours de r\u00e9vision de la psychiatrie l\u00e9gale de l\u2019AAPL Du  [&#8230;]<\/p>\n","protected":false},"author":1,"featured_media":0,"parent":0,"menu_order":0,"comment_status":"open","ping_status":"open","template":"","meta":{"footnotes":""},"class_list":["post-346","page","type-page","status-publish","hentry"],"yoast_head":"<!-- This site is optimized with the Yoast SEO plugin v27.2 - https:\/\/yoast.com\/product\/yoast-seo-wordpress\/ -->\n<title>Congr\u00e8s de psychiatrie l\u00e9gale - Canadian Academy of Psychiatry and the Law (CAPL)<\/title>\n<meta name=\"robots\" content=\"index, follow, max-snippet:-1, max-image-preview:large, max-video-preview:-1\" \/>\n<link rel=\"canonical\" href=\"https:\/\/www.capl-acpd.org\/fr\/congres-de-psychiatrie-legale\/\" \/>\n<meta property=\"og:locale\" content=\"fr_FR\" \/>\n<meta property=\"og:type\" content=\"article\" \/>\n<meta property=\"og:title\" content=\"Congr\u00e8s de psychiatrie l\u00e9gale - Canadian Academy of Psychiatry and the Law (CAPL)\" \/>\n<meta property=\"og:description\" content=\"Cours de r\u00e9vision de la psychiatrie l\u00e9gale de l\u2019AAPL Du [...]\" \/>\n<meta property=\"og:url\" content=\"https:\/\/www.capl-acpd.org\/fr\/congres-de-psychiatrie-legale\/\" \/>\n<meta property=\"og:site_name\" content=\"Canadian Academy of Psychiatry and the Law (CAPL)\" \/>\n<meta property=\"article:modified_time\" content=\"2025-09-23T16:41:58+00:00\" \/>\n<meta name=\"twitter:card\" content=\"summary_large_image\" \/>\n<meta name=\"twitter:label1\" content=\"Dur\u00e9e de lecture estim\u00e9e\" \/>\n\t<meta name=\"twitter:data1\" content=\"1 minute\" \/>\n<script type=\"application\/ld+json\" class=\"yoast-schema-graph\">{\"@context\":\"https:\/\/schema.org\",\"@graph\":[{\"@type\":\"WebPage\",\"@id\":\"https:\/\/www.capl-acpd.org\/fr\/congres-de-psychiatrie-legale\/\",\"url\":\"https:\/\/www.capl-acpd.org\/fr\/congres-de-psychiatrie-legale\/\",\"name\":\"Congr\u00e8s de psychiatrie l\u00e9gale - Canadian Academy of Psychiatry and the Law (CAPL)\",\"isPartOf\":{\"@id\":\"https:\/\/www.capl-acpd.org\/#website\"},\"datePublished\":\"2014-02-11T18:35:33+00:00\",\"dateModified\":\"2025-09-23T16:41:58+00:00\",\"breadcrumb\":{\"@id\":\"https:\/\/www.capl-acpd.org\/fr\/congres-de-psychiatrie-legale\/#breadcrumb\"},\"inLanguage\":\"fr-FR\",\"potentialAction\":[{\"@type\":\"ReadAction\",\"target\":[\"https:\/\/www.capl-acpd.org\/fr\/congres-de-psychiatrie-legale\/\"]}]},{\"@type\":\"BreadcrumbList\",\"@id\":\"https:\/\/www.capl-acpd.org\/fr\/congres-de-psychiatrie-legale\/#breadcrumb\",\"itemListElement\":[{\"@type\":\"ListItem\",\"position\":1,\"name\":\"Home\",\"item\":\"https:\/\/www.capl-acpd.org\/fr\/\"},{\"@type\":\"ListItem\",\"position\":2,\"name\":\"Congr\u00e8s de psychiatrie l\u00e9gale\"}]},{\"@type\":\"WebSite\",\"@id\":\"https:\/\/www.capl-acpd.org\/#website\",\"url\":\"https:\/\/www.capl-acpd.org\/\",\"name\":\"Canadian Academy of Psychiatry and the Law (CAPL)\",\"description\":\"Canadian Academy of Psychiatry and the Law (CAPL)\",\"potentialAction\":[{\"@type\":\"SearchAction\",\"target\":{\"@type\":\"EntryPoint\",\"urlTemplate\":\"https:\/\/www.capl-acpd.org\/?s={search_term_string}\"},\"query-input\":{\"@type\":\"PropertyValueSpecification\",\"valueRequired\":true,\"valueName\":\"search_term_string\"}}],\"inLanguage\":\"fr-FR\"}]}<\/script>\n<!-- \/ Yoast SEO plugin. -->","yoast_head_json":{"title":"Congr\u00e8s de psychiatrie l\u00e9gale - Canadian Academy of Psychiatry and the Law (CAPL)","robots":{"index":"index","follow":"follow","max-snippet":"max-snippet:-1","max-image-preview":"max-image-preview:large","max-video-preview":"max-video-preview:-1"},"canonical":"https:\/\/www.capl-acpd.org\/fr\/congres-de-psychiatrie-legale\/","og_locale":"fr_FR","og_type":"article","og_title":"Congr\u00e8s de psychiatrie l\u00e9gale - Canadian Academy of Psychiatry and the Law (CAPL)","og_description":"Cours de r\u00e9vision de la psychiatrie l\u00e9gale de l\u2019AAPL Du [...]","og_url":"https:\/\/www.capl-acpd.org\/fr\/congres-de-psychiatrie-legale\/","og_site_name":"Canadian Academy of Psychiatry and the Law (CAPL)","article_modified_time":"2025-09-23T16:41:58+00:00","twitter_card":"summary_large_image","twitter_misc":{"Dur\u00e9e de lecture estim\u00e9e":"1 minute"},"schema":{"@context":"https:\/\/schema.org","@graph":[{"@type":"WebPage","@id":"https:\/\/www.capl-acpd.org\/fr\/congres-de-psychiatrie-legale\/","url":"https:\/\/www.capl-acpd.org\/fr\/congres-de-psychiatrie-legale\/","name":"Congr\u00e8s de psychiatrie l\u00e9gale - Canadian Academy of Psychiatry and the Law (CAPL)","isPartOf":{"@id":"https:\/\/www.capl-acpd.org\/#website"},"datePublished":"2014-02-11T18:35:33+00:00","dateModified":"2025-09-23T16:41:58+00:00","breadcrumb":{"@id":"https:\/\/www.capl-acpd.org\/fr\/congres-de-psychiatrie-legale\/#breadcrumb"},"inLanguage":"fr-FR","potentialAction":[{"@type":"ReadAction","target":["https:\/\/www.capl-acpd.org\/fr\/congres-de-psychiatrie-legale\/"]}]},{"@type":"BreadcrumbList","@id":"https:\/\/www.capl-acpd.org\/fr\/congres-de-psychiatrie-legale\/#breadcrumb","itemListElement":[{"@type":"ListItem","position":1,"name":"Home","item":"https:\/\/www.capl-acpd.org\/fr\/"},{"@type":"ListItem","position":2,"name":"Congr\u00e8s de psychiatrie l\u00e9gale"}]},{"@type":"WebSite","@id":"https:\/\/www.capl-acpd.org\/#website","url":"https:\/\/www.capl-acpd.org\/","name":"Canadian Academy of Psychiatry and the Law (CAPL)","description":"Canadian Academy of Psychiatry and the Law (CAPL)","potentialAction":[{"@type":"SearchAction","target":{"@type":"EntryPoint","urlTemplate":"https:\/\/www.capl-acpd.org\/?s={search_term_string}"},"query-input":{"@type":"PropertyValueSpecification","valueRequired":true,"valueName":"search_term_string"}}],"inLanguage":"fr-FR"}]}},"_links":{"self":[{"href":"https:\/\/www.capl-acpd.org\/fr\/wp-json\/wp\/v2\/pages\/346","targetHints":{"allow":["GET"]}}],"collection":[{"href":"https:\/\/www.capl-acpd.org\/fr\/wp-json\/wp\/v2\/pages"}],"about":[{"href":"https:\/\/www.capl-acpd.org\/fr\/wp-json\/wp\/v2\/types\/page"}],"author":[{"embeddable":true,"href":"https:\/\/www.capl-acpd.org\/fr\/wp-json\/wp\/v2\/users\/1"}],"replies":[{"embeddable":true,"href":"https:\/\/www.capl-acpd.org\/fr\/wp-json\/wp\/v2\/comments?post=346"}],"version-history":[{"count":3,"href":"https:\/\/www.capl-acpd.org\/fr\/wp-json\/wp\/v2\/pages\/346\/revisions"}],"predecessor-version":[{"id":2374,"href":"https:\/\/www.capl-acpd.org\/fr\/wp-json\/wp\/v2\/pages\/346\/revisions\/2374"}],"wp:attachment":[{"href":"https:\/\/www.capl-acpd.org\/fr\/wp-json\/wp\/v2\/media?parent=346"}],"curies":[{"name":"wp","href":"https:\/\/api.w.org\/{rel}","templated":true}]}}