{"id":342,"date":"2014-02-18T11:36:49","date_gmt":"2014-02-18T16:36:49","guid":{"rendered":"http:\/\/www.capl-acpd.org\/canadian-psychiatric-organizations-2\/"},"modified":"2017-03-15T16:03:44","modified_gmt":"2017-03-15T20:03:44","slug":"organisations-psychiatriques-canadiennes","status":"publish","type":"page","link":"https:\/\/www.capl-acpd.org\/fr\/organisations-psychiatriques-canadiennes\/","title":{"rendered":"Organisations psychiatriques canadiennes"},"content":{"rendered":"<p><a href=\"http:\/\/www.cagp.ca\/\">Acad\u00e9mie canadienne de psychiatrie g\u00e9riatrique<\/a><br \/>\n<a href=\"http:\/\/www.cacap-acpea.org\/\">Acad\u00e9mie canadienne de psychiatrie de l\u2019enfant et de l\u2019adolescent<\/a><br \/>\n<a href=\"http:\/\/www.psychiatricepidemiology.ca\/\">Acad\u00e9mie canadienne de l\u2019\u00e9pid\u00e9miologie psychiatrique<\/a><br \/>\n<a href=\"http:\/\/www.capl-acpd.org\/\">Acad\u00e9mie canadienne de psychiatrie et droit<\/a><br \/>\n<a href=\"http:\/\/www.camh.ca\/\">Centre de toxicomanie et de sant\u00e9 mentale, Toronto, Ontario<\/a><br \/>\n<a href=\"http:\/\/capm.wikispaces.com\/\">Acad\u00e9mie canadienne de m\u00e9decine psychosomatique<\/a><br \/>\n<a href=\"http:\/\/www.ampq.org\/\">Association des m\u00e9decins psychiatres du Qu\u00e9bec<\/a><br \/>\n<a href=\"http:\/\/www.eopa.ca\/\">Association des psychiatres de l\u2019Ontario<br \/>\n<\/a><a href=\"http:\/\/www.autismsocietycanada.ca\/\">Soci\u00e9t\u00e9 canadienne de l\u2019autisme<\/a><br \/>\n<a href=\"http:\/\/www.camimh.ca\/\">Alliance canadienne pour la maladie mentale et la sant\u00e9 mentale<\/a><br \/>\n<a href=\"http:\/\/www.caot.ca\/\">Association canadienne des ergoth\u00e9rapeutes<\/a><br \/>\n<a href=\"http:\/\/www.casw-acts.ca\/\">Association canadienne des travailleurs sociaux\u00a0<\/a><br \/>\n<a href=\"http:\/\/www.suicideprevention.ca\/\">Association canadienne pour la pr\u00e9vention du suicide<\/a><br \/>\n<a href=\"http:\/\/www.ccsmh.ca\/fr\/default.cfm?lang=fr\">Coalition canadienne pour la sant\u00e9 mentale des personnes \u00e2g\u00e9es<\/a><br \/>\n<a href=\"http:\/\/www.ccmhi.ca\/\">Initiative canadienne de collaboration en sant\u00e9 mentale<\/a><br \/>\n<a href=\"http:\/\/www.healthcarecan.ca\/\">SoinsSant\u00e9CAN<\/a><br \/>\n<a href=\"http:\/\/www.cps.ca\/\">Soci\u00e9t\u00e9 canadienne de p\u00e9diatrie<\/a><br \/>\n<a href=\"http:\/\/healthymindscanada.ca\/\">Canadian Psychiatric Research Foundation<\/a><br \/>\n<a href=\"http:\/\/www.cmha.ca\/bins\/index.asp\">Associationcanadienne pour la sant\u00e9 mentale<\/a><br \/>\n<a href=\"https:\/\/www.cma.ca\/fr\/Pages\/cma_default.aspx\">Association m\u00e9dicale canadienne<\/a><br \/>\n<a href=\"http:\/\/www.cpa-apc.org\/fr\/\" target=\"_blank\">Association des psychiatres du Canada<\/a><br \/>\n<a href=\"http:\/\/www.cpa.ca\/fr\/\">Soci\u00e9t\u00e9 canadienne de psychologie<\/a><br \/>\n<a href=\"http:\/\/www.cfpc.ca\/Home\/\">Le Coll\u00e8ge des m\u00e9decins de famille du Canada<\/a><br \/>\n<a href=\"http:\/\/fnssc.org\/\">F\u00e9d\u00e9ration des associations nationales de sp\u00e9cialistes du Canada<\/a><br \/>\n<a href=\"http:\/\/www.effectifsmedicaux.ca\/about\/participants-f.php\">Groupe de travail 2 du Forum m\u00e9dical<\/a><br \/>\n<a href=\"http:\/\/www.mooddisorderscanada.ca\/\">Soci\u00e9t\u00e9 pour les troubles de l\u2019humeur du Canada<\/a><br \/>\n<a href=\"http:\/\/www.nnmh.ca\/\">R\u00e9seau national pour la sant\u00e9 mentale<\/a><br \/>\n<a href=\"http:\/\/www.psychiatricnurse.ca\/\">Infirmi\u00e8res psychiatriques autoris\u00e9es du Canada<\/a><br \/>\n<a href=\"http:\/\/www.schizophrenia.ca\/\">Soci\u00e9t\u00e9 canadienne de la schizophr\u00e9nie<\/a><br \/>\n<a href=\"http:\/\/www.shared-care.ca\/\">Soins de sant\u00e9 mentale partag\u00e9s<\/a><\/p>\n<p><b>R\u00c9SIDENTS<\/b><\/p>\n<p><a href=\"http:\/\/residentdoctors.ca\/\">M\u00e9decins r\u00e9sidents du Canada<\/a><br \/>\n<a href=\"http:\/\/www.carms.ca\/jsp\/main.jsp\">Service canadien de jumelage des r\u00e9sidents<\/a><\/p>\n<div>\n<hr align=\"left\" size=\"1\" width=\"33%\" \/>\n<div><\/div>\n<\/div>\n","protected":false},"excerpt":{"rendered":"<p>Acad\u00e9mie canadienne de psychiatrie g\u00e9riatrique Acad\u00e9mie canadienne de psychiatrie de  [&#8230;]<\/p>\n","protected":false},"author":1,"featured_media":0,"parent":0,"menu_order":0,"comment_status":"open","ping_status":"open","template":"","meta":{"footnotes":""},"class_list":["post-342","page","type-page","status-publish","hentry"],"yoast_head":"<!-- This site is optimized with the Yoast SEO plugin v27.4 - https:\/\/yoast.com\/product\/yoast-seo-wordpress\/ -->\n<title>Organisations psychiatriques canadiennes - Canadian Academy of Psychiatry and the Law (CAPL)<\/title>\n<meta name=\"robots\" content=\"index, follow, max-snippet:-1, max-image-preview:large, max-video-preview:-1\" \/>\n<link rel=\"canonical\" href=\"https:\/\/www.capl-acpd.org\/fr\/organisations-psychiatriques-canadiennes\/\" \/>\n<meta property=\"og:locale\" content=\"fr_FR\" \/>\n<meta property=\"og:type\" content=\"article\" \/>\n<meta property=\"og:title\" content=\"Organisations psychiatriques canadiennes - Canadian Academy of Psychiatry and the Law (CAPL)\" \/>\n<meta property=\"og:description\" content=\"Acad\u00e9mie canadienne de psychiatrie g\u00e9riatrique Acad\u00e9mie canadienne de psychiatrie de [...]\" \/>\n<meta property=\"og:url\" content=\"https:\/\/www.capl-acpd.org\/fr\/organisations-psychiatriques-canadiennes\/\" \/>\n<meta property=\"og:site_name\" content=\"Canadian Academy of Psychiatry and the Law (CAPL)\" \/>\n<meta property=\"article:modified_time\" content=\"2017-03-15T20:03:44+00:00\" \/>\n<meta name=\"twitter:card\" content=\"summary_large_image\" \/>\n<meta name=\"twitter:label1\" content=\"Dur\u00e9e de lecture estim\u00e9e\" \/>\n\t<meta name=\"twitter:data1\" content=\"1 minute\" \/>\n<script type=\"application\/ld+json\" class=\"yoast-schema-graph\">{\"@context\":\"https:\\\/\\\/schema.org\",\"@graph\":[{\"@type\":\"WebPage\",\"@id\":\"https:\\\/\\\/www.capl-acpd.org\\\/fr\\\/organisations-psychiatriques-canadiennes\\\/\",\"url\":\"https:\\\/\\\/www.capl-acpd.org\\\/fr\\\/organisations-psychiatriques-canadiennes\\\/\",\"name\":\"Organisations psychiatriques canadiennes - Canadian Academy of Psychiatry and the Law (CAPL)\",\"isPartOf\":{\"@id\":\"https:\\\/\\\/www.capl-acpd.org\\\/#website\"},\"datePublished\":\"2014-02-18T16:36:49+00:00\",\"dateModified\":\"2017-03-15T20:03:44+00:00\",\"breadcrumb\":{\"@id\":\"https:\\\/\\\/www.capl-acpd.org\\\/fr\\\/organisations-psychiatriques-canadiennes\\\/#breadcrumb\"},\"inLanguage\":\"fr-FR\",\"potentialAction\":[{\"@type\":\"ReadAction\",\"target\":[\"https:\\\/\\\/www.capl-acpd.org\\\/fr\\\/organisations-psychiatriques-canadiennes\\\/\"]}]},{\"@type\":\"BreadcrumbList\",\"@id\":\"https:\\\/\\\/www.capl-acpd.org\\\/fr\\\/organisations-psychiatriques-canadiennes\\\/#breadcrumb\",\"itemListElement\":[{\"@type\":\"ListItem\",\"position\":1,\"name\":\"Home\",\"item\":\"https:\\\/\\\/www.capl-acpd.org\\\/fr\\\/\"},{\"@type\":\"ListItem\",\"position\":2,\"name\":\"Organisations psychiatriques canadiennes\"}]},{\"@type\":\"WebSite\",\"@id\":\"https:\\\/\\\/www.capl-acpd.org\\\/#website\",\"url\":\"https:\\\/\\\/www.capl-acpd.org\\\/\",\"name\":\"Canadian Academy of Psychiatry and the Law (CAPL)\",\"description\":\"Canadian Academy of Psychiatry and the Law (CAPL)\",\"potentialAction\":[{\"@type\":\"SearchAction\",\"target\":{\"@type\":\"EntryPoint\",\"urlTemplate\":\"https:\\\/\\\/www.capl-acpd.org\\\/?s={search_term_string}\"},\"query-input\":{\"@type\":\"PropertyValueSpecification\",\"valueRequired\":true,\"valueName\":\"search_term_string\"}}],\"inLanguage\":\"fr-FR\"}]}<\/script>\n<!-- \/ Yoast SEO plugin. -->","yoast_head_json":{"title":"Organisations psychiatriques canadiennes - Canadian Academy of Psychiatry and the Law (CAPL)","robots":{"index":"index","follow":"follow","max-snippet":"max-snippet:-1","max-image-preview":"max-image-preview:large","max-video-preview":"max-video-preview:-1"},"canonical":"https:\/\/www.capl-acpd.org\/fr\/organisations-psychiatriques-canadiennes\/","og_locale":"fr_FR","og_type":"article","og_title":"Organisations psychiatriques canadiennes - Canadian Academy of Psychiatry and the Law (CAPL)","og_description":"Acad\u00e9mie canadienne de psychiatrie g\u00e9riatrique Acad\u00e9mie canadienne de psychiatrie de [...]","og_url":"https:\/\/www.capl-acpd.org\/fr\/organisations-psychiatriques-canadiennes\/","og_site_name":"Canadian Academy of Psychiatry and the Law (CAPL)","article_modified_time":"2017-03-15T20:03:44+00:00","twitter_card":"summary_large_image","twitter_misc":{"Dur\u00e9e de lecture estim\u00e9e":"1 minute"},"schema":{"@context":"https:\/\/schema.org","@graph":[{"@type":"WebPage","@id":"https:\/\/www.capl-acpd.org\/fr\/organisations-psychiatriques-canadiennes\/","url":"https:\/\/www.capl-acpd.org\/fr\/organisations-psychiatriques-canadiennes\/","name":"Organisations psychiatriques canadiennes - Canadian Academy of Psychiatry and the Law (CAPL)","isPartOf":{"@id":"https:\/\/www.capl-acpd.org\/#website"},"datePublished":"2014-02-18T16:36:49+00:00","dateModified":"2017-03-15T20:03:44+00:00","breadcrumb":{"@id":"https:\/\/www.capl-acpd.org\/fr\/organisations-psychiatriques-canadiennes\/#breadcrumb"},"inLanguage":"fr-FR","potentialAction":[{"@type":"ReadAction","target":["https:\/\/www.capl-acpd.org\/fr\/organisations-psychiatriques-canadiennes\/"]}]},{"@type":"BreadcrumbList","@id":"https:\/\/www.capl-acpd.org\/fr\/organisations-psychiatriques-canadiennes\/#breadcrumb","itemListElement":[{"@type":"ListItem","position":1,"name":"Home","item":"https:\/\/www.capl-acpd.org\/fr\/"},{"@type":"ListItem","position":2,"name":"Organisations psychiatriques canadiennes"}]},{"@type":"WebSite","@id":"https:\/\/www.capl-acpd.org\/#website","url":"https:\/\/www.capl-acpd.org\/","name":"Canadian Academy of Psychiatry and the Law (CAPL)","description":"Canadian Academy of Psychiatry and the Law (CAPL)","potentialAction":[{"@type":"SearchAction","target":{"@type":"EntryPoint","urlTemplate":"https:\/\/www.capl-acpd.org\/?s={search_term_string}"},"query-input":{"@type":"PropertyValueSpecification","valueRequired":true,"valueName":"search_term_string"}}],"inLanguage":"fr-FR"}]}},"_links":{"self":[{"href":"https:\/\/www.capl-acpd.org\/fr\/wp-json\/wp\/v2\/pages\/342","targetHints":{"allow":["GET"]}}],"collection":[{"href":"https:\/\/www.capl-acpd.org\/fr\/wp-json\/wp\/v2\/pages"}],"about":[{"href":"https:\/\/www.capl-acpd.org\/fr\/wp-json\/wp\/v2\/types\/page"}],"author":[{"embeddable":true,"href":"https:\/\/www.capl-acpd.org\/fr\/wp-json\/wp\/v2\/users\/1"}],"replies":[{"embeddable":true,"href":"https:\/\/www.capl-acpd.org\/fr\/wp-json\/wp\/v2\/comments?post=342"}],"version-history":[{"count":0,"href":"https:\/\/www.capl-acpd.org\/fr\/wp-json\/wp\/v2\/pages\/342\/revisions"}],"wp:attachment":[{"href":"https:\/\/www.capl-acpd.org\/fr\/wp-json\/wp\/v2\/media?parent=342"}],"curies":[{"name":"wp","href":"https:\/\/api.w.org\/{rel}","templated":true}]}}