{"id":338,"date":"2014-02-11T11:35:00","date_gmt":"2014-02-11T16:35:00","guid":{"rendered":"http:\/\/www.capl-acpd.org\/past-award-recipients-2\/"},"modified":"2025-05-08T09:15:19","modified_gmt":"2025-05-08T13:15:19","slug":"recipiendaires-passes","status":"publish","type":"page","link":"https:\/\/www.capl-acpd.org\/fr\/recipiendaires-passes\/","title":{"rendered":"R\u00e9cipiendaires pass\u00e9s"},"content":{"rendered":"<p align=\"center\"><strong>R\u00e9cipiendaires pass\u00e9s<\/strong><\/p>\n<p><strong>PRIX BRUNO CORMIER<\/strong><br \/>\n<b><br \/>\n<\/b>Le prix Bruno Cormier est attribu\u00e9 \u00e0 un psychiatre \u00e9m\u00e9rite qui a contribu\u00e9 de fa\u00e7on exceptionnelle \u00e0 la psychiatrie m\u00e9dicol\u00e9gale au Canada.<\/p>\n<p>2025 \u2013 <em>Dr. Jocelyne Brault<\/em><br \/>\n2023 \u2013 <em>Dr. Lisa Ramshaw<\/em><br \/>\n2021 \u2013 <em>Dr. Sandy Simpson<\/em><br \/>\n2018 &#8211; <em>Dr. Johann Brink<\/em><br \/>\n2016 \u2013 <em>The Honorable Mr. Justice Richard D. Schneider and Dr. Hy Bloom<\/em><br \/>\n2015 &#8211; <em>Dr. Gary Chaimowitz<\/em><br \/>\n2014 &#8211; <em>Dr. Ren\u00e9e Roy<\/em><br \/>\n2012 \u2013 <em>Dr. J. Paul Fedoroff<\/em><br \/>\n2010 \u2013 <em>Dr. Ren\u00e9e Fug\u00e8re<\/em><br \/>\n2006 &#8211; <em>Dr. Abraham Halpern<\/em><br \/>\n<em>2004 &#8211; Dr. Ian Hector<\/em><br \/>\n<em>2003 &#8211; Dr. Maelor Vallance<\/em><br \/>\n<em>2002 &#8211; Dr. Dominique Bourget<\/em><br \/>\n<em>2001 &#8211; Dr. Roy O&rsquo;Shaughnessy<\/em><br \/>\n<em>2000 &#8211; Dr. Graham Glancy <\/em><br \/>\n<em>1999 &#8211; Dr. Derek Eaves <\/em><br \/>\n<em>1998 &#8211; Dr. Stephen Hucker<\/em><br \/>\n<em>1997 &#8211; Dr. Arboleda Florez <\/em><br \/>\n<em>1996 &#8211; Dr. Lionel Beliveau <\/em><br \/>\n<em>1995 &#8211; Dr. Pierre Gagn\u00e9<\/em><br \/>\n<em>1994 &#8211; Dr. John Bradford<\/em><\/p>\n<p>&nbsp;<\/p>\n<p><b>PRIX DU FELLOWSHIP DE L\u2019ACPD<\/b><\/p>\n<table border=\"1\" width=\"100%\" cellspacing=\"0\" cellpadding=\"0\">\n<tbody>\n<tr>\n<td valign=\"top\" width=\"67\">\n<p align=\"center\"><b>Year<\/b><\/p>\n<\/td>\n<td valign=\"top\" width=\"132\">\n<p align=\"center\"><b>Name<\/b><\/p>\n<\/td>\n<td valign=\"top\" width=\"198\">\n<p align=\"center\"><strong>Commandite universitaire<\/strong><\/p>\n<\/td>\n<td valign=\"top\" width=\"333\">\n<p align=\"center\"><b>Th<\/b><b>\u00e8me<\/b><\/p>\n<\/td>\n<\/tr>\n<tr valign=\"top\">\n<td width=\"67\">2025<\/td>\n<td width=\"132\">\n<p align=\"center\">Marelize Hagen<\/p>\n<\/td>\n<td width=\"198\">\n<p align=\"center\">McMaster University<\/p>\n<\/td>\n<td width=\"333\">Breaking Bad: Methamphetamine induced psychosis vs permanent psychotic disorders, a forensic perspective<\/td>\n<\/tr>\n<tr valign=\"top\">\n<td width=\"67\">2024<\/td>\n<td width=\"132\">\n<p align=\"center\">Shawn Baldeo<\/p>\n<\/td>\n<td width=\"198\">\n<p align=\"center\">McMaster University<\/p>\n<\/td>\n<td width=\"333\">Fitness Redefined? An Analysis of the Recent Bharwani Decision<\/td>\n<\/tr>\n<tr valign=\"top\">\n<td width=\"67\">2023<\/td>\n<td width=\"132\">\n<p align=\"center\">Mario Moscovici<\/p>\n<\/td>\n<td width=\"198\">\n<p align=\"center\">University of British Columbia<\/p>\n<\/td>\n<td width=\"333\">Can We Treat Antisocial Personality Disorder?<\/td>\n<\/tr>\n<tr valign=\"top\">\n<td width=\"67\">2022<\/td>\n<td width=\"132\">\n<p align=\"center\">Shauna Sawich<\/p>\n<\/td>\n<td width=\"198\">\n<p align=\"center\">University of Manitoba<\/p>\n<\/td>\n<td width=\"333\">Fitness to Stand Trial and Dementia: Considering Changes to<br \/>\nAssessment to Meet Demographic Need<\/td>\n<\/tr>\n<tr valign=\"top\">\n<td width=\"67\">2021<\/td>\n<td width=\"132\">\n<p align=\"center\">Yu Chen Yue<\/p>\n<\/td>\n<td width=\"198\">\n<p align=\"center\">University of Toronto<\/p>\n<\/td>\n<td width=\"333\">Workplace Violence Against Healthcare Workers: Its Correlates and Impact on Career Satisfaction<\/td>\n<\/tr>\n<tr valign=\"top\">\n<td width=\"67\">2020<\/td>\n<td width=\"132\">\n<p align=\"center\">Zeynep Selaman<\/p>\n<\/td>\n<td width=\"198\">\n<p align=\"center\">University of Ottawa<\/p>\n<\/td>\n<td width=\"333\">Immigration Law and Forensic Psychiatry<\/td>\n<\/tr>\n<tr valign=\"top\">\n<td width=\"67\">2019<\/td>\n<td width=\"132\">\n<p align=\"center\">Raheel Syed<\/p>\n<\/td>\n<td width=\"198\">\n<p align=\"center\">University of Alberta<\/p>\n<\/td>\n<td width=\"333\">The Effects of Solitary Confinement on Mental Health and the Impact of Bill C-83<\/td>\n<\/tr>\n<tr valign=\"top\">\n<td width=\"67\">2018<\/td>\n<td width=\"132\">\n<p align=\"center\">Achal Mishra<\/p>\n<\/td>\n<td width=\"198\">\n<p align=\"center\">University of Toronto<\/p>\n<\/td>\n<td width=\"333\">Urine Drug Screening and its Utility in Clinical Decision-Making in a Forensic Population<\/td>\n<\/tr>\n<tr valign=\"top\">\n<td width=\"67\">2017<\/td>\n<td width=\"132\">\n<p align=\"center\">G\u00e9raldine Godmaire-Duhaime<\/p>\n<\/td>\n<td width=\"198\">\n<p align=\"center\">Universit\u00e9 Laval<\/p>\n<\/td>\n<td width=\"333\">Impact de l\u2019instauration d\u2019une ordonnance d\u2019autorisation de soins dans l\u2019\u00e9volution des patients suivis par une \u00e9quipe SIM de l\u2019IUSMQ<\/td>\n<\/tr>\n<tr valign=\"top\">\n<td width=\"67\">2016<\/td>\n<td width=\"132\">\n<p align=\"center\">Emilie Allaire<\/p>\n<\/td>\n<td width=\"198\">\n<p align=\"center\">Universit\u00e9 de Montr\u00e9al<\/p>\n<\/td>\n<td width=\"333\">Psychose, automatisme et intoxication : un m\u00e9lange explosif<\/td>\n<\/tr>\n<tr valign=\"top\">\n<td width=\"67\">2015<\/td>\n<td width=\"132\">\n<p align=\"center\">Stephen Floyd Wood<\/p>\n<\/td>\n<td width=\"198\">\n<p align=\"center\">Universit\u00e9 d\u2019Ottawa<\/p>\n<\/td>\n<td width=\"333\">A Pilot Study of the Rate of Compliance with Section 54 of the Ontario Mental Health Act<\/td>\n<\/tr>\n<tr valign=\"top\">\n<td width=\"67\">2014<\/td>\n<td width=\"132\">\n<p align=\"center\">S\u00e9bastien Prat<\/p>\n<\/td>\n<td width=\"198\">\n<p align=\"center\">McMaster University<\/p>\n<\/td>\n<td width=\"333\">Comparison Between Pedophilic and Non-Pedophilic Child Pornography Offenders<\/td>\n<\/tr>\n<tr valign=\"top\">\n<td valign=\"top\" width=\"67\">2013<\/td>\n<td style=\"text-align: center;\" valign=\"top\" width=\"132\">\u00a0\u00a0No award<\/td>\n<td valign=\"top\" width=\"198\"><\/td>\n<td valign=\"top\" width=\"333\"><\/td>\n<\/tr>\n<tr valign=\"top\">\n<td width=\"67\">2012<\/td>\n<td width=\"132\">\n<p align=\"center\">Jennifer Pytyck<\/p>\n<\/td>\n<td width=\"198\">\n<p align=\"center\">McMaster University<\/p>\n<\/td>\n<td width=\"333\">\u201cMove Over Regina\u201d \u2013 The Sovereign Citizen Movement and Its Impact on Canadian Forensic Psychiatry<\/td>\n<\/tr>\n<tr valign=\"top\">\n<td width=\"67\">2011<\/td>\n<td width=\"132\">\n<p align=\"center\">Val\u00e9rie Trottier-H\u00e9bert<\/p>\n<\/td>\n<td width=\"198\">\n<p align=\"center\">Universit\u00e9 de Sherbrooke<\/p>\n<\/td>\n<td width=\"333\">Denial of Pregnance and Neonaticide: Case Presentation and Literature Review<\/td>\n<\/tr>\n<tr valign=\"top\">\n<td valign=\"top\" width=\"67\">2010<\/td>\n<td style=\"text-align: center;\" valign=\"top\" width=\"132\">\u00a0\u00a0No award<\/td>\n<td valign=\"top\" width=\"198\"><\/td>\n<td valign=\"top\" width=\"333\"><\/td>\n<\/tr>\n<tr valign=\"top\">\n<td width=\"67\">2009<\/td>\n<td width=\"132\">\n<p align=\"center\">Nathan Kolla<\/p>\n<\/td>\n<td width=\"198\">\n<p align=\"center\">University of \u00a0 Toronto<\/p>\n<\/td>\n<td width=\"333\">Double-Blind, Placebo Controlled Trial of Sildenafil \u00a0 Citrate in Phallometric Testing<\/td>\n<\/tr>\n<tr valign=\"top\">\n<td width=\"67\">2008<\/td>\n<td width=\"132\">\n<p align=\"center\">Hygiea Casiano<\/p>\n<\/td>\n<td width=\"198\">\n<p align=\"center\">University of \u00a0 Manitoba<\/p>\n<\/td>\n<td width=\"333\">Mental Disorder and Threats Made by Non-Institutional \u00a0 People with Weapons in the National Comorbidity Study<\/td>\n<\/tr>\n<tr valign=\"top\">\n<td width=\"67\">2007<\/td>\n<td width=\"132\">\n<p align=\"center\">Joel Watts<\/p>\n<\/td>\n<td width=\"198\">\n<p align=\"center\">Universit\u00e9 d\u2019Ottawa<\/p>\n<\/td>\n<td width=\"333\">Delusional Disorder, Violence and the Courts<\/td>\n<\/tr>\n<tr valign=\"top\">\n<td valign=\"top\" width=\"67\">2006<\/td>\n<td style=\"text-align: center;\" valign=\"top\" width=\"132\">\u00a0\u00a0No award<\/td>\n<td valign=\"top\" width=\"198\"><\/td>\n<td valign=\"top\" width=\"333\"><\/td>\n<\/tr>\n<tr>\n<td valign=\"top\" width=\"67\">2005<\/td>\n<td style=\"text-align: center;\" valign=\"top\" width=\"132\">\u00a0\u00a0No award<\/td>\n<td valign=\"top\" width=\"198\"><\/td>\n<td valign=\"top\" width=\"333\"><\/td>\n<\/tr>\n<tr valign=\"top\">\n<td width=\"67\">2004<\/td>\n<td width=\"132\">\n<p align=\"center\">Brad Booth<\/p>\n<\/td>\n<td width=\"198\">\n<p align=\"center\">Universit\u00e9 d\u2019Ottawa<\/p>\n<\/td>\n<td width=\"333\">Obsessions of Infanticide and Aggression: Under-Recognized Manifestations of OCD<\/td>\n<\/tr>\n<tr valign=\"top\">\n<td width=\"67\">2003<\/td>\n<td width=\"132\">\n<p align=\"center\">Gunter Lorberg<\/p>\n<\/td>\n<td width=\"198\">\n<p align=\"center\">Queen&rsquo;s University<\/p>\n<\/td>\n<td width=\"333\">Assessing the Effectiveness of the Protection from \u00a0 Harrassment Act in dealing with the more severe forms of stalking<\/td>\n<\/tr>\n<tr valign=\"top\">\n<td width=\"67\">2002<\/td>\n<td width=\"132\">\n<p align=\"center\">Jeff Waldman<\/p>\n<\/td>\n<td width=\"198\">\n<p align=\"center\">University of \u00a0 Manitoba<\/p>\n<\/td>\n<td width=\"333\">From Dangerousness to Risk Assessment: The impact of legal \u00a0 decisions on the practice of psychiatry.<\/td>\n<\/tr>\n<tr valign=\"top\">\n<td valign=\"top\" width=\"67\">2001<\/td>\n<td style=\"text-align: center;\" valign=\"top\" width=\"132\">\u00a0No award<\/td>\n<td valign=\"top\" width=\"198\"><\/td>\n<td valign=\"top\" width=\"333\"><\/td>\n<\/tr>\n<tr valign=\"top\">\n<td width=\"67\">1999<\/td>\n<td width=\"132\">\n<p align=\"center\">Aileen Brunet<\/p>\n<\/td>\n<td width=\"198\">\n<p align=\"center\">Centre for \u00a0 Addiction and Mental Health<\/p>\n<\/td>\n<td width=\"333\">Determining the Risk Extra-Familial Child Molesters May \u00a0 Pose to their Own Children<\/td>\n<\/tr>\n<tr valign=\"top\">\n<td width=\"67\">1998<\/td>\n<td width=\"132\">\n<p align=\"center\">Alexander Levin<\/p>\n<\/td>\n<td width=\"198\">\n<p align=\"center\">University of \u00a0 British Columbia<\/p>\n<\/td>\n<td width=\"333\">An Approach to the Biological Management of the Repeatedly \u00a0 Violent<\/td>\n<\/tr>\n<\/tbody>\n<\/table>\n<p>&nbsp;<\/p>\n","protected":false},"excerpt":{"rendered":"<p>R\u00e9cipiendaires pass\u00e9s PRIX BRUNO CORMIER Le prix Bruno Cormier est  [&#8230;]<\/p>\n","protected":false},"author":1,"featured_media":0,"parent":0,"menu_order":0,"comment_status":"open","ping_status":"open","template":"","meta":{"footnotes":""},"class_list":["post-338","page","type-page","status-publish","hentry"],"yoast_head":"<!-- This site is optimized with the Yoast SEO plugin v27.4 - https:\/\/yoast.com\/product\/yoast-seo-wordpress\/ -->\n<title>R\u00e9cipiendaires pass\u00e9s - Canadian Academy of Psychiatry and the Law (CAPL)<\/title>\n<meta name=\"robots\" content=\"index, follow, max-snippet:-1, max-image-preview:large, max-video-preview:-1\" \/>\n<link rel=\"canonical\" href=\"https:\/\/www.capl-acpd.org\/fr\/recipiendaires-passes\/\" \/>\n<meta property=\"og:locale\" content=\"fr_FR\" \/>\n<meta property=\"og:type\" content=\"article\" \/>\n<meta property=\"og:title\" content=\"R\u00e9cipiendaires pass\u00e9s - Canadian Academy of Psychiatry and the Law (CAPL)\" \/>\n<meta property=\"og:description\" content=\"R\u00e9cipiendaires pass\u00e9s PRIX BRUNO CORMIER Le prix Bruno Cormier est [...]\" \/>\n<meta property=\"og:url\" content=\"https:\/\/www.capl-acpd.org\/fr\/recipiendaires-passes\/\" \/>\n<meta property=\"og:site_name\" content=\"Canadian Academy of Psychiatry and the Law (CAPL)\" \/>\n<meta property=\"article:modified_time\" content=\"2025-05-08T13:15:19+00:00\" \/>\n<meta name=\"twitter:card\" content=\"summary_large_image\" \/>\n<meta name=\"twitter:label1\" content=\"Dur\u00e9e de lecture estim\u00e9e\" \/>\n\t<meta name=\"twitter:data1\" content=\"3 minutes\" \/>\n<script type=\"application\/ld+json\" class=\"yoast-schema-graph\">{\"@context\":\"https:\\\/\\\/schema.org\",\"@graph\":[{\"@type\":\"WebPage\",\"@id\":\"https:\\\/\\\/www.capl-acpd.org\\\/fr\\\/recipiendaires-passes\\\/\",\"url\":\"https:\\\/\\\/www.capl-acpd.org\\\/fr\\\/recipiendaires-passes\\\/\",\"name\":\"R\u00e9cipiendaires pass\u00e9s - Canadian Academy of Psychiatry and the Law (CAPL)\",\"isPartOf\":{\"@id\":\"https:\\\/\\\/www.capl-acpd.org\\\/#website\"},\"datePublished\":\"2014-02-11T16:35:00+00:00\",\"dateModified\":\"2025-05-08T13:15:19+00:00\",\"breadcrumb\":{\"@id\":\"https:\\\/\\\/www.capl-acpd.org\\\/fr\\\/recipiendaires-passes\\\/#breadcrumb\"},\"inLanguage\":\"fr-FR\",\"potentialAction\":[{\"@type\":\"ReadAction\",\"target\":[\"https:\\\/\\\/www.capl-acpd.org\\\/fr\\\/recipiendaires-passes\\\/\"]}]},{\"@type\":\"BreadcrumbList\",\"@id\":\"https:\\\/\\\/www.capl-acpd.org\\\/fr\\\/recipiendaires-passes\\\/#breadcrumb\",\"itemListElement\":[{\"@type\":\"ListItem\",\"position\":1,\"name\":\"Home\",\"item\":\"https:\\\/\\\/www.capl-acpd.org\\\/fr\\\/\"},{\"@type\":\"ListItem\",\"position\":2,\"name\":\"R\u00e9cipiendaires pass\u00e9s\"}]},{\"@type\":\"WebSite\",\"@id\":\"https:\\\/\\\/www.capl-acpd.org\\\/#website\",\"url\":\"https:\\\/\\\/www.capl-acpd.org\\\/\",\"name\":\"Canadian Academy of Psychiatry and the Law (CAPL)\",\"description\":\"Canadian Academy of Psychiatry and the Law (CAPL)\",\"potentialAction\":[{\"@type\":\"SearchAction\",\"target\":{\"@type\":\"EntryPoint\",\"urlTemplate\":\"https:\\\/\\\/www.capl-acpd.org\\\/?s={search_term_string}\"},\"query-input\":{\"@type\":\"PropertyValueSpecification\",\"valueRequired\":true,\"valueName\":\"search_term_string\"}}],\"inLanguage\":\"fr-FR\"}]}<\/script>\n<!-- \/ Yoast SEO plugin. -->","yoast_head_json":{"title":"R\u00e9cipiendaires pass\u00e9s - Canadian Academy of Psychiatry and the Law (CAPL)","robots":{"index":"index","follow":"follow","max-snippet":"max-snippet:-1","max-image-preview":"max-image-preview:large","max-video-preview":"max-video-preview:-1"},"canonical":"https:\/\/www.capl-acpd.org\/fr\/recipiendaires-passes\/","og_locale":"fr_FR","og_type":"article","og_title":"R\u00e9cipiendaires pass\u00e9s - Canadian Academy of Psychiatry and the Law (CAPL)","og_description":"R\u00e9cipiendaires pass\u00e9s PRIX BRUNO CORMIER Le prix Bruno Cormier est [...]","og_url":"https:\/\/www.capl-acpd.org\/fr\/recipiendaires-passes\/","og_site_name":"Canadian Academy of Psychiatry and the Law (CAPL)","article_modified_time":"2025-05-08T13:15:19+00:00","twitter_card":"summary_large_image","twitter_misc":{"Dur\u00e9e de lecture estim\u00e9e":"3 minutes"},"schema":{"@context":"https:\/\/schema.org","@graph":[{"@type":"WebPage","@id":"https:\/\/www.capl-acpd.org\/fr\/recipiendaires-passes\/","url":"https:\/\/www.capl-acpd.org\/fr\/recipiendaires-passes\/","name":"R\u00e9cipiendaires pass\u00e9s - Canadian Academy of Psychiatry and the Law (CAPL)","isPartOf":{"@id":"https:\/\/www.capl-acpd.org\/#website"},"datePublished":"2014-02-11T16:35:00+00:00","dateModified":"2025-05-08T13:15:19+00:00","breadcrumb":{"@id":"https:\/\/www.capl-acpd.org\/fr\/recipiendaires-passes\/#breadcrumb"},"inLanguage":"fr-FR","potentialAction":[{"@type":"ReadAction","target":["https:\/\/www.capl-acpd.org\/fr\/recipiendaires-passes\/"]}]},{"@type":"BreadcrumbList","@id":"https:\/\/www.capl-acpd.org\/fr\/recipiendaires-passes\/#breadcrumb","itemListElement":[{"@type":"ListItem","position":1,"name":"Home","item":"https:\/\/www.capl-acpd.org\/fr\/"},{"@type":"ListItem","position":2,"name":"R\u00e9cipiendaires pass\u00e9s"}]},{"@type":"WebSite","@id":"https:\/\/www.capl-acpd.org\/#website","url":"https:\/\/www.capl-acpd.org\/","name":"Canadian Academy of Psychiatry and the Law (CAPL)","description":"Canadian Academy of Psychiatry and the Law (CAPL)","potentialAction":[{"@type":"SearchAction","target":{"@type":"EntryPoint","urlTemplate":"https:\/\/www.capl-acpd.org\/?s={search_term_string}"},"query-input":{"@type":"PropertyValueSpecification","valueRequired":true,"valueName":"search_term_string"}}],"inLanguage":"fr-FR"}]}},"_links":{"self":[{"href":"https:\/\/www.capl-acpd.org\/fr\/wp-json\/wp\/v2\/pages\/338","targetHints":{"allow":["GET"]}}],"collection":[{"href":"https:\/\/www.capl-acpd.org\/fr\/wp-json\/wp\/v2\/pages"}],"about":[{"href":"https:\/\/www.capl-acpd.org\/fr\/wp-json\/wp\/v2\/types\/page"}],"author":[{"embeddable":true,"href":"https:\/\/www.capl-acpd.org\/fr\/wp-json\/wp\/v2\/users\/1"}],"replies":[{"embeddable":true,"href":"https:\/\/www.capl-acpd.org\/fr\/wp-json\/wp\/v2\/comments?post=338"}],"version-history":[{"count":8,"href":"https:\/\/www.capl-acpd.org\/fr\/wp-json\/wp\/v2\/pages\/338\/revisions"}],"predecessor-version":[{"id":2342,"href":"https:\/\/www.capl-acpd.org\/fr\/wp-json\/wp\/v2\/pages\/338\/revisions\/2342"}],"wp:attachment":[{"href":"https:\/\/www.capl-acpd.org\/fr\/wp-json\/wp\/v2\/media?parent=338"}],"curies":[{"name":"wp","href":"https:\/\/api.w.org\/{rel}","templated":true}]}}