{"id":333,"date":"2014-02-11T11:33:50","date_gmt":"2014-02-11T16:33:50","guid":{"rendered":"http:\/\/www.capl-acpd.org\/capl-board-of-directors-2\/"},"modified":"2025-08-25T11:01:06","modified_gmt":"2025-08-25T15:01:06","slug":"conseil-d-administration-de-l-acpd","status":"publish","type":"page","link":"https:\/\/www.capl-acpd.org\/fr\/conseil-d-administration-de-l-acpd\/","title":{"rendered":"Conseil d\u2019administration de l\u2019ACPD"},"content":{"rendered":"<p style=\"text-align: center;\"><strong>Conseil d\u2019administration de l\u2019ACPD<\/strong><\/p>\n<p><!-- <strong>PR\u00c9SIDENT<\/strong>\n<strong>S\u00e9bastien Prat, MD, MA, MBA<\/strong>\nProfesseur adjoint, d\u00e9partement de psychiatrie et des neurosciences comportementales\nUniversit\u00e9 McMaster\nPsychiatre membre du personnel, programme de psychiatrie m\u00e9dicol\u00e9gale\nSt Joseph\u2019s Healthcare Hamilton  --><\/p>\n<p><strong>PR\u00c9SIDENTE<\/strong><br \/>\n<strong>Lisa Ramshaw, MD, DPhil, FRCPC<\/strong><br \/>\nFondatrice, Psychiatrie l\u00e9gale<br \/>\nPsychiatre membre du personnel, Service m\u00e9dicol\u00e9gal, Centre de toxicomanie et de sant\u00e9 mentale<br \/>\nProfesseure agr\u00e9g\u00e9e, Universit\u00e9 de Toronto<\/p>\n<p><strong>VICE-PR\u00c9SIDENT<\/strong><br \/>\n<strong>Mathieu Dufour, MD, FRCPC<\/strong><br \/>\nPsychiatre l\u00e9giste<br \/>\nChef du d\u00e9partement de psychiatrie, Institut national de psychiatrie l\u00e9gale Philippe-Pinel, Montr\u00e9al, Qu\u00e9bec<br \/>\nProfesseur adjoint de clinique, D\u00e9partement de psychiatrie et des toxicomanies, Universit\u00e9 de Montr\u00e9al<\/p>\n<p><strong>SECR\u00c9TAIRE<\/strong><br \/>\n<strong>Maryana Kravtsenyuk, MD, MSc, FRCPC<\/strong><br \/>\nPsychiatre l\u00e9giste<br \/>\nCentre de toxicomanie et de sant\u00e9 mentale (CAMH)<\/p>\n<p><strong>TR\u00c9SORI\u00c8RE<\/strong><br \/>\n<strong>Elizabeth Coleman, MD, FRCPC<\/strong><br \/>\nDirectrice m\u00e9dicale, programme m\u00e9dico-l\u00e9gal<br \/>\nCentre des sciences de la sant\u00e9 mentale Ontario Shores<br \/>\nProfesseure adjointe, d\u00e9partement de psychiatrie<br \/>\nUniversit\u00e9 de Toronto<\/p>\n<p><strong>ADMINISTRATEURS<\/strong><br \/>\n<strong>Padraig Darby, MB, FRCPC<\/strong><br \/>\nPsychiatre membre du personnel, Service m\u00e9dicol\u00e9gal<br \/>\nCentre de toxicomanie et de sant\u00e9 mentale (CAMH)<\/p>\n<p><strong>Andrew Kolchak, MD, FRCPC<\/strong><br \/>\nProfesseur agr\u00e9g\u00e9 de psychiatrie clinique, division de psychiatrie m\u00e9dico-l\u00e9gale<br \/>\nUniversit\u00e9 de la Colombie-Britannique<br \/>\nPsychiatre consultant, Centre r\u00e9gional de traitement du Pacifique<br \/>\nService correctionnel du Canada<\/p>\n<p><strong>Santoch Rai, MB, ChB, MRCPsych, FRCPC<\/strong><br \/>\nPsychiatre l\u00e9giste<br \/>\nDirecteur m\u00e9dical par int\u00e9rim, cliniques m\u00e9dico-l\u00e9gales, BC Mental Health and Substance Use Services (BCMHSUS)<br \/>\nResponsable de la formation m\u00e9dicale en psychiatrie l\u00e9gale, Provincial Health Services Authority (PHSA)<\/p>\n","protected":false},"excerpt":{"rendered":"<p>Conseil d\u2019administration de l\u2019ACPD PR\u00c9SIDENTE Lisa Ramshaw, MD, DPhil, FRCPC  [&#8230;]<\/p>\n","protected":false},"author":1,"featured_media":0,"parent":0,"menu_order":0,"comment_status":"open","ping_status":"open","template":"","meta":{"footnotes":""},"class_list":["post-333","page","type-page","status-publish","hentry"],"yoast_head":"<!-- This site is optimized with the Yoast SEO plugin v27.4 - https:\/\/yoast.com\/product\/yoast-seo-wordpress\/ -->\n<title>Conseil d\u2019administration de l\u2019ACPD - Canadian Academy of Psychiatry and the Law (CAPL)<\/title>\n<meta name=\"robots\" content=\"index, follow, max-snippet:-1, max-image-preview:large, max-video-preview:-1\" \/>\n<link rel=\"canonical\" href=\"https:\/\/www.capl-acpd.org\/fr\/conseil-d-administration-de-l-acpd\/\" \/>\n<meta property=\"og:locale\" content=\"fr_FR\" \/>\n<meta property=\"og:type\" content=\"article\" \/>\n<meta property=\"og:title\" content=\"Conseil d\u2019administration de l\u2019ACPD - Canadian Academy of Psychiatry and the Law (CAPL)\" \/>\n<meta property=\"og:description\" content=\"Conseil d\u2019administration de l\u2019ACPD PR\u00c9SIDENTE Lisa Ramshaw, MD, DPhil, FRCPC [...]\" \/>\n<meta property=\"og:url\" content=\"https:\/\/www.capl-acpd.org\/fr\/conseil-d-administration-de-l-acpd\/\" \/>\n<meta property=\"og:site_name\" content=\"Canadian Academy of Psychiatry and the Law (CAPL)\" \/>\n<meta property=\"article:modified_time\" content=\"2025-08-25T15:01:06+00:00\" \/>\n<meta name=\"twitter:card\" content=\"summary_large_image\" \/>\n<meta name=\"twitter:label1\" content=\"Dur\u00e9e de lecture estim\u00e9e\" \/>\n\t<meta name=\"twitter:data1\" content=\"1 minute\" \/>\n<script type=\"application\/ld+json\" class=\"yoast-schema-graph\">{\"@context\":\"https:\\\/\\\/schema.org\",\"@graph\":[{\"@type\":\"WebPage\",\"@id\":\"https:\\\/\\\/www.capl-acpd.org\\\/fr\\\/conseil-d-administration-de-l-acpd\\\/\",\"url\":\"https:\\\/\\\/www.capl-acpd.org\\\/fr\\\/conseil-d-administration-de-l-acpd\\\/\",\"name\":\"Conseil d\u2019administration de l\u2019ACPD - Canadian Academy of Psychiatry and the Law (CAPL)\",\"isPartOf\":{\"@id\":\"https:\\\/\\\/www.capl-acpd.org\\\/#website\"},\"datePublished\":\"2014-02-11T16:33:50+00:00\",\"dateModified\":\"2025-08-25T15:01:06+00:00\",\"breadcrumb\":{\"@id\":\"https:\\\/\\\/www.capl-acpd.org\\\/fr\\\/conseil-d-administration-de-l-acpd\\\/#breadcrumb\"},\"inLanguage\":\"fr-FR\",\"potentialAction\":[{\"@type\":\"ReadAction\",\"target\":[\"https:\\\/\\\/www.capl-acpd.org\\\/fr\\\/conseil-d-administration-de-l-acpd\\\/\"]}]},{\"@type\":\"BreadcrumbList\",\"@id\":\"https:\\\/\\\/www.capl-acpd.org\\\/fr\\\/conseil-d-administration-de-l-acpd\\\/#breadcrumb\",\"itemListElement\":[{\"@type\":\"ListItem\",\"position\":1,\"name\":\"Home\",\"item\":\"https:\\\/\\\/www.capl-acpd.org\\\/fr\\\/\"},{\"@type\":\"ListItem\",\"position\":2,\"name\":\"Conseil d\u2019administration de l\u2019ACPD\"}]},{\"@type\":\"WebSite\",\"@id\":\"https:\\\/\\\/www.capl-acpd.org\\\/#website\",\"url\":\"https:\\\/\\\/www.capl-acpd.org\\\/\",\"name\":\"Canadian Academy of Psychiatry and the Law (CAPL)\",\"description\":\"Canadian Academy of Psychiatry and the Law (CAPL)\",\"potentialAction\":[{\"@type\":\"SearchAction\",\"target\":{\"@type\":\"EntryPoint\",\"urlTemplate\":\"https:\\\/\\\/www.capl-acpd.org\\\/?s={search_term_string}\"},\"query-input\":{\"@type\":\"PropertyValueSpecification\",\"valueRequired\":true,\"valueName\":\"search_term_string\"}}],\"inLanguage\":\"fr-FR\"}]}<\/script>\n<!-- \/ Yoast SEO plugin. -->","yoast_head_json":{"title":"Conseil d\u2019administration de l\u2019ACPD - Canadian Academy of Psychiatry and the Law (CAPL)","robots":{"index":"index","follow":"follow","max-snippet":"max-snippet:-1","max-image-preview":"max-image-preview:large","max-video-preview":"max-video-preview:-1"},"canonical":"https:\/\/www.capl-acpd.org\/fr\/conseil-d-administration-de-l-acpd\/","og_locale":"fr_FR","og_type":"article","og_title":"Conseil d\u2019administration de l\u2019ACPD - Canadian Academy of Psychiatry and the Law (CAPL)","og_description":"Conseil d\u2019administration de l\u2019ACPD PR\u00c9SIDENTE Lisa Ramshaw, MD, DPhil, FRCPC [...]","og_url":"https:\/\/www.capl-acpd.org\/fr\/conseil-d-administration-de-l-acpd\/","og_site_name":"Canadian Academy of Psychiatry and the Law (CAPL)","article_modified_time":"2025-08-25T15:01:06+00:00","twitter_card":"summary_large_image","twitter_misc":{"Dur\u00e9e de lecture estim\u00e9e":"1 minute"},"schema":{"@context":"https:\/\/schema.org","@graph":[{"@type":"WebPage","@id":"https:\/\/www.capl-acpd.org\/fr\/conseil-d-administration-de-l-acpd\/","url":"https:\/\/www.capl-acpd.org\/fr\/conseil-d-administration-de-l-acpd\/","name":"Conseil d\u2019administration de l\u2019ACPD - Canadian Academy of Psychiatry and the Law (CAPL)","isPartOf":{"@id":"https:\/\/www.capl-acpd.org\/#website"},"datePublished":"2014-02-11T16:33:50+00:00","dateModified":"2025-08-25T15:01:06+00:00","breadcrumb":{"@id":"https:\/\/www.capl-acpd.org\/fr\/conseil-d-administration-de-l-acpd\/#breadcrumb"},"inLanguage":"fr-FR","potentialAction":[{"@type":"ReadAction","target":["https:\/\/www.capl-acpd.org\/fr\/conseil-d-administration-de-l-acpd\/"]}]},{"@type":"BreadcrumbList","@id":"https:\/\/www.capl-acpd.org\/fr\/conseil-d-administration-de-l-acpd\/#breadcrumb","itemListElement":[{"@type":"ListItem","position":1,"name":"Home","item":"https:\/\/www.capl-acpd.org\/fr\/"},{"@type":"ListItem","position":2,"name":"Conseil d\u2019administration de l\u2019ACPD"}]},{"@type":"WebSite","@id":"https:\/\/www.capl-acpd.org\/#website","url":"https:\/\/www.capl-acpd.org\/","name":"Canadian Academy of Psychiatry and the Law (CAPL)","description":"Canadian Academy of Psychiatry and the Law (CAPL)","potentialAction":[{"@type":"SearchAction","target":{"@type":"EntryPoint","urlTemplate":"https:\/\/www.capl-acpd.org\/?s={search_term_string}"},"query-input":{"@type":"PropertyValueSpecification","valueRequired":true,"valueName":"search_term_string"}}],"inLanguage":"fr-FR"}]}},"_links":{"self":[{"href":"https:\/\/www.capl-acpd.org\/fr\/wp-json\/wp\/v2\/pages\/333","targetHints":{"allow":["GET"]}}],"collection":[{"href":"https:\/\/www.capl-acpd.org\/fr\/wp-json\/wp\/v2\/pages"}],"about":[{"href":"https:\/\/www.capl-acpd.org\/fr\/wp-json\/wp\/v2\/types\/page"}],"author":[{"embeddable":true,"href":"https:\/\/www.capl-acpd.org\/fr\/wp-json\/wp\/v2\/users\/1"}],"replies":[{"embeddable":true,"href":"https:\/\/www.capl-acpd.org\/fr\/wp-json\/wp\/v2\/comments?post=333"}],"version-history":[{"count":14,"href":"https:\/\/www.capl-acpd.org\/fr\/wp-json\/wp\/v2\/pages\/333\/revisions"}],"predecessor-version":[{"id":2371,"href":"https:\/\/www.capl-acpd.org\/fr\/wp-json\/wp\/v2\/pages\/333\/revisions\/2371"}],"wp:attachment":[{"href":"https:\/\/www.capl-acpd.org\/fr\/wp-json\/wp\/v2\/media?parent=333"}],"curies":[{"name":"wp","href":"https:\/\/api.w.org\/{rel}","templated":true}]}}