{"id":331,"date":"2014-02-11T11:34:53","date_gmt":"2014-02-11T16:34:53","guid":{"rendered":"http:\/\/www.capl-acpd.org\/mission-statement-2\/"},"modified":"2018-05-04T15:36:15","modified_gmt":"2018-05-04T19:36:15","slug":"mission","status":"publish","type":"page","link":"https:\/\/www.capl-acpd.org\/fr\/mission\/","title":{"rendered":"Mission"},"content":{"rendered":"<p><strong>MISSION<\/strong><\/p>\n<ul>\n<li>\u00c9tablir et maintenir une organisation de psychiatres l\u00e9gistes au Canada, en vue de faire progresser la science et la pratique de la m\u00e9decine dans la sp\u00e9cialit\u00e9 de la psychiatrie l\u00e9gale, et promouvoir des normes sup\u00e9rieures de soins et de pratique professionnelle.<\/li>\n<li>\u00c9laborer des normes de pratique en psychiatrie l\u00e9gale et poursuivre la formation continue des psychiatres m\u00e9dicol\u00e9gaux actifs.<\/li>\n<li>Am\u00e9liorer les relations entre les psychiatres et d\u2019autres professionnels travaillant dans le domaine de la psychiatrie l\u00e9gale.<\/li>\n<li>Stimuler et encourager la recherche en psychiatrie l\u00e9gale et dans les domaines connexes.<\/li>\n<li>Assumer un r\u00f4le de d\u00e9fenseur des enjeux li\u00e9s \u00e0 la psychiatrie l\u00e9gale en coop\u00e9ration avec les autres organisations nationales et provinciales concern\u00e9es.<\/li>\n<li>Publier dans de revues scientifiques et autre litt\u00e9rature pour l\u2019\u00e9change d\u2019information et la diffusion de connaissances sp\u00e9cifiques dans le domaine de la psychiatrie l\u00e9gale ou dans le domaine de la psychiatrie g\u00e9n\u00e9rale.<\/li>\n<li>Offrir au public de l\u2019information relevant du domaine de la psychiatrie et du droit.<\/li>\n<\/ul>\n","protected":false},"excerpt":{"rendered":"<p>MISSION \u00c9tablir et maintenir une organisation de psychiatres l\u00e9gistes au  [&#8230;]<\/p>\n","protected":false},"author":1,"featured_media":0,"parent":0,"menu_order":0,"comment_status":"open","ping_status":"open","template":"","meta":{"footnotes":""},"class_list":["post-331","page","type-page","status-publish","hentry"],"yoast_head":"<!-- This site is optimized with the Yoast SEO plugin v27.2 - https:\/\/yoast.com\/product\/yoast-seo-wordpress\/ -->\n<title>Mission - Canadian Academy of Psychiatry and the Law (CAPL)<\/title>\n<meta name=\"robots\" content=\"index, follow, max-snippet:-1, max-image-preview:large, max-video-preview:-1\" \/>\n<link rel=\"canonical\" href=\"https:\/\/www.capl-acpd.org\/fr\/mission\/\" \/>\n<meta property=\"og:locale\" content=\"fr_FR\" \/>\n<meta property=\"og:type\" content=\"article\" \/>\n<meta property=\"og:title\" content=\"Mission - Canadian Academy of Psychiatry and the Law (CAPL)\" \/>\n<meta property=\"og:description\" content=\"MISSION \u00c9tablir et maintenir une organisation de psychiatres l\u00e9gistes au [...]\" \/>\n<meta property=\"og:url\" content=\"https:\/\/www.capl-acpd.org\/fr\/mission\/\" \/>\n<meta property=\"og:site_name\" content=\"Canadian Academy of Psychiatry and the Law (CAPL)\" \/>\n<meta property=\"article:modified_time\" content=\"2018-05-04T19:36:15+00:00\" \/>\n<meta name=\"twitter:card\" content=\"summary_large_image\" \/>\n<meta name=\"twitter:label1\" content=\"Dur\u00e9e de lecture estim\u00e9e\" \/>\n\t<meta name=\"twitter:data1\" content=\"1 minute\" \/>\n<script type=\"application\/ld+json\" class=\"yoast-schema-graph\">{\"@context\":\"https:\/\/schema.org\",\"@graph\":[{\"@type\":\"WebPage\",\"@id\":\"https:\/\/www.capl-acpd.org\/fr\/mission\/\",\"url\":\"https:\/\/www.capl-acpd.org\/fr\/mission\/\",\"name\":\"Mission - Canadian Academy of Psychiatry and the Law (CAPL)\",\"isPartOf\":{\"@id\":\"https:\/\/www.capl-acpd.org\/#website\"},\"datePublished\":\"2014-02-11T16:34:53+00:00\",\"dateModified\":\"2018-05-04T19:36:15+00:00\",\"breadcrumb\":{\"@id\":\"https:\/\/www.capl-acpd.org\/fr\/mission\/#breadcrumb\"},\"inLanguage\":\"fr-FR\",\"potentialAction\":[{\"@type\":\"ReadAction\",\"target\":[\"https:\/\/www.capl-acpd.org\/fr\/mission\/\"]}]},{\"@type\":\"BreadcrumbList\",\"@id\":\"https:\/\/www.capl-acpd.org\/fr\/mission\/#breadcrumb\",\"itemListElement\":[{\"@type\":\"ListItem\",\"position\":1,\"name\":\"Home\",\"item\":\"https:\/\/www.capl-acpd.org\/fr\/\"},{\"@type\":\"ListItem\",\"position\":2,\"name\":\"Mission\"}]},{\"@type\":\"WebSite\",\"@id\":\"https:\/\/www.capl-acpd.org\/#website\",\"url\":\"https:\/\/www.capl-acpd.org\/\",\"name\":\"Canadian Academy of Psychiatry and the Law (CAPL)\",\"description\":\"Canadian Academy of Psychiatry and the Law (CAPL)\",\"potentialAction\":[{\"@type\":\"SearchAction\",\"target\":{\"@type\":\"EntryPoint\",\"urlTemplate\":\"https:\/\/www.capl-acpd.org\/?s={search_term_string}\"},\"query-input\":{\"@type\":\"PropertyValueSpecification\",\"valueRequired\":true,\"valueName\":\"search_term_string\"}}],\"inLanguage\":\"fr-FR\"}]}<\/script>\n<!-- \/ Yoast SEO plugin. -->","yoast_head_json":{"title":"Mission - Canadian Academy of Psychiatry and the Law (CAPL)","robots":{"index":"index","follow":"follow","max-snippet":"max-snippet:-1","max-image-preview":"max-image-preview:large","max-video-preview":"max-video-preview:-1"},"canonical":"https:\/\/www.capl-acpd.org\/fr\/mission\/","og_locale":"fr_FR","og_type":"article","og_title":"Mission - Canadian Academy of Psychiatry and the Law (CAPL)","og_description":"MISSION \u00c9tablir et maintenir une organisation de psychiatres l\u00e9gistes au [...]","og_url":"https:\/\/www.capl-acpd.org\/fr\/mission\/","og_site_name":"Canadian Academy of Psychiatry and the Law (CAPL)","article_modified_time":"2018-05-04T19:36:15+00:00","twitter_card":"summary_large_image","twitter_misc":{"Dur\u00e9e de lecture estim\u00e9e":"1 minute"},"schema":{"@context":"https:\/\/schema.org","@graph":[{"@type":"WebPage","@id":"https:\/\/www.capl-acpd.org\/fr\/mission\/","url":"https:\/\/www.capl-acpd.org\/fr\/mission\/","name":"Mission - Canadian Academy of Psychiatry and the Law (CAPL)","isPartOf":{"@id":"https:\/\/www.capl-acpd.org\/#website"},"datePublished":"2014-02-11T16:34:53+00:00","dateModified":"2018-05-04T19:36:15+00:00","breadcrumb":{"@id":"https:\/\/www.capl-acpd.org\/fr\/mission\/#breadcrumb"},"inLanguage":"fr-FR","potentialAction":[{"@type":"ReadAction","target":["https:\/\/www.capl-acpd.org\/fr\/mission\/"]}]},{"@type":"BreadcrumbList","@id":"https:\/\/www.capl-acpd.org\/fr\/mission\/#breadcrumb","itemListElement":[{"@type":"ListItem","position":1,"name":"Home","item":"https:\/\/www.capl-acpd.org\/fr\/"},{"@type":"ListItem","position":2,"name":"Mission"}]},{"@type":"WebSite","@id":"https:\/\/www.capl-acpd.org\/#website","url":"https:\/\/www.capl-acpd.org\/","name":"Canadian Academy of Psychiatry and the Law (CAPL)","description":"Canadian Academy of Psychiatry and the Law (CAPL)","potentialAction":[{"@type":"SearchAction","target":{"@type":"EntryPoint","urlTemplate":"https:\/\/www.capl-acpd.org\/?s={search_term_string}"},"query-input":{"@type":"PropertyValueSpecification","valueRequired":true,"valueName":"search_term_string"}}],"inLanguage":"fr-FR"}]}},"_links":{"self":[{"href":"https:\/\/www.capl-acpd.org\/fr\/wp-json\/wp\/v2\/pages\/331","targetHints":{"allow":["GET"]}}],"collection":[{"href":"https:\/\/www.capl-acpd.org\/fr\/wp-json\/wp\/v2\/pages"}],"about":[{"href":"https:\/\/www.capl-acpd.org\/fr\/wp-json\/wp\/v2\/types\/page"}],"author":[{"embeddable":true,"href":"https:\/\/www.capl-acpd.org\/fr\/wp-json\/wp\/v2\/users\/1"}],"replies":[{"embeddable":true,"href":"https:\/\/www.capl-acpd.org\/fr\/wp-json\/wp\/v2\/comments?post=331"}],"version-history":[{"count":0,"href":"https:\/\/www.capl-acpd.org\/fr\/wp-json\/wp\/v2\/pages\/331\/revisions"}],"wp:attachment":[{"href":"https:\/\/www.capl-acpd.org\/fr\/wp-json\/wp\/v2\/media?parent=331"}],"curies":[{"name":"wp","href":"https:\/\/api.w.org\/{rel}","templated":true}]}}