{"id":327,"date":"2014-02-11T11:35:08","date_gmt":"2014-02-11T16:35:08","guid":{"rendered":"http:\/\/www.capl-acpd.org\/welcome-2\/"},"modified":"2021-04-05T15:36:37","modified_gmt":"2021-04-05T19:36:37","slug":"welcome","status":"publish","type":"page","link":"https:\/\/www.capl-acpd.org\/fr\/","title":{"rendered":"Bienvenue"},"content":{"rendered":"<p>L\u2019Acad\u00e9mie canadienne de psychiatrie et droit (ACPD) est l\u2019organisation nationale qui repr\u00e9sente les psychiatres du Canada qui s\u2019int\u00e9ressent au domaine de la psychiatrie l\u00e9gale. Ses membres et affili\u00e9s sont des psychiatres et des professionnels de disciplines connexes qui exercent dans le domaine de la psychiatrie l\u00e9gale, dont des professeurs de diverses institutions universitaires, des fellows et des r\u00e9sidents. L\u2019ACPD soutient ses membres dans la mise en oeuvre\u00a0de l\u2019expertise scientifique et clinique aux enjeux l\u00e9gaux dans des contextes juridiques englobant les affaires civiles, criminelles, correctionnelles ou l\u00e9gislatives. Ses membres poss\u00e8dent aussi une expertise sp\u00e9cialis\u00e9e dans l\u2019\u00e9valuation et le traitement de populations sp\u00e9ciales, notamment les jeunes d\u00e9linquants, les d\u00e9linquants sexuels, et les d\u00e9linquants violents. L\u2019ACPD favorise l\u2019avancement de la pratique clinique, de l\u2019\u00e9ducation et de la recherche qui sont reli\u00e9es \u00e0 la psychiatrie l\u00e9gale. En qualit\u00e9 de membre, vous pouvez unir votre voix \u00e0 la promotion de la sant\u00e9 mentale m\u00e9dicol\u00e9gale et de la s\u00e9curit\u00e9 en\u00a0soci\u00e9t\u00e9.<\/p>\n<p>&nbsp;<\/p>\n<p>&nbsp;<\/p>\n<p>&nbsp;<\/p>\n","protected":false},"excerpt":{"rendered":"<p>L\u2019Acad\u00e9mie canadienne de psychiatrie et droit (ACPD) est l\u2019organisation nationale  [&#8230;]<\/p>\n","protected":false},"author":1,"featured_media":0,"parent":0,"menu_order":0,"comment_status":"open","ping_status":"open","template":"","meta":{"footnotes":""},"class_list":["post-327","page","type-page","status-publish","hentry"],"yoast_head":"<!-- This site is optimized with the Yoast SEO plugin v27.2 - https:\/\/yoast.com\/product\/yoast-seo-wordpress\/ -->\n<title>Bienvenue - Canadian Academy of Psychiatry and the Law (CAPL)<\/title>\n<meta name=\"robots\" content=\"index, follow, max-snippet:-1, max-image-preview:large, max-video-preview:-1\" \/>\n<link rel=\"canonical\" href=\"https:\/\/www.capl-acpd.org\/fr\/\" \/>\n<meta property=\"og:locale\" content=\"fr_FR\" \/>\n<meta property=\"og:type\" content=\"article\" \/>\n<meta property=\"og:title\" content=\"Bienvenue - Canadian Academy of Psychiatry and the Law (CAPL)\" \/>\n<meta property=\"og:description\" content=\"L\u2019Acad\u00e9mie canadienne de psychiatrie et droit (ACPD) est l\u2019organisation nationale [...]\" \/>\n<meta property=\"og:url\" content=\"https:\/\/www.capl-acpd.org\/fr\/\" \/>\n<meta property=\"og:site_name\" content=\"Canadian Academy of Psychiatry and the Law (CAPL)\" \/>\n<meta property=\"article:modified_time\" content=\"2021-04-05T19:36:37+00:00\" \/>\n<meta name=\"twitter:card\" content=\"summary_large_image\" \/>\n<meta name=\"twitter:label1\" content=\"Dur\u00e9e de lecture estim\u00e9e\" \/>\n\t<meta name=\"twitter:data1\" content=\"1 minute\" \/>\n<script type=\"application\/ld+json\" class=\"yoast-schema-graph\">{\"@context\":\"https:\/\/schema.org\",\"@graph\":[{\"@type\":\"WebPage\",\"@id\":\"https:\/\/www.capl-acpd.org\/fr\/\",\"url\":\"https:\/\/www.capl-acpd.org\/fr\/\",\"name\":\"Bienvenue - Canadian Academy of Psychiatry and the Law (CAPL)\",\"isPartOf\":{\"@id\":\"https:\/\/www.capl-acpd.org\/#website\"},\"datePublished\":\"2014-02-11T16:35:08+00:00\",\"dateModified\":\"2021-04-05T19:36:37+00:00\",\"breadcrumb\":{\"@id\":\"https:\/\/www.capl-acpd.org\/fr\/#breadcrumb\"},\"inLanguage\":\"fr-FR\",\"potentialAction\":[{\"@type\":\"ReadAction\",\"target\":[\"https:\/\/www.capl-acpd.org\/fr\/\"]}]},{\"@type\":\"BreadcrumbList\",\"@id\":\"https:\/\/www.capl-acpd.org\/fr\/#breadcrumb\",\"itemListElement\":[{\"@type\":\"ListItem\",\"position\":1,\"name\":\"Home\",\"item\":\"https:\/\/www.capl-acpd.org\/fr\/\"},{\"@type\":\"ListItem\",\"position\":2,\"name\":\"Bienvenue\"}]},{\"@type\":\"WebSite\",\"@id\":\"https:\/\/www.capl-acpd.org\/#website\",\"url\":\"https:\/\/www.capl-acpd.org\/\",\"name\":\"Canadian Academy of Psychiatry and the Law (CAPL)\",\"description\":\"Canadian Academy of Psychiatry and the Law (CAPL)\",\"potentialAction\":[{\"@type\":\"SearchAction\",\"target\":{\"@type\":\"EntryPoint\",\"urlTemplate\":\"https:\/\/www.capl-acpd.org\/?s={search_term_string}\"},\"query-input\":{\"@type\":\"PropertyValueSpecification\",\"valueRequired\":true,\"valueName\":\"search_term_string\"}}],\"inLanguage\":\"fr-FR\"}]}<\/script>\n<!-- \/ Yoast SEO plugin. -->","yoast_head_json":{"title":"Bienvenue - Canadian Academy of Psychiatry and the Law (CAPL)","robots":{"index":"index","follow":"follow","max-snippet":"max-snippet:-1","max-image-preview":"max-image-preview:large","max-video-preview":"max-video-preview:-1"},"canonical":"https:\/\/www.capl-acpd.org\/fr\/","og_locale":"fr_FR","og_type":"article","og_title":"Bienvenue - Canadian Academy of Psychiatry and the Law (CAPL)","og_description":"L\u2019Acad\u00e9mie canadienne de psychiatrie et droit (ACPD) est l\u2019organisation nationale [...]","og_url":"https:\/\/www.capl-acpd.org\/fr\/","og_site_name":"Canadian Academy of Psychiatry and the Law (CAPL)","article_modified_time":"2021-04-05T19:36:37+00:00","twitter_card":"summary_large_image","twitter_misc":{"Dur\u00e9e de lecture estim\u00e9e":"1 minute"},"schema":{"@context":"https:\/\/schema.org","@graph":[{"@type":"WebPage","@id":"https:\/\/www.capl-acpd.org\/fr\/","url":"https:\/\/www.capl-acpd.org\/fr\/","name":"Bienvenue - Canadian Academy of Psychiatry and the Law (CAPL)","isPartOf":{"@id":"https:\/\/www.capl-acpd.org\/#website"},"datePublished":"2014-02-11T16:35:08+00:00","dateModified":"2021-04-05T19:36:37+00:00","breadcrumb":{"@id":"https:\/\/www.capl-acpd.org\/fr\/#breadcrumb"},"inLanguage":"fr-FR","potentialAction":[{"@type":"ReadAction","target":["https:\/\/www.capl-acpd.org\/fr\/"]}]},{"@type":"BreadcrumbList","@id":"https:\/\/www.capl-acpd.org\/fr\/#breadcrumb","itemListElement":[{"@type":"ListItem","position":1,"name":"Home","item":"https:\/\/www.capl-acpd.org\/fr\/"},{"@type":"ListItem","position":2,"name":"Bienvenue"}]},{"@type":"WebSite","@id":"https:\/\/www.capl-acpd.org\/#website","url":"https:\/\/www.capl-acpd.org\/","name":"Canadian Academy of Psychiatry and the Law (CAPL)","description":"Canadian Academy of Psychiatry and the Law (CAPL)","potentialAction":[{"@type":"SearchAction","target":{"@type":"EntryPoint","urlTemplate":"https:\/\/www.capl-acpd.org\/?s={search_term_string}"},"query-input":{"@type":"PropertyValueSpecification","valueRequired":true,"valueName":"search_term_string"}}],"inLanguage":"fr-FR"}]}},"_links":{"self":[{"href":"https:\/\/www.capl-acpd.org\/fr\/wp-json\/wp\/v2\/pages\/327","targetHints":{"allow":["GET"]}}],"collection":[{"href":"https:\/\/www.capl-acpd.org\/fr\/wp-json\/wp\/v2\/pages"}],"about":[{"href":"https:\/\/www.capl-acpd.org\/fr\/wp-json\/wp\/v2\/types\/page"}],"author":[{"embeddable":true,"href":"https:\/\/www.capl-acpd.org\/fr\/wp-json\/wp\/v2\/users\/1"}],"replies":[{"embeddable":true,"href":"https:\/\/www.capl-acpd.org\/fr\/wp-json\/wp\/v2\/comments?post=327"}],"version-history":[{"count":1,"href":"https:\/\/www.capl-acpd.org\/fr\/wp-json\/wp\/v2\/pages\/327\/revisions"}],"predecessor-version":[{"id":1593,"href":"https:\/\/www.capl-acpd.org\/fr\/wp-json\/wp\/v2\/pages\/327\/revisions\/1593"}],"wp:attachment":[{"href":"https:\/\/www.capl-acpd.org\/fr\/wp-json\/wp\/v2\/media?parent=327"}],"curies":[{"name":"wp","href":"https:\/\/api.w.org\/{rel}","templated":true}]}}