{"id":2094,"date":"2024-03-22T09:20:10","date_gmt":"2024-03-22T13:20:10","guid":{"rendered":"https:\/\/www.capl-acpd.org\/gouvernance\/committee-vacancies-form\/"},"modified":"2025-12-03T13:42:06","modified_gmt":"2025-12-03T18:42:06","slug":"postes-vacants-au-sein-des-comites-formulaire","status":"publish","type":"page","link":"https:\/\/www.capl-acpd.org\/fr\/gouvernance\/postes-vacants-au-sein-des-comites-formulaire\/","title":{"rendered":"Postes vacants au sein des comit\u00e9s formulaire"},"content":{"rendered":"<p>Sorry, the application deadline was Jan. 30, 2026 at 5 p.m. ET \/ D\u00e9sol\u00e9, la date d'\u00e9cheance pour un mise en candidature a \u00e9t\u00e9 le 30 janvier 2026 \u00e0 17 h HE<\/p>\n","protected":false},"excerpt":{"rendered":"","protected":false},"author":1,"featured_media":0,"parent":416,"menu_order":0,"comment_status":"closed","ping_status":"closed","template":"","meta":{"footnotes":""},"class_list":["post-2094","page","type-page","status-publish","hentry"],"yoast_head":"<!-- This site is optimized with the Yoast SEO plugin v27.4 - https:\/\/yoast.com\/product\/yoast-seo-wordpress\/ -->\n<title>Postes vacants au sein des comit\u00e9s formulaire - Canadian Academy of Psychiatry and the Law (CAPL)<\/title>\n<meta name=\"robots\" content=\"index, follow, max-snippet:-1, max-image-preview:large, max-video-preview:-1\" \/>\n<link rel=\"canonical\" href=\"https:\/\/www.capl-acpd.org\/fr\/gouvernance\/postes-vacants-au-sein-des-comites-formulaire\/\" \/>\n<meta property=\"og:locale\" content=\"fr_FR\" \/>\n<meta property=\"og:type\" content=\"article\" \/>\n<meta property=\"og:title\" content=\"Postes vacants au sein des comit\u00e9s formulaire - Canadian Academy of Psychiatry and the Law (CAPL)\" \/>\n<meta property=\"og:url\" content=\"https:\/\/www.capl-acpd.org\/fr\/gouvernance\/postes-vacants-au-sein-des-comites-formulaire\/\" \/>\n<meta property=\"og:site_name\" content=\"Canadian Academy of Psychiatry and the Law (CAPL)\" \/>\n<meta property=\"article:modified_time\" content=\"2025-12-03T18:42:06+00:00\" \/>\n<meta name=\"twitter:card\" content=\"summary_large_image\" \/>\n<script type=\"application\/ld+json\" class=\"yoast-schema-graph\">{\"@context\":\"https:\\\/\\\/schema.org\",\"@graph\":[{\"@type\":\"WebPage\",\"@id\":\"https:\\\/\\\/www.capl-acpd.org\\\/fr\\\/gouvernance\\\/postes-vacants-au-sein-des-comites-formulaire\\\/\",\"url\":\"https:\\\/\\\/www.capl-acpd.org\\\/fr\\\/gouvernance\\\/postes-vacants-au-sein-des-comites-formulaire\\\/\",\"name\":\"Postes vacants au sein des comit\u00e9s formulaire - Canadian Academy of Psychiatry and the Law (CAPL)\",\"isPartOf\":{\"@id\":\"https:\\\/\\\/www.capl-acpd.org\\\/#website\"},\"datePublished\":\"2024-03-22T13:20:10+00:00\",\"dateModified\":\"2025-12-03T18:42:06+00:00\",\"breadcrumb\":{\"@id\":\"https:\\\/\\\/www.capl-acpd.org\\\/fr\\\/gouvernance\\\/postes-vacants-au-sein-des-comites-formulaire\\\/#breadcrumb\"},\"inLanguage\":\"fr-FR\",\"potentialAction\":[{\"@type\":\"ReadAction\",\"target\":[\"https:\\\/\\\/www.capl-acpd.org\\\/fr\\\/gouvernance\\\/postes-vacants-au-sein-des-comites-formulaire\\\/\"]}]},{\"@type\":\"BreadcrumbList\",\"@id\":\"https:\\\/\\\/www.capl-acpd.org\\\/fr\\\/gouvernance\\\/postes-vacants-au-sein-des-comites-formulaire\\\/#breadcrumb\",\"itemListElement\":[{\"@type\":\"ListItem\",\"position\":1,\"name\":\"Home\",\"item\":\"https:\\\/\\\/www.capl-acpd.org\\\/fr\\\/\"},{\"@type\":\"ListItem\",\"position\":2,\"name\":\"Gouvernance\",\"item\":\"https:\\\/\\\/www.capl-acpd.org\\\/fr\\\/gouvernance\\\/\"},{\"@type\":\"ListItem\",\"position\":3,\"name\":\"Postes vacants au sein des comit\u00e9s formulaire\"}]},{\"@type\":\"WebSite\",\"@id\":\"https:\\\/\\\/www.capl-acpd.org\\\/#website\",\"url\":\"https:\\\/\\\/www.capl-acpd.org\\\/\",\"name\":\"Canadian Academy of Psychiatry and the Law (CAPL)\",\"description\":\"Canadian Academy of Psychiatry and the Law (CAPL)\",\"potentialAction\":[{\"@type\":\"SearchAction\",\"target\":{\"@type\":\"EntryPoint\",\"urlTemplate\":\"https:\\\/\\\/www.capl-acpd.org\\\/?s={search_term_string}\"},\"query-input\":{\"@type\":\"PropertyValueSpecification\",\"valueRequired\":true,\"valueName\":\"search_term_string\"}}],\"inLanguage\":\"fr-FR\"}]}<\/script>\n<!-- \/ Yoast SEO plugin. -->","yoast_head_json":{"title":"Postes vacants au sein des comit\u00e9s formulaire - Canadian Academy of Psychiatry and the Law (CAPL)","robots":{"index":"index","follow":"follow","max-snippet":"max-snippet:-1","max-image-preview":"max-image-preview:large","max-video-preview":"max-video-preview:-1"},"canonical":"https:\/\/www.capl-acpd.org\/fr\/gouvernance\/postes-vacants-au-sein-des-comites-formulaire\/","og_locale":"fr_FR","og_type":"article","og_title":"Postes vacants au sein des comit\u00e9s formulaire - Canadian Academy of Psychiatry and the Law (CAPL)","og_url":"https:\/\/www.capl-acpd.org\/fr\/gouvernance\/postes-vacants-au-sein-des-comites-formulaire\/","og_site_name":"Canadian Academy of Psychiatry and the Law (CAPL)","article_modified_time":"2025-12-03T18:42:06+00:00","twitter_card":"summary_large_image","schema":{"@context":"https:\/\/schema.org","@graph":[{"@type":"WebPage","@id":"https:\/\/www.capl-acpd.org\/fr\/gouvernance\/postes-vacants-au-sein-des-comites-formulaire\/","url":"https:\/\/www.capl-acpd.org\/fr\/gouvernance\/postes-vacants-au-sein-des-comites-formulaire\/","name":"Postes vacants au sein des comit\u00e9s formulaire - Canadian Academy of Psychiatry and the Law (CAPL)","isPartOf":{"@id":"https:\/\/www.capl-acpd.org\/#website"},"datePublished":"2024-03-22T13:20:10+00:00","dateModified":"2025-12-03T18:42:06+00:00","breadcrumb":{"@id":"https:\/\/www.capl-acpd.org\/fr\/gouvernance\/postes-vacants-au-sein-des-comites-formulaire\/#breadcrumb"},"inLanguage":"fr-FR","potentialAction":[{"@type":"ReadAction","target":["https:\/\/www.capl-acpd.org\/fr\/gouvernance\/postes-vacants-au-sein-des-comites-formulaire\/"]}]},{"@type":"BreadcrumbList","@id":"https:\/\/www.capl-acpd.org\/fr\/gouvernance\/postes-vacants-au-sein-des-comites-formulaire\/#breadcrumb","itemListElement":[{"@type":"ListItem","position":1,"name":"Home","item":"https:\/\/www.capl-acpd.org\/fr\/"},{"@type":"ListItem","position":2,"name":"Gouvernance","item":"https:\/\/www.capl-acpd.org\/fr\/gouvernance\/"},{"@type":"ListItem","position":3,"name":"Postes vacants au sein des comit\u00e9s formulaire"}]},{"@type":"WebSite","@id":"https:\/\/www.capl-acpd.org\/#website","url":"https:\/\/www.capl-acpd.org\/","name":"Canadian Academy of Psychiatry and the Law (CAPL)","description":"Canadian Academy of Psychiatry and the Law (CAPL)","potentialAction":[{"@type":"SearchAction","target":{"@type":"EntryPoint","urlTemplate":"https:\/\/www.capl-acpd.org\/?s={search_term_string}"},"query-input":{"@type":"PropertyValueSpecification","valueRequired":true,"valueName":"search_term_string"}}],"inLanguage":"fr-FR"}]}},"_links":{"self":[{"href":"https:\/\/www.capl-acpd.org\/fr\/wp-json\/wp\/v2\/pages\/2094","targetHints":{"allow":["GET"]}}],"collection":[{"href":"https:\/\/www.capl-acpd.org\/fr\/wp-json\/wp\/v2\/pages"}],"about":[{"href":"https:\/\/www.capl-acpd.org\/fr\/wp-json\/wp\/v2\/types\/page"}],"author":[{"embeddable":true,"href":"https:\/\/www.capl-acpd.org\/fr\/wp-json\/wp\/v2\/users\/1"}],"replies":[{"embeddable":true,"href":"https:\/\/www.capl-acpd.org\/fr\/wp-json\/wp\/v2\/comments?post=2094"}],"version-history":[{"count":3,"href":"https:\/\/www.capl-acpd.org\/fr\/wp-json\/wp\/v2\/pages\/2094\/revisions"}],"predecessor-version":[{"id":2424,"href":"https:\/\/www.capl-acpd.org\/fr\/wp-json\/wp\/v2\/pages\/2094\/revisions\/2424"}],"up":[{"embeddable":true,"href":"https:\/\/www.capl-acpd.org\/fr\/wp-json\/wp\/v2\/pages\/416"}],"wp:attachment":[{"href":"https:\/\/www.capl-acpd.org\/fr\/wp-json\/wp\/v2\/media?parent=2094"}],"curies":[{"name":"wp","href":"https:\/\/api.w.org\/{rel}","templated":true}]}}