{"id":2091,"date":"2024-03-22T09:09:24","date_gmt":"2024-03-22T13:09:24","guid":{"rendered":"https:\/\/www.capl-acpd.org\/gouvernance\/committee-vacancies\/"},"modified":"2025-12-04T10:17:22","modified_gmt":"2025-12-04T15:17:22","slug":"postes-vacants-au-sein-des-comites","status":"publish","type":"page","link":"https:\/\/www.capl-acpd.org\/fr\/gouvernance\/postes-vacants-au-sein-des-comites\/","title":{"rendered":"Postes vacants au sein des comit\u00e9s"},"content":{"rendered":"<h4><strong>Appel de candidatures pour les comit\u00e9s \u2013 posez votre candidature d\u2019ici le 30 janvier 2026<\/strong><\/h4>\n<p>Souhaitez-vous vous impliquer au sein de l\u2019Acad\u00e9mie canadienne de psychiatrie et droit (ACPD) ? Vous pourriez poser votre candidature pour les postes \u00e0 pourvoir au sein d\u2019un comit\u00e9.<\/p>\n<p>L\u2019ACPD est \u00e0 la recherche de personnes qualifi\u00e9es qui refl\u00e8tent la diversit\u00e9 et les caract\u00e9ristiques d\u00e9mographiques de la population des psychiatres, et portera une attention particuli\u00e8re \u00e0 ces \u00e9l\u00e9ments : genre, \u00e2ge, race ou origine ethnique, ascendance autochtone, origine culturelle, langue, identit\u00e9 sexuelle et invalidit\u00e9. Dans tous les cas, les nominations seront faites en fonction de l\u2019exp\u00e9rience pertinente, de l\u2019expertise n\u00e9cessaire, de la disponibilit\u00e9 et de l\u2019int\u00e9r\u00eat manifest\u00e9.<\/p>\n<p>Pour tous les postes, les personnes qui posent leur candidature doivent \u00eatre membres en r\u00e8gle de l\u2019ACPD au moment de la pr\u00e9sentation de leur candidature et pendant toute la dur\u00e9e de leur mandat, conform\u00e9ment aux articles 3.01 et 3.04 des <a href=\"https:\/\/www.capl-acpd.org\/wp-content\/uploads\/2022\/04\/2022-CAPL-Bylaws-FIN-FR.pdf\" target=\"_blank\" rel=\"noopener\">r\u00e8glements<\/a>. Les comit\u00e9s se r\u00e9unissent en mode virtuel au moins trois fois par an, ou plus souvent \u00e0 la demande du pr\u00e9sident ou de la pr\u00e9sidente.<\/p>\n<p>Une candidature se compose d\u2019une br\u00e8ve d\u00e9claration d\u2019int\u00e9r\u00eat (250 mots maximum) accompagn\u00e9e d\u2019une copie r\u00e9cente de votre curriculum vit\u00e6. Veuillez noter que la divulgation d\u2019int\u00e9r\u00eats concurrentiels sera \u00e9galement requise au stade de la candidature. Les candidatures envoy\u00e9es par courrier \u00e9lectronique, par t\u00e9l\u00e9copie ou par la poste ne seront pas retenues.<\/p>\n<p><a href=\"https:\/\/www.capl-acpd.org\/wp-content\/uploads\/2025\/12\/Ann-Conf-Planning-Cmte-CAPL-TOR-FIN-FR.pdf\" target=\"_blank\" rel=\"noopener\"><strong><u>Comit\u00e9 organisateur du congr\u00e8s annuel<\/u><\/strong><\/a><\/p>\n<p>Le Comit\u00e9 organisateur du congr\u00e8s annuel planifie et organise le congr\u00e8s annuel de l\u2019Acad\u00e9mie, notamment en proposant des dates, des lieux, un format et un budget, et \u00e9valuer les propositions pr\u00e9sent\u00e9es au congr\u00e8s annuel, afin de les inclure ou de les exclure.<\/p>\n<p>Il y a six postes disponibles. \u00c0 l\u2019exception des \u00e9tudiants en m\u00e9decine et des r\u00e9sidents en psychiatrie ou de psychiatrie l\u00e9gale, qui ont un mandat de deux ans, le mandat pour ces postes est de trois ans et est renouvelable deux fois si la personne en fait la demande. Alberto Choy, Rakesh Lamba et Genna Di Pinto sont r\u00e9\u00e9ligibles pour un mandat additionnel.<\/p>\n<p>Les candidats id\u00e9aux ont une bonne connaissance de l\u2019\u00e9ducation des adultes ou de la formation continue, ou ont suivi une formation officielle dans ces domaines, et connaissent le programme de Maintien du certificat (MDC) et les principes de la formation m\u00e9dicale. La ma\u00eetrise de l\u2019anglais est obligatoire et celle du fran\u00e7ais, sans \u00eatre obligatoire, serait utile.<\/p>\n<ul style=\"list-style-type: none;\">\n<li>Date limite de d\u00eapot des candidatures : <strong>le 30 janvier 2026 \u00e0 17 h HE<\/strong><\/li>\n<li>Postulez une candidature : <a href=\"https:\/\/www.capl-acpd.org\/fr\/gouvernance\/postes-vacants-au-sein-des-comites-formulaire\/\" target=\"_blank\" rel=\"noopener\"><u>https:\/\/www.capl-acpd.org\/fr\/gouvernance\/postes-vacants-au-sein-des-comites-formulaire\/<\/u><\/a><\/li>\n<\/ul>\n<p><a href=\"https:\/\/www.capl-acpd.org\/wp-content\/uploads\/2025\/12\/Correctional-Cmte-CAPL-TOR-FIN-FR.pdf\" target=\"_blank\" rel=\"noopener\"><strong><u>Comit\u00e9 de psychiatrie correctionnelle<\/u><\/strong><\/a><\/p>\n<p>Ce comit\u00e9 fournit un leadership en mati\u00e8re de services cliniques, d\u2019enseignement et de recherche dans les syst\u00e8mes correctionnels f\u00e9d\u00e9ral et provinciaux.<\/p>\n<p>Il y a trois postes disponibles. Le mandat pour ces postes est de trois ans et est renouvelable une fois si la personne en fait la demande. Todd Tomita, Erin Will et Jeff Waldman sont r\u00e9\u00e9ligibles pour un deuxi\u00e8me mandat.<\/p>\n<p>Les nominations seront fond\u00e9es sur l\u2019exp\u00e9rience, l\u2019expertise requise, la disponibilit\u00e9 et l\u2019int\u00e9r\u00eat. Une bonne connaissance de la psychiatrie correctionnelle et le fait d\u2019avoir d\u00e9j\u00e0 si\u00e9g\u00e9 \u00e0 un conseil d\u2019administration ou fait partie d\u2019un comit\u00e9 constituent un atout.<\/p>\n<ul style=\"list-style-type: none;\">\n<li>Date limite de d\u00eapot des candidatures : <strong>le 30 janvier 2026 \u00e0 17 h HE<\/strong><\/li>\n<li>Postulez une candidature : <a href=\"https:\/\/www.capl-acpd.org\/fr\/gouvernance\/postes-vacants-au-sein-des-comites-formulaire\/\" target=\"_blank\" rel=\"noopener\"><u>https:\/\/www.capl-acpd.org\/fr\/gouvernance\/postes-vacants-au-sein-des-comites-formulaire\/<\/u><\/a><\/li>\n<\/ul>\n<p><strong>Informations<\/strong><br \/>\nSi vous avez des questions, veuillez contacter le comit\u00e9 des mises en candidature \u00e0 <a href=\"mailto:capl@cpa-apc.org\" target=\"_blank\" rel=\"noopener\"><u>capl @ cpa-apc.org<\/u><\/a>.<\/p>\n","protected":false},"excerpt":{"rendered":"<p>Appel de candidatures pour les comit\u00e9s \u2013 posez votre candidature  [&#8230;]<\/p>\n","protected":false},"author":1,"featured_media":0,"parent":416,"menu_order":0,"comment_status":"closed","ping_status":"closed","template":"","meta":{"footnotes":""},"class_list":["post-2091","page","type-page","status-publish","hentry"],"yoast_head":"<!-- This site is optimized with the Yoast SEO plugin v27.2 - https:\/\/yoast.com\/product\/yoast-seo-wordpress\/ -->\n<title>Postes vacants au sein des comit\u00e9s - Canadian Academy of Psychiatry and the Law (CAPL)<\/title>\n<meta name=\"robots\" content=\"index, follow, max-snippet:-1, max-image-preview:large, max-video-preview:-1\" \/>\n<link rel=\"canonical\" href=\"https:\/\/www.capl-acpd.org\/fr\/gouvernance\/postes-vacants-au-sein-des-comites\/\" \/>\n<meta property=\"og:locale\" content=\"fr_FR\" \/>\n<meta property=\"og:type\" content=\"article\" \/>\n<meta property=\"og:title\" content=\"Postes vacants au sein des comit\u00e9s - Canadian Academy of Psychiatry and the Law (CAPL)\" \/>\n<meta property=\"og:description\" content=\"Appel de candidatures pour les comit\u00e9s \u2013 posez votre candidature [...]\" \/>\n<meta property=\"og:url\" content=\"https:\/\/www.capl-acpd.org\/fr\/gouvernance\/postes-vacants-au-sein-des-comites\/\" \/>\n<meta property=\"og:site_name\" content=\"Canadian Academy of Psychiatry and the Law (CAPL)\" \/>\n<meta property=\"article:modified_time\" content=\"2025-12-04T15:17:22+00:00\" \/>\n<meta name=\"twitter:card\" content=\"summary_large_image\" \/>\n<meta name=\"twitter:label1\" content=\"Dur\u00e9e de lecture estim\u00e9e\" \/>\n\t<meta name=\"twitter:data1\" content=\"3 minutes\" \/>\n<script type=\"application\/ld+json\" class=\"yoast-schema-graph\">{\"@context\":\"https:\/\/schema.org\",\"@graph\":[{\"@type\":\"WebPage\",\"@id\":\"https:\/\/www.capl-acpd.org\/fr\/gouvernance\/postes-vacants-au-sein-des-comites\/\",\"url\":\"https:\/\/www.capl-acpd.org\/fr\/gouvernance\/postes-vacants-au-sein-des-comites\/\",\"name\":\"Postes vacants au sein des comit\u00e9s - Canadian Academy of Psychiatry and the Law (CAPL)\",\"isPartOf\":{\"@id\":\"https:\/\/www.capl-acpd.org\/#website\"},\"datePublished\":\"2024-03-22T13:09:24+00:00\",\"dateModified\":\"2025-12-04T15:17:22+00:00\",\"breadcrumb\":{\"@id\":\"https:\/\/www.capl-acpd.org\/fr\/gouvernance\/postes-vacants-au-sein-des-comites\/#breadcrumb\"},\"inLanguage\":\"fr-FR\",\"potentialAction\":[{\"@type\":\"ReadAction\",\"target\":[\"https:\/\/www.capl-acpd.org\/fr\/gouvernance\/postes-vacants-au-sein-des-comites\/\"]}]},{\"@type\":\"BreadcrumbList\",\"@id\":\"https:\/\/www.capl-acpd.org\/fr\/gouvernance\/postes-vacants-au-sein-des-comites\/#breadcrumb\",\"itemListElement\":[{\"@type\":\"ListItem\",\"position\":1,\"name\":\"Home\",\"item\":\"https:\/\/www.capl-acpd.org\/fr\/\"},{\"@type\":\"ListItem\",\"position\":2,\"name\":\"Gouvernance\",\"item\":\"https:\/\/www.capl-acpd.org\/fr\/gouvernance\/\"},{\"@type\":\"ListItem\",\"position\":3,\"name\":\"Postes vacants au sein des comit\u00e9s\"}]},{\"@type\":\"WebSite\",\"@id\":\"https:\/\/www.capl-acpd.org\/#website\",\"url\":\"https:\/\/www.capl-acpd.org\/\",\"name\":\"Canadian Academy of Psychiatry and the Law (CAPL)\",\"description\":\"Canadian Academy of Psychiatry and the Law (CAPL)\",\"potentialAction\":[{\"@type\":\"SearchAction\",\"target\":{\"@type\":\"EntryPoint\",\"urlTemplate\":\"https:\/\/www.capl-acpd.org\/?s={search_term_string}\"},\"query-input\":{\"@type\":\"PropertyValueSpecification\",\"valueRequired\":true,\"valueName\":\"search_term_string\"}}],\"inLanguage\":\"fr-FR\"}]}<\/script>\n<!-- \/ Yoast SEO plugin. -->","yoast_head_json":{"title":"Postes vacants au sein des comit\u00e9s - Canadian Academy of Psychiatry and the Law (CAPL)","robots":{"index":"index","follow":"follow","max-snippet":"max-snippet:-1","max-image-preview":"max-image-preview:large","max-video-preview":"max-video-preview:-1"},"canonical":"https:\/\/www.capl-acpd.org\/fr\/gouvernance\/postes-vacants-au-sein-des-comites\/","og_locale":"fr_FR","og_type":"article","og_title":"Postes vacants au sein des comit\u00e9s - Canadian Academy of Psychiatry and the Law (CAPL)","og_description":"Appel de candidatures pour les comit\u00e9s \u2013 posez votre candidature [...]","og_url":"https:\/\/www.capl-acpd.org\/fr\/gouvernance\/postes-vacants-au-sein-des-comites\/","og_site_name":"Canadian Academy of Psychiatry and the Law (CAPL)","article_modified_time":"2025-12-04T15:17:22+00:00","twitter_card":"summary_large_image","twitter_misc":{"Dur\u00e9e de lecture estim\u00e9e":"3 minutes"},"schema":{"@context":"https:\/\/schema.org","@graph":[{"@type":"WebPage","@id":"https:\/\/www.capl-acpd.org\/fr\/gouvernance\/postes-vacants-au-sein-des-comites\/","url":"https:\/\/www.capl-acpd.org\/fr\/gouvernance\/postes-vacants-au-sein-des-comites\/","name":"Postes vacants au sein des comit\u00e9s - Canadian Academy of Psychiatry and the Law (CAPL)","isPartOf":{"@id":"https:\/\/www.capl-acpd.org\/#website"},"datePublished":"2024-03-22T13:09:24+00:00","dateModified":"2025-12-04T15:17:22+00:00","breadcrumb":{"@id":"https:\/\/www.capl-acpd.org\/fr\/gouvernance\/postes-vacants-au-sein-des-comites\/#breadcrumb"},"inLanguage":"fr-FR","potentialAction":[{"@type":"ReadAction","target":["https:\/\/www.capl-acpd.org\/fr\/gouvernance\/postes-vacants-au-sein-des-comites\/"]}]},{"@type":"BreadcrumbList","@id":"https:\/\/www.capl-acpd.org\/fr\/gouvernance\/postes-vacants-au-sein-des-comites\/#breadcrumb","itemListElement":[{"@type":"ListItem","position":1,"name":"Home","item":"https:\/\/www.capl-acpd.org\/fr\/"},{"@type":"ListItem","position":2,"name":"Gouvernance","item":"https:\/\/www.capl-acpd.org\/fr\/gouvernance\/"},{"@type":"ListItem","position":3,"name":"Postes vacants au sein des comit\u00e9s"}]},{"@type":"WebSite","@id":"https:\/\/www.capl-acpd.org\/#website","url":"https:\/\/www.capl-acpd.org\/","name":"Canadian Academy of Psychiatry and the Law (CAPL)","description":"Canadian Academy of Psychiatry and the Law (CAPL)","potentialAction":[{"@type":"SearchAction","target":{"@type":"EntryPoint","urlTemplate":"https:\/\/www.capl-acpd.org\/?s={search_term_string}"},"query-input":{"@type":"PropertyValueSpecification","valueRequired":true,"valueName":"search_term_string"}}],"inLanguage":"fr-FR"}]}},"_links":{"self":[{"href":"https:\/\/www.capl-acpd.org\/fr\/wp-json\/wp\/v2\/pages\/2091","targetHints":{"allow":["GET"]}}],"collection":[{"href":"https:\/\/www.capl-acpd.org\/fr\/wp-json\/wp\/v2\/pages"}],"about":[{"href":"https:\/\/www.capl-acpd.org\/fr\/wp-json\/wp\/v2\/types\/page"}],"author":[{"embeddable":true,"href":"https:\/\/www.capl-acpd.org\/fr\/wp-json\/wp\/v2\/users\/1"}],"replies":[{"embeddable":true,"href":"https:\/\/www.capl-acpd.org\/fr\/wp-json\/wp\/v2\/comments?post=2091"}],"version-history":[{"count":11,"href":"https:\/\/www.capl-acpd.org\/fr\/wp-json\/wp\/v2\/pages\/2091\/revisions"}],"predecessor-version":[{"id":2431,"href":"https:\/\/www.capl-acpd.org\/fr\/wp-json\/wp\/v2\/pages\/2091\/revisions\/2431"}],"up":[{"embeddable":true,"href":"https:\/\/www.capl-acpd.org\/fr\/wp-json\/wp\/v2\/pages\/416"}],"wp:attachment":[{"href":"https:\/\/www.capl-acpd.org\/fr\/wp-json\/wp\/v2\/media?parent=2091"}],"curies":[{"name":"wp","href":"https:\/\/api.w.org\/{rel}","templated":true}]}}