{"id":1362,"date":"2019-12-12T15:05:47","date_gmt":"2019-12-12T20:05:47","guid":{"rendered":"http:\/\/www.capl-acpd.org\/a-propos-de-lacpd\/elections\/duties-of-officers-and-description-of-ideal-candidates\/"},"modified":"2023-12-13T12:10:32","modified_gmt":"2023-12-13T17:10:32","slug":"fonctions-des-dirigeants-et-une-description-des-candidats-ideaux","status":"publish","type":"page","link":"https:\/\/www.capl-acpd.org\/fr\/a-propos-de-lacpd\/elections\/fonctions-des-dirigeants-et-une-description-des-candidats-ideaux\/","title":{"rendered":"Fonctions des dirigeants et une description des candidats id\u00e9aux"},"content":{"rendered":"<p><strong>Pr\u00e9sident<\/strong><\/p>\n<ul>\n<li>\u00c9noncer les politiques de l\u2019ACPD, et g\u00e9rer et diriger les activit\u00e9s et les affaires de l\u2019Acad\u00e9mie.<\/li>\n<li>Veiller \u00e0 ce que les questions strat\u00e9giques pertinentes soient port\u00e9es \u00e0 l\u2019attention du conseil d\u2019administration et \u00e0 ce que l\u2019Acad\u00e9mie reste concentr\u00e9e sur les grandes questions strat\u00e9giques.<\/li>\n<li>Pr\u00e9sider toutes les r\u00e9unions du conseil d\u2019administration et du comit\u00e9 de direction, ainsi que l\u2019assembl\u00e9e g\u00e9n\u00e9rale annuelle (AGA).<\/li>\n<li>\u00c9tablir l\u2019ordre du jour des r\u00e9unions et envoyer un avis de convocation \u00e0 toutes les r\u00e9unions du conseil d\u2019administration et du comit\u00e9 de direction.<\/li>\n<li>S\u2019assurer que les conflits d\u2019int\u00e9r\u00eats d\u00e9clar\u00e9s par les administrateurs sont tenus dans des registres complets et exacts.<\/li>\n<li>S\u2019assurer que, lorsqu\u2019une discussion et une d\u00e9cision du conseil d\u2019administration sont susceptibles de placer un administrateur en situation de conflit d\u2019int\u00e9r\u00eats, l\u2019administrateur concern\u00e9 en soit exclu.<\/li>\n<li>Veiller \u00e0 ce que les conflits d\u2019int\u00e9r\u00eats des autres b\u00e9n\u00e9voles soient r\u00e9guli\u00e8rement d\u00e9clar\u00e9s, recueillis, examin\u00e9s, conserv\u00e9s, g\u00e9r\u00e9s et divulgu\u00e9s si n\u00e9cessaire, conform\u00e9ment \u00e0 l\u2019article 4.2 de la pr\u00e9sente politique.<\/li>\n<li>Autoriser et encourager les administrateurs \u00e0 participer aux discussions et, le cas \u00e9ch\u00e9ant, examiner et traiter les questions d\u2019assiduit\u00e9, de rendement ou de conduite, par exemple, la participation des membres qui s\u2019affirment beaucoup au d\u00e9triment des membres plus discrets, les tensions au sein du groupe, l\u2019obtention d\u2019un consensus global.<\/li>\n<li>Conform\u00e9ment \u00e0 la politique, coordonner les d\u00e9clarations officielles de l\u2019Acad\u00e9mie, les m\u00e9moires et\/ou les pr\u00e9sentations aux m\u00e9dias, aux repr\u00e9sentants du gouvernement, aux politiciens, \u00e0 d\u2019autres organisations et au public.<\/li>\n<li>Veiller \u00e0 ce que le conseil d\u2019administration suive les proc\u00e9dures d\u00e9cisionnelles appropri\u00e9es.<\/li>\n<li>Lors de l\u2019AGA, pr\u00e9senter un rapport aux membres afin de rendre compte des activit\u00e9s de l\u2019Acad\u00e9mie et du conseil d\u2019administration.<\/li>\n<li>Agir comme personne-ressource aupr\u00e8s des administrateurs en ce qui a trait \u00e0 la conformit\u00e9 aux lois et aux r\u00e8glements, aux r\u00e8glements administratifs, aux politiques en mati\u00e8re de gouvernance et aux Robert\u2019s rules of order.<\/li>\n<li>Coordonner les repr\u00e9sentations de l\u2019Acad\u00e9mie aupr\u00e8s de l\u2019Association des psychiatres du Canada, des gouvernements, de la collectivit\u00e9 et du public, ainsi qu\u2019avec les organisations b\u00e9n\u00e9voles ou professionnelles affili\u00e9es.<\/li>\n<\/ul>\n<p>Si le pr\u00e9sident est temporairement incapable d\u2019exercer ses fonctions, il sera remplac\u00e9 (dans l\u2019ordre) par le vice-pr\u00e9sident, le pr\u00e9sident sortant et le secr\u00e9taire.<\/p>\n<p>La personne id\u00e9al pour occuper le poste de pr\u00e9sident est titulaire d\u2019une certification de sursp\u00e9cialit\u00e9 en psychiatrie l\u00e9gale du Coll\u00e8ge royal des m\u00e9decins et chirurgiens du Canada. En outre, les candidats doivent : <\/p>\n<ol type=\"a\">\n<li>Poss\u00e8de un large \u00e9ventail de connaissances en psychiatrie l\u00e9gale et une vaste compr\u00e9hension des diff\u00e9rents domaines de la psychiatrie l\u00e9gale.<\/li>\n<li>Fait preuve de jugement, est capable de prendre de bonnes d\u00e9cisions et fait montre d\u2019un excellent leadership.<\/li>\n<li>Est capable de communiquer efficacement au nom de la psychiatrie l\u00e9gale.<\/li>\n<li>A de l\u2019aisance \u00e0 parler en public et \u00e0 interagir avec les m\u00e9dias et les politiciens, \u00e0 titre de repr\u00e9sentant de la psychiatrie l\u00e9gale aupr\u00e8s du public.<\/li>\n<li>Est dispos\u00e9 \u00e0 consacrer suffisamment de temps pour remplir les fonctions de pr\u00e9sident.<\/li>\n<\/ol>\n<p>Qualifications suppl\u00e9mentaires demand\u00e9es : exp\u00e9rience au sein du comit\u00e9 de direction d\u2019une organisation similaire qui repr\u00e9sente la psychiatrie ou la psychiatrie l\u00e9gale \u00e0 l\u2019\u00e9chelle provinciale, nationale ou internationale; r\u00e9putation nationale ou internationale au chapitre des r\u00e9alisations universitaires et de la publication d\u2019articles scientifiques; titulaire actuel ou pass\u00e9 d\u2019un poste universitaire.<\/p>\n<p><strong>Vice-pr\u00e9sident<\/strong><\/p>\n<ul>\n<li>Assister le pr\u00e9sident et assumer l\u2019ensemble des fonctions et des pouvoirs du pr\u00e9sident en l\u2019absence de ce dernier.<\/li>\n<li>Si\u00e9ger au comit\u00e9 de direction.<\/li>\n<\/ul>\n<p>La personne id\u00e9al pour occuper le poste de vice-pr\u00e9sident est titulaire d\u2019une certification de sursp\u00e9cialit\u00e9 en psychiatrie l\u00e9gale du Coll\u00e8ge royal des m\u00e9decins et chirurgiens du Canada. En outre, les candidats doivent : <\/p>\n<ol type=\"a\">\n<li>Poss\u00e8de un large \u00e9ventail de connaissances en psychiatrie l\u00e9gale et une vaste compr\u00e9hension des diff\u00e9rents domaines de la psychiatrie l\u00e9gale.<\/li>\n<li>Fait preuve de jugement, est capable de prendre de bonnes d\u00e9cisions et fait montre d\u2019un excellent leadership.<\/li>\n<li>Est capable de communiquer efficacement au nom de la psychiatrie l\u00e9gale.<\/li>\n<li>A de l\u2019aisance \u00e0 parler en public et \u00e0 interagir avec les m\u00e9dias et les politiciens, \u00e0 titre de repr\u00e9sentant de la psychiatrie l\u00e9gale aupr\u00e8s du public.<\/li>\n<li>Est dispos\u00e9 \u00e0 consacrer suffisamment de temps pour remplir les fonctions de pr\u00e9sident.<\/li>\n<\/ol>\n<p>Qualifications suppl\u00e9mentaires demand\u00e9es : exp\u00e9rience au sein du comit\u00e9 de direction d\u2019une organisation similaire qui repr\u00e9sente la psychiatrie ou la psychiatrie l\u00e9gale \u00e0 l\u2019\u00e9chelle provinciale, nationale ou internationale; r\u00e9putation nationale ou internationale au chapitre des r\u00e9alisations universitaires et de la publication d\u2019articles scientifiques; titulaire actuel ou pass\u00e9 d\u2019un poste universitaire.<\/p>\n<p><strong>Secr\u00e9taire<\/strong><\/p>\n<ul>\n<li>S\u2019occuper d\u2019envoyer ou demander d\u2019envoyer des avis aux membres, aux administrateurs, \u00e0 l\u2019expert-comptable (si un expert-comptable est nomm\u00e9) et aux membres des comit\u00e9s.<\/li>\n<li>Superviser la conservation en lieu s\u00fbr de tous les livres, registres, dossiers, documents et autres effets qui appartiennent \u00e0 la Soci\u00e9t\u00e9.<\/li>\n<\/ul>\n<p>Le candidat id\u00e9al au poste de secr\u00e9taire :<\/p>\n<ol type=\"a\">\n<li>Fait preuve de jugement et est capable de prendre de bonnes d\u00e9cisions.<\/li>\n<li>A des aptitudes administratives d\u00e9montr\u00e9es.<\/li>\n<li>Est dispos\u00e9 \u00e0 consacrer suffisamment de temps pour examiner des documents.<\/li>\n<\/ol>\n<p><strong>Tr\u00e9sorier<\/strong><\/p>\n<ul>\n<li>Jouer le r\u00f4le de directeur financier de l\u2019Acad\u00e9mie en assurant la tenue des documents comptables requis en conformit\u00e9 avec la l\u00e9gislation, et en se chargeant des d\u00e9p\u00f4ts d\u2019argent, de la garde des valeurs mobili\u00e8res et du d\u00e9caissement des fonds de la Soci\u00e9t\u00e9.<\/li>\n<li>Superviser les plans de financement, les investissements, les budgets et l\u2019examen des op\u00e9rations financi\u00e8res.<\/li>\n<li>Pr\u00e9senter les rapports financiers au conseil d\u2019administration et aux membres lors de l\u2019AGA.<\/li>\n<\/ul>\n<p>Le candidat id\u00e9al au poste de tr\u00e9sorier :<\/p>\n<ol type=\"a\">\n<li>Fait preuve de jugement et est capable de prendre de bonnes d\u00e9cisions.<\/li>\n<li>A des aptitudes administratives d\u00e9montr\u00e9es.<\/li>\n<li>Est dispos\u00e9 \u00e0 consacrer suffisamment de temps pour examiner les \u00e9tats financiers, les d\u00e9penses et les autres documents financiers.<\/li>\n<\/ol>\n","protected":false},"excerpt":{"rendered":"<p>Pr\u00e9sident \u00c9noncer les politiques de l\u2019ACPD, et g\u00e9rer et diriger  [&#8230;]<\/p>\n","protected":false},"author":1,"featured_media":0,"parent":1347,"menu_order":0,"comment_status":"closed","ping_status":"closed","template":"","meta":{"footnotes":""},"class_list":["post-1362","page","type-page","status-publish","hentry"],"yoast_head":"<!-- This site is optimized with the Yoast SEO plugin v27.2 - https:\/\/yoast.com\/product\/yoast-seo-wordpress\/ -->\n<title>Fonctions des dirigeants et une description des candidats id\u00e9aux - Canadian Academy of Psychiatry and the Law (CAPL)<\/title>\n<meta name=\"robots\" content=\"index, follow, max-snippet:-1, max-image-preview:large, max-video-preview:-1\" \/>\n<link rel=\"canonical\" href=\"https:\/\/www.capl-acpd.org\/fr\/a-propos-de-lacpd\/elections\/fonctions-des-dirigeants-et-une-description-des-candidats-ideaux\/\" \/>\n<meta property=\"og:locale\" content=\"fr_FR\" \/>\n<meta property=\"og:type\" content=\"article\" \/>\n<meta property=\"og:title\" content=\"Fonctions des dirigeants et une description des candidats id\u00e9aux - Canadian Academy of Psychiatry and the Law (CAPL)\" \/>\n<meta property=\"og:description\" content=\"Pr\u00e9sident \u00c9noncer les politiques de l\u2019ACPD, et g\u00e9rer et diriger [...]\" \/>\n<meta property=\"og:url\" content=\"https:\/\/www.capl-acpd.org\/fr\/a-propos-de-lacpd\/elections\/fonctions-des-dirigeants-et-une-description-des-candidats-ideaux\/\" \/>\n<meta property=\"og:site_name\" content=\"Canadian Academy of Psychiatry and the Law (CAPL)\" \/>\n<meta property=\"article:modified_time\" content=\"2023-12-13T17:10:32+00:00\" \/>\n<meta name=\"twitter:card\" content=\"summary_large_image\" \/>\n<meta name=\"twitter:label1\" content=\"Dur\u00e9e de lecture estim\u00e9e\" \/>\n\t<meta name=\"twitter:data1\" content=\"4 minutes\" \/>\n<script type=\"application\/ld+json\" class=\"yoast-schema-graph\">{\"@context\":\"https:\/\/schema.org\",\"@graph\":[{\"@type\":\"WebPage\",\"@id\":\"https:\/\/www.capl-acpd.org\/fr\/a-propos-de-lacpd\/elections\/fonctions-des-dirigeants-et-une-description-des-candidats-ideaux\/\",\"url\":\"https:\/\/www.capl-acpd.org\/fr\/a-propos-de-lacpd\/elections\/fonctions-des-dirigeants-et-une-description-des-candidats-ideaux\/\",\"name\":\"Fonctions des dirigeants et une description des candidats id\u00e9aux - Canadian Academy of Psychiatry and the Law (CAPL)\",\"isPartOf\":{\"@id\":\"https:\/\/www.capl-acpd.org\/#website\"},\"datePublished\":\"2019-12-12T20:05:47+00:00\",\"dateModified\":\"2023-12-13T17:10:32+00:00\",\"breadcrumb\":{\"@id\":\"https:\/\/www.capl-acpd.org\/fr\/a-propos-de-lacpd\/elections\/fonctions-des-dirigeants-et-une-description-des-candidats-ideaux\/#breadcrumb\"},\"inLanguage\":\"fr-FR\",\"potentialAction\":[{\"@type\":\"ReadAction\",\"target\":[\"https:\/\/www.capl-acpd.org\/fr\/a-propos-de-lacpd\/elections\/fonctions-des-dirigeants-et-une-description-des-candidats-ideaux\/\"]}]},{\"@type\":\"BreadcrumbList\",\"@id\":\"https:\/\/www.capl-acpd.org\/fr\/a-propos-de-lacpd\/elections\/fonctions-des-dirigeants-et-une-description-des-candidats-ideaux\/#breadcrumb\",\"itemListElement\":[{\"@type\":\"ListItem\",\"position\":1,\"name\":\"Home\",\"item\":\"https:\/\/www.capl-acpd.org\/fr\/\"},{\"@type\":\"ListItem\",\"position\":2,\"name\":\"\u00c0 propos de l\u2019ACPD\",\"item\":\"https:\/\/www.capl-acpd.org\/fr\/a-propos-de-lacpd\/\"},{\"@type\":\"ListItem\",\"position\":3,\"name\":\"Elections\",\"item\":\"https:\/\/www.capl-acpd.org\/fr\/a-propos-de-lacpd\/elections\/\"},{\"@type\":\"ListItem\",\"position\":4,\"name\":\"Fonctions des dirigeants et une description des candidats id\u00e9aux\"}]},{\"@type\":\"WebSite\",\"@id\":\"https:\/\/www.capl-acpd.org\/#website\",\"url\":\"https:\/\/www.capl-acpd.org\/\",\"name\":\"Canadian Academy of Psychiatry and the Law (CAPL)\",\"description\":\"Canadian Academy of Psychiatry and the Law (CAPL)\",\"potentialAction\":[{\"@type\":\"SearchAction\",\"target\":{\"@type\":\"EntryPoint\",\"urlTemplate\":\"https:\/\/www.capl-acpd.org\/?s={search_term_string}\"},\"query-input\":{\"@type\":\"PropertyValueSpecification\",\"valueRequired\":true,\"valueName\":\"search_term_string\"}}],\"inLanguage\":\"fr-FR\"}]}<\/script>\n<!-- \/ Yoast SEO plugin. -->","yoast_head_json":{"title":"Fonctions des dirigeants et une description des candidats id\u00e9aux - Canadian Academy of Psychiatry and the Law (CAPL)","robots":{"index":"index","follow":"follow","max-snippet":"max-snippet:-1","max-image-preview":"max-image-preview:large","max-video-preview":"max-video-preview:-1"},"canonical":"https:\/\/www.capl-acpd.org\/fr\/a-propos-de-lacpd\/elections\/fonctions-des-dirigeants-et-une-description-des-candidats-ideaux\/","og_locale":"fr_FR","og_type":"article","og_title":"Fonctions des dirigeants et une description des candidats id\u00e9aux - Canadian Academy of Psychiatry and the Law (CAPL)","og_description":"Pr\u00e9sident \u00c9noncer les politiques de l\u2019ACPD, et g\u00e9rer et diriger [...]","og_url":"https:\/\/www.capl-acpd.org\/fr\/a-propos-de-lacpd\/elections\/fonctions-des-dirigeants-et-une-description-des-candidats-ideaux\/","og_site_name":"Canadian Academy of Psychiatry and the Law (CAPL)","article_modified_time":"2023-12-13T17:10:32+00:00","twitter_card":"summary_large_image","twitter_misc":{"Dur\u00e9e de lecture estim\u00e9e":"4 minutes"},"schema":{"@context":"https:\/\/schema.org","@graph":[{"@type":"WebPage","@id":"https:\/\/www.capl-acpd.org\/fr\/a-propos-de-lacpd\/elections\/fonctions-des-dirigeants-et-une-description-des-candidats-ideaux\/","url":"https:\/\/www.capl-acpd.org\/fr\/a-propos-de-lacpd\/elections\/fonctions-des-dirigeants-et-une-description-des-candidats-ideaux\/","name":"Fonctions des dirigeants et une description des candidats id\u00e9aux - Canadian Academy of Psychiatry and the Law (CAPL)","isPartOf":{"@id":"https:\/\/www.capl-acpd.org\/#website"},"datePublished":"2019-12-12T20:05:47+00:00","dateModified":"2023-12-13T17:10:32+00:00","breadcrumb":{"@id":"https:\/\/www.capl-acpd.org\/fr\/a-propos-de-lacpd\/elections\/fonctions-des-dirigeants-et-une-description-des-candidats-ideaux\/#breadcrumb"},"inLanguage":"fr-FR","potentialAction":[{"@type":"ReadAction","target":["https:\/\/www.capl-acpd.org\/fr\/a-propos-de-lacpd\/elections\/fonctions-des-dirigeants-et-une-description-des-candidats-ideaux\/"]}]},{"@type":"BreadcrumbList","@id":"https:\/\/www.capl-acpd.org\/fr\/a-propos-de-lacpd\/elections\/fonctions-des-dirigeants-et-une-description-des-candidats-ideaux\/#breadcrumb","itemListElement":[{"@type":"ListItem","position":1,"name":"Home","item":"https:\/\/www.capl-acpd.org\/fr\/"},{"@type":"ListItem","position":2,"name":"\u00c0 propos de l\u2019ACPD","item":"https:\/\/www.capl-acpd.org\/fr\/a-propos-de-lacpd\/"},{"@type":"ListItem","position":3,"name":"Elections","item":"https:\/\/www.capl-acpd.org\/fr\/a-propos-de-lacpd\/elections\/"},{"@type":"ListItem","position":4,"name":"Fonctions des dirigeants et une description des candidats id\u00e9aux"}]},{"@type":"WebSite","@id":"https:\/\/www.capl-acpd.org\/#website","url":"https:\/\/www.capl-acpd.org\/","name":"Canadian Academy of Psychiatry and the Law (CAPL)","description":"Canadian Academy of Psychiatry and the Law (CAPL)","potentialAction":[{"@type":"SearchAction","target":{"@type":"EntryPoint","urlTemplate":"https:\/\/www.capl-acpd.org\/?s={search_term_string}"},"query-input":{"@type":"PropertyValueSpecification","valueRequired":true,"valueName":"search_term_string"}}],"inLanguage":"fr-FR"}]}},"_links":{"self":[{"href":"https:\/\/www.capl-acpd.org\/fr\/wp-json\/wp\/v2\/pages\/1362","targetHints":{"allow":["GET"]}}],"collection":[{"href":"https:\/\/www.capl-acpd.org\/fr\/wp-json\/wp\/v2\/pages"}],"about":[{"href":"https:\/\/www.capl-acpd.org\/fr\/wp-json\/wp\/v2\/types\/page"}],"author":[{"embeddable":true,"href":"https:\/\/www.capl-acpd.org\/fr\/wp-json\/wp\/v2\/users\/1"}],"replies":[{"embeddable":true,"href":"https:\/\/www.capl-acpd.org\/fr\/wp-json\/wp\/v2\/comments?post=1362"}],"version-history":[{"count":4,"href":"https:\/\/www.capl-acpd.org\/fr\/wp-json\/wp\/v2\/pages\/1362\/revisions"}],"predecessor-version":[{"id":2052,"href":"https:\/\/www.capl-acpd.org\/fr\/wp-json\/wp\/v2\/pages\/1362\/revisions\/2052"}],"up":[{"embeddable":true,"href":"https:\/\/www.capl-acpd.org\/fr\/wp-json\/wp\/v2\/pages\/1347"}],"wp:attachment":[{"href":"https:\/\/www.capl-acpd.org\/fr\/wp-json\/wp\/v2\/media?parent=1362"}],"curies":[{"name":"wp","href":"https:\/\/api.w.org\/{rel}","templated":true}]}}