{"id":1347,"date":"2019-12-10T11:39:01","date_gmt":"2019-12-10T16:39:01","guid":{"rendered":"http:\/\/www.capl-acpd.org\/a-propos-de-lacpd\/elections\/"},"modified":"2025-12-04T11:21:03","modified_gmt":"2025-12-04T16:21:03","slug":"elections","status":"publish","type":"page","link":"https:\/\/www.capl-acpd.org\/fr\/a-propos-de-lacpd\/elections\/","title":{"rendered":"Elections"},"content":{"rendered":"<p>Conform\u00e9ment au r\u00e8glement administratif de l\u2019Acad\u00e9mie canadienne de psychiatrie et droit (ACPD), les membres de l\u2019ACPD sont invit\u00e9s \u00e0 soumettre leur candidature aux postes d\u2019administrateur de la Soci\u00e9t\u00e9. Les candidatures doivent \u00eatre soumis en ligne <strong>au plus tard le 30 janvier 2026 \u00e0 17 h HE<\/strong>. <\/p>\n<p>L\u2019ACPD est \u00e0 la recherche de personnes qualifi\u00e9es qui refl\u00e8tent la diversit\u00e9 et les caract\u00e9ristiques d\u00e9mographiques de la population des psychiatres, et portera une attention particuli\u00e8re \u00e0 ces \u00e9l\u00e9ments : genre, \u00e2ge, race ou origine ethnique, ascendance autochtone, origine culturelle, langue, identit\u00e9 sexuelle et invalidit\u00e9.<\/p>\n<p><strong>Les administrateurs<\/strong> sont nomm\u00e9s pour un mandat de deux ans, renouvelable deux fois pour une p\u00e9riode totale maximum de six ans. Les administrateurs sont \u00e9lus par les membres \u00e0 l\u2019assembl\u00e9e g\u00e9n\u00e9rale annuelle (AGA) \u00e0 partir d\u2019une liste propos\u00e9e par le Comit\u00e9 des mises en candidature. Comme l\u2019exige la nouvelle Loi canadienne sur les organisations \u00e0 but non lucratif, le conseil d\u2019administration de l\u2019ACPD doit avoir au moins cinq et au plus sept administrateurs. Tous les candidats aux postes d\u2019administrateur doivent :<\/p>\n<ul>\n<li>\u00catre membres en r\u00e8gle de l\u2019ACPD, tel que d\u00e9fini au paragraphe 3.01 du <a href=\"https:\/\/www.capl-acpd.org\/wp-content\/uploads\/2022\/04\/2022-CAPL-Bylaws-FIN-FR.pdf\" target=\"_blank\"><u>r\u00e8glement administratif<\/u><\/a>.<\/li>\n<li>Satisfaire aux crit\u00e8res \u00e9num\u00e9r\u00e9s au paragraphe 5.03 du <a href=\"https:\/\/www.capl-acpd.org\/wp-content\/uploads\/2022\/04\/2022-CAPL-Bylaws-FIN-FR.pdf\" target=\"_blank\"><u>r\u00e8glement administratif<\/u><\/a>.<\/li>\n<li>\u00catre reconnus par leurs pairs et par les membres de l\u2019ACPD, pour leur int\u00e9grit\u00e9, leur professionnalisme et leurs qualit\u00e9s de dirigeant.<\/li>\n<li>Avoir acquis une perspective \u00e9quilibr\u00e9e de la psychiatrie, qui tient compte d\u2019enjeux r\u00e9gionaux, nationaux et internationaux importants.<\/li>\n<li>Refl\u00e9ter les valeurs \u00e9thiques et les convictions morales de la grande majorit\u00e9 des membres de l\u2019ACPD.<\/li>\n<\/ul>\n<p>Les Drs Elizabeth Coleman, Andrew Kolchak, Maryana Kravtsenyuk et Santoch Rai sont r\u00e9\u00e9ligibles \u00e0 un mandat additionnel de deux ans. Les Drs Padraig Darby, Mathieu Dufour et Lisa Ramshaw termineront leur troisi\u00e8me mandat d\u2019administrateur et ne pourront donc se r\u00e9presenter. <\/p>\n<p><strong>Les dirigeants<\/strong> sont nomm\u00e9s pour un mandat d\u2019un an, renouvelable deux fois pour une p\u00e9riode totale maximum de trois ans. En vertu du paragraphe 7.01 du <a href=\"https:\/\/www.capl-acpd.org\/wp-content\/uploads\/2022\/04\/2022-CAPL-Bylaws-FIN-FR.pdf\" target=\"_blank\"><u>r\u00e8glement administratif<\/u><\/a>, les dirigeants sont nomm\u00e9s par le conseil d\u2019administration. Les nominations auront lieu lors de la premi\u00e8re r\u00e9union du conseil d\u2019administration suivant l\u2019AGA. \u00c0 l\u2019exception du pr\u00e9sident, du vice-pr\u00e9sident et du pr\u00e9sident sortant, qui doivent \u00e9galement \u00eatre des administrateurs, les dirigeants n\u2019ont pas besoin d\u2019\u00eatre des administrateurs. Cependant, dans tous les cas, les dirigeants doivent poss\u00e9der les qualifications requises pour \u00eatre un administrateur, d\u00e9finies au paragraphe 5.03 du <a href=\"https:\/\/www.capl-acpd.org\/wp-content\/uploads\/2022\/04\/2022-CAPL-Bylaws-FIN-FR.pdf\" target=\"_blank\"><u>r\u00e8glement administratif<\/u><\/a> (consulter \u00e9galement les <a href=\"https:\/\/www.capl-acpd.org\/fr\/a-propos-de-lacpd\/elections\/fonctions-des-dirigeants-et-une-description-des-candidats-ideaux\/\" target=\"_blank\"><u>fonctions des dirigeants et une description des candidats id\u00e9aux<\/u><\/a>). <\/p>\n<p>Les dirigeants actuels sont : <\/p>\n<ul>\n<li>Pr\u00e9sidente : Lisa Ramshaw<\/li>\n<li>Vice-Pr\u00e9sident : Mathieu Dufour<\/li>\n<li>Secr\u00e9taire : Maryana Kravtsenyuk<\/li>\n<li>Tr\u00e9sori\u00e8re : Elizabeth Coleman<\/li>\n<\/ul>\n<p>Les Drs Coleman et Kravtsenyuk sont admissibles \u00e0 un deuxi\u00e8me mandat d\u2019un an \u00e0 leur poste actuel (la nomination \u00e0 un autre poste pourrait n\u00e9cessiter une r\u00e9\u00e9lection en tant qu\u2019administrateur).<\/p>\n<p><strong>Pour proposer leur candidature<\/strong>, tous les candidats aux postes d\u2019administrateur ou de dirigeant \u2013 y compris les administrateurs actuels qui sont r\u00e9\u00e9ligibles, ou les dirigeants qui peuvent \u00eatre nomm\u00e9s de nouveau \u2013 doivent soumettre une br\u00e8ve d\u00e9claration d\u2019int\u00e9r\u00eat (250 mots maximum) ainsi qu\u2019une copie r\u00e9cente de leur curriculum vit\u00e6 <a href=\"https:\/\/www.capl-acpd.org\/fr\/elections-formulaire\/\" target=\"_blank\"><u>en ligne<\/u><\/a>  <strong>au plus tard \u00e0 17 h HE, le vendredi 30 janvier 2026<\/strong>. Veuillez noter que la divulgation des int\u00e9r\u00eats concurrents sera \u00e9galement exig\u00e9e \u00e0 l\u2019\u00e9tape de la proposition de la candidature. Les candidatures envoy\u00e9es par courriel, par t\u00e9l\u00e9copieur ou par la poste ne seront pas retenues.<\/p>\n","protected":false},"excerpt":{"rendered":"<p>Conform\u00e9ment au r\u00e8glement administratif de l\u2019Acad\u00e9mie canadienne de psychiatrie et  [&#8230;]<\/p>\n","protected":false},"author":1,"featured_media":0,"parent":432,"menu_order":0,"comment_status":"closed","ping_status":"closed","template":"","meta":{"footnotes":""},"class_list":["post-1347","page","type-page","status-publish","hentry"],"yoast_head":"<!-- This site is optimized with the Yoast SEO plugin v27.2 - https:\/\/yoast.com\/product\/yoast-seo-wordpress\/ -->\n<title>Elections - Canadian Academy of Psychiatry and the Law (CAPL)<\/title>\n<meta name=\"robots\" content=\"index, follow, max-snippet:-1, max-image-preview:large, max-video-preview:-1\" \/>\n<link rel=\"canonical\" href=\"https:\/\/www.capl-acpd.org\/fr\/a-propos-de-lacpd\/elections\/\" \/>\n<meta property=\"og:locale\" content=\"fr_FR\" \/>\n<meta property=\"og:type\" content=\"article\" \/>\n<meta property=\"og:title\" content=\"Elections - Canadian Academy of Psychiatry and the Law (CAPL)\" \/>\n<meta property=\"og:description\" content=\"Conform\u00e9ment au r\u00e8glement administratif de l\u2019Acad\u00e9mie canadienne de psychiatrie et [...]\" \/>\n<meta property=\"og:url\" content=\"https:\/\/www.capl-acpd.org\/fr\/a-propos-de-lacpd\/elections\/\" \/>\n<meta property=\"og:site_name\" content=\"Canadian Academy of Psychiatry and the Law (CAPL)\" \/>\n<meta property=\"article:modified_time\" content=\"2025-12-04T16:21:03+00:00\" \/>\n<meta name=\"twitter:card\" content=\"summary_large_image\" \/>\n<meta name=\"twitter:label1\" content=\"Dur\u00e9e de lecture estim\u00e9e\" \/>\n\t<meta name=\"twitter:data1\" content=\"3 minutes\" \/>\n<script type=\"application\/ld+json\" class=\"yoast-schema-graph\">{\"@context\":\"https:\/\/schema.org\",\"@graph\":[{\"@type\":\"WebPage\",\"@id\":\"https:\/\/www.capl-acpd.org\/fr\/a-propos-de-lacpd\/elections\/\",\"url\":\"https:\/\/www.capl-acpd.org\/fr\/a-propos-de-lacpd\/elections\/\",\"name\":\"Elections - Canadian Academy of Psychiatry and the Law (CAPL)\",\"isPartOf\":{\"@id\":\"https:\/\/www.capl-acpd.org\/#website\"},\"datePublished\":\"2019-12-10T16:39:01+00:00\",\"dateModified\":\"2025-12-04T16:21:03+00:00\",\"breadcrumb\":{\"@id\":\"https:\/\/www.capl-acpd.org\/fr\/a-propos-de-lacpd\/elections\/#breadcrumb\"},\"inLanguage\":\"fr-FR\",\"potentialAction\":[{\"@type\":\"ReadAction\",\"target\":[\"https:\/\/www.capl-acpd.org\/fr\/a-propos-de-lacpd\/elections\/\"]}]},{\"@type\":\"BreadcrumbList\",\"@id\":\"https:\/\/www.capl-acpd.org\/fr\/a-propos-de-lacpd\/elections\/#breadcrumb\",\"itemListElement\":[{\"@type\":\"ListItem\",\"position\":1,\"name\":\"Home\",\"item\":\"https:\/\/www.capl-acpd.org\/fr\/\"},{\"@type\":\"ListItem\",\"position\":2,\"name\":\"\u00c0 propos de l\u2019ACPD\",\"item\":\"https:\/\/www.capl-acpd.org\/fr\/a-propos-de-lacpd\/\"},{\"@type\":\"ListItem\",\"position\":3,\"name\":\"Elections\"}]},{\"@type\":\"WebSite\",\"@id\":\"https:\/\/www.capl-acpd.org\/#website\",\"url\":\"https:\/\/www.capl-acpd.org\/\",\"name\":\"Canadian Academy of Psychiatry and the Law (CAPL)\",\"description\":\"Canadian Academy of Psychiatry and the Law (CAPL)\",\"potentialAction\":[{\"@type\":\"SearchAction\",\"target\":{\"@type\":\"EntryPoint\",\"urlTemplate\":\"https:\/\/www.capl-acpd.org\/?s={search_term_string}\"},\"query-input\":{\"@type\":\"PropertyValueSpecification\",\"valueRequired\":true,\"valueName\":\"search_term_string\"}}],\"inLanguage\":\"fr-FR\"}]}<\/script>\n<!-- \/ Yoast SEO plugin. -->","yoast_head_json":{"title":"Elections - Canadian Academy of Psychiatry and the Law (CAPL)","robots":{"index":"index","follow":"follow","max-snippet":"max-snippet:-1","max-image-preview":"max-image-preview:large","max-video-preview":"max-video-preview:-1"},"canonical":"https:\/\/www.capl-acpd.org\/fr\/a-propos-de-lacpd\/elections\/","og_locale":"fr_FR","og_type":"article","og_title":"Elections - Canadian Academy of Psychiatry and the Law (CAPL)","og_description":"Conform\u00e9ment au r\u00e8glement administratif de l\u2019Acad\u00e9mie canadienne de psychiatrie et [...]","og_url":"https:\/\/www.capl-acpd.org\/fr\/a-propos-de-lacpd\/elections\/","og_site_name":"Canadian Academy of Psychiatry and the Law (CAPL)","article_modified_time":"2025-12-04T16:21:03+00:00","twitter_card":"summary_large_image","twitter_misc":{"Dur\u00e9e de lecture estim\u00e9e":"3 minutes"},"schema":{"@context":"https:\/\/schema.org","@graph":[{"@type":"WebPage","@id":"https:\/\/www.capl-acpd.org\/fr\/a-propos-de-lacpd\/elections\/","url":"https:\/\/www.capl-acpd.org\/fr\/a-propos-de-lacpd\/elections\/","name":"Elections - Canadian Academy of Psychiatry and the Law (CAPL)","isPartOf":{"@id":"https:\/\/www.capl-acpd.org\/#website"},"datePublished":"2019-12-10T16:39:01+00:00","dateModified":"2025-12-04T16:21:03+00:00","breadcrumb":{"@id":"https:\/\/www.capl-acpd.org\/fr\/a-propos-de-lacpd\/elections\/#breadcrumb"},"inLanguage":"fr-FR","potentialAction":[{"@type":"ReadAction","target":["https:\/\/www.capl-acpd.org\/fr\/a-propos-de-lacpd\/elections\/"]}]},{"@type":"BreadcrumbList","@id":"https:\/\/www.capl-acpd.org\/fr\/a-propos-de-lacpd\/elections\/#breadcrumb","itemListElement":[{"@type":"ListItem","position":1,"name":"Home","item":"https:\/\/www.capl-acpd.org\/fr\/"},{"@type":"ListItem","position":2,"name":"\u00c0 propos de l\u2019ACPD","item":"https:\/\/www.capl-acpd.org\/fr\/a-propos-de-lacpd\/"},{"@type":"ListItem","position":3,"name":"Elections"}]},{"@type":"WebSite","@id":"https:\/\/www.capl-acpd.org\/#website","url":"https:\/\/www.capl-acpd.org\/","name":"Canadian Academy of Psychiatry and the Law (CAPL)","description":"Canadian Academy of Psychiatry and the Law (CAPL)","potentialAction":[{"@type":"SearchAction","target":{"@type":"EntryPoint","urlTemplate":"https:\/\/www.capl-acpd.org\/?s={search_term_string}"},"query-input":{"@type":"PropertyValueSpecification","valueRequired":true,"valueName":"search_term_string"}}],"inLanguage":"fr-FR"}]}},"_links":{"self":[{"href":"https:\/\/www.capl-acpd.org\/fr\/wp-json\/wp\/v2\/pages\/1347","targetHints":{"allow":["GET"]}}],"collection":[{"href":"https:\/\/www.capl-acpd.org\/fr\/wp-json\/wp\/v2\/pages"}],"about":[{"href":"https:\/\/www.capl-acpd.org\/fr\/wp-json\/wp\/v2\/types\/page"}],"author":[{"embeddable":true,"href":"https:\/\/www.capl-acpd.org\/fr\/wp-json\/wp\/v2\/users\/1"}],"replies":[{"embeddable":true,"href":"https:\/\/www.capl-acpd.org\/fr\/wp-json\/wp\/v2\/comments?post=1347"}],"version-history":[{"count":13,"href":"https:\/\/www.capl-acpd.org\/fr\/wp-json\/wp\/v2\/pages\/1347\/revisions"}],"predecessor-version":[{"id":2438,"href":"https:\/\/www.capl-acpd.org\/fr\/wp-json\/wp\/v2\/pages\/1347\/revisions\/2438"}],"up":[{"embeddable":true,"href":"https:\/\/www.capl-acpd.org\/fr\/wp-json\/wp\/v2\/pages\/432"}],"wp:attachment":[{"href":"https:\/\/www.capl-acpd.org\/fr\/wp-json\/wp\/v2\/media?parent=1347"}],"curies":[{"name":"wp","href":"https:\/\/api.w.org\/{rel}","templated":true}]}}