{"id":1086,"date":"2018-11-29T15:41:21","date_gmt":"2018-11-29T20:41:21","guid":{"rendered":"http:\/\/www.capl-acpd.org\/2019-annual-conference\/"},"modified":"2026-04-07T10:02:34","modified_gmt":"2026-04-07T14:02:34","slug":"congres-annuel-2026","status":"publish","type":"page","link":"https:\/\/www.capl-acpd.org\/fr\/congres-annuel-2026\/","title":{"rendered":"Congr\u00e8s annuel 2026"},"content":{"rendered":"<p>Le congr\u00e8s se tiendra du <strong>26 au 29 avril 2026<\/strong>, au <strong>Westin Calgary<\/strong>, \u00e0 Calgary, AB.<\/p>\n<p><strong><u>ACCR\u00c9DITATION<\/u><\/strong><\/p>\n<p>Cet \u00e9v\u00e9nement est une activit\u00e9 d\u2019apprentissage de groupe agr\u00e9\u00e9e (section 1), telle que d\u00e9finie par le Programme de maintien du certificat du Coll\u00e8ge royal des m\u00e9decins et chirurgiens du Canada, et approuv\u00e9e par l\u2019Association des psychiatres du Canada (APC). Vous pouvez r\u00e9clamer un maximum de 23,5 heures (les cr\u00e9dits sont calcul\u00e9s automatiquement).<\/p>\n<p>Les opinions et le contenu sp\u00e9cifiques de cet \u00e9v\u00e9nement ne refl\u00e8tent pas n\u00e9cessairement ceux de la CPA et rel\u00e8vent uniquement de la responsabilit\u00e9 des organisateurs.<\/p>\n<p><strong><u>PROGRAMME (Pour consulter le programme d\u00e9taill\u00e9, cliquez <a href=\"https:\/\/www.capl-acpd.org\/wp-content\/uploads\/2025\/12\/CAPL-2026-Brochure-20260113.pdf\">ICI<\/a>)<\/u><\/strong><\/p>\n<p>Nous avons le plaisir d\u2019annoncer la programmation de nos s\u00e9minaires pr\u00e9-conf\u00e9rence et nos conf\u00e9renciers principaux pour 2026 !<\/p>\n<p><strong><u>S\u00c9MINAIRE PR\u00c9-CONF\u00c9RENCE #1<\/u><\/strong><\/p>\n<p><strong>A Legal Update: Key Canadian Cases Impacting Forensic Psychiatry<\/strong><\/p>\n<p><strong>Wendy Ekert<\/strong><br \/>\nTeam Lead and Crown Prosecutor, High Risk Offender Unit<br \/>\nAlberta Crown Prosecution Service<\/p>\n<p><strong>Karuna Ramakrishnan<\/strong><br \/>\nCrown Prosecutor<br \/>\nCalgary Crown Prosecution Office, ACPS<\/p>\n<p>***<\/p>\n<p><strong><u>S\u00c9MINAIRE PR\u00c9-CONF\u00c9RENCE #2<\/u><\/strong><\/p>\n<p><strong>The Essentials of Psychological Testing in Civil and Criminal Forensic Matters: Scope of Practice and Common Assessment Questions<\/strong><\/p>\n<p><strong>Stephanie R. Penney, Ph.D., C.Psych.<\/strong><br \/>\nScientist, Forensic Division<br \/>\nCentre for Addiction and Mental Health (CAMH)<br \/>\nAssociate Professor<br \/>\nDepartment of Psychiatry, University of Toronto<\/p>\n<p><strong>Jeffrey Waldman, MD, FRCPC<\/strong><br \/>\nForensic Psychiatrist<br \/>\nAssistant Professor, University of Manitoba<br \/>\nMedical Director, Roblin Forensic Group<\/p>\n<p><strong><u>Pr\u00e9sentations principales (Keynotes) lors de la conf\u00e9rence annuelle<\/u><\/strong><\/p>\n<p><strong>A Mass Casualty Commission Product: Eight Best Practices for Forensic Assessment<\/strong><\/p>\n<p><strong>Tess Neal, PhD<\/strong><br \/>\nAssociate &amp; Dean&rsquo;s Professor of Psychology<br \/>\nIowa State University<br \/>\nEditor-in-Chief, Psychology, Public Policy, and Law<\/p>\n<p><strong>Beyond Containment: A Clinical Approach to Stabilizing High-Risk Clients with Psychosis and Substance Use<\/strong><\/p>\n<p><strong>Vijay Seethapathy, MBBS, MRCPsych, FRCPC, ABAM<\/strong><br \/>\nPresident, CPA<br \/>\nChief Medical Officer,<br \/>\nBC Mental Health and Substance Use Services<\/p>\n<p><strong>Triarchic Model of Psychopathy: Implications for Causal Understanding and Clinical Practice<\/strong><\/p>\n<p><strong>Christopher J. Patrick, PhD<\/strong><br \/>\nDistinguished Research Professor and Director of Clinical Training<br \/>\nDepartment of Psychology<br \/>\nFlorida State University<\/p>\n<p><strong>Understanding and Managing Bias in Expert Forensic Judgment<\/strong><\/p>\n<p><strong>Tess Neal, PhD<\/strong><br \/>\nAssociate &amp; Dean&rsquo;s Professor of Psychology<br \/>\nIowa State University<br \/>\nEditor-in-Chief, Psychology, Public Policy, and Law<br \/>\nProfessor of Psychiatry, George Washington University School of Medicine<br \/>\nPresident-elect, American Academy of Psychiatry and the Law<\/p>\n<p>***<\/p>\n<p><strong><u>INSCRIPTION<\/u><\/strong><\/p>\n<p><strong><span style=\"color: #ff0000;\">NOUVEAU! Pour les R\u00e9sidents\/\u00c9tudiants en m\u00e9decine\/Fellows :<\/span><br \/>\nVous devez d\u00e9sormais \u00eatre membre de l\u2019ACPD pour b\u00e9n\u00e9ficier du tarif d\u2019inscription r\u00e9duit.  <span style=\"color: #ff0000;\"><strong>Veuillez planifier en cons\u00e9quence afin de pr\u00e9voir le temps n\u00e9cessaire au traitement de votre demande (environ une semaine)<\/strong><\/span>. Pour en savoir plus sur nos cat\u00e9gories de membres et pour soumettre une demande d\u2019adh\u00e9sion, veuillez cliquer <a href=\"https:\/\/www.capl-acpd.org\/fr\/categories-de-membres\/\" target=\"_blank\" rel=\"noopener\"><u>ICI<\/u><\/a>.<\/strong><\/p>\n<p>Remarque : Tous les pr\u00e9sentateurs doivent s\u2019inscrire au congr\u00e8s.<\/p>\n<p><strong>MEMBRES<\/strong> : Inscription en ligne <a href=\"https:\/\/secure.cpa-apc.org\/CAPL\/Apps\/Membership?returnUrl=%2FCAPL%2FApps%2FPages%2Fams-event-details\/23485?isPreview=False\" target=\"_blank\" rel=\"noopener\"><strong><u>ICI<\/u><\/strong><\/a>.<\/p>\n<p><strong>NON-MEMBRES<\/strong> : Inscription en ligne <a href=\"https:\/\/secure.cpa-apc.org\/CAPL\/Apps\/Pages\/ams-event-details\/23485?isPreview=False\" target=\"_blank\" rel=\"noopener\"><strong><u>ICI<\/u><\/strong><\/a>.<\/p>\n<p>***<\/p>\n<p><strong><u>H\u00c9BERGEMENT (R\u00e9servez votre chambre d\u00e8s maintenant!)<\/u><\/strong><\/p>\n<p>Nous vous sugg\u00e9rons fortement de r\u00e9server votre chambre d\u00e8s que possible puisque nous avons un nombre limit\u00e9 de chambres au tarif de groupe \u00e0 partir de <strong>249$+<\/strong>. Vous pouvez le faire en ligne <a href=\"https:\/\/www.marriott.com\/event-reservations\/reservation-link.mi?id=1752091389178&amp;key=GRP&amp;app=resvlink\" target=\"_blank\" rel=\"noopener\"><strong><u>ICI<\/u><\/strong><\/a>.<\/p>\n<p>***<\/p>\n<p>Si vous avez des questions, n\u2019h\u00e9sitez pas \u00e0 me contacter \u00e0 <a href=\"mailto:cgoddard@goddardcom.com\" target=\"_blank\" rel=\"noopener\"><u>cgoddard@goddardcom.com<\/u><\/a>.<\/p>\n<p>Cordialement,<\/p>\n<p>Chantal Goddard<\/p>\n<p>Au nom du comit\u00e9 organisateur du congr\u00e8s annuel de l\u2019ACPD 2026:<\/p>\n<p>Roland Jones, MD (Pr\u00e9sident)<br \/>\nJulie B\u00e9rub\u00e9-Fortin, MD<br \/>\nAlberto Choy, MD<br \/>\nElizabeth Coleman<br \/>\nGenna Di Pinto, Resident<br \/>\nNajat Khalifa, MD<br \/>\nRakesh Lamba, MD<br \/>\nGrainne Neilson, MD<br \/>\nChantal Goddard, Conference Organizer<\/p>\n<p><!-- Le moment est venu de pr\u00e9parer la prochaine Conf\u00e9rence annuelle de l\u2019ACPD ! Avec un record de 200 participants en 2025 \u00e0 Montr\u00e9al, cette 30e \u00e9dition en 2026 \u00e0 Calgary s\u2019annonce plus m\u00e9morable que jamais!\n\n<strong>APPEL DE R\u00c9SUM\u00c9S<\/strong>\nAu nom du comit\u00e9 organisateur de la conf\u00e9rence annuelle 2026 de l\u2019ACPD, je suis ravie d'annoncer que l'appel de r\u00e9sum\u00e9s est maintenant ouvert ! Nous sollicitons les soumissions pour la prochaine conf\u00e9rence, qui se tiendra du 26 au 29 avril 2026, au Westin Calgary \u00e0 Calgary, AB.\n\nLa date limite pour la soumission des r\u00e9sum\u00e9s est le <strong>5 d\u00e9cembre 2025 (23 h 59, heure du Pacifique)<\/strong>. Ne manquez pas l'opportunit\u00e9 de partager votre travail avec des professionnels et coll\u00e8gues du domaine.\n\nPour soumettre un r\u00e9sum\u00e9 pour la conf\u00e9rence 2026, veuillez cliquer <a href=\"https:\/\/www.capl-acpd.org\/fr\/appel-de-resumes\/\" target=\"_blank\"><strong>ICI<\/strong><\/a>.\n\nEn raison du volume \u00e9lev\u00e9 pr\u00e9vu de soumissions, la s\u00e9lection des r\u00e9sum\u00e9s sera comp\u00e9titive, et tous ne pourront \u00eatre accept\u00e9s.\n\n<strong>CONCOURS D\u2019AFFICHES<\/strong>\nTous les r\u00e9sum\u00e9s soumis par des r\u00e9sidents pour pr\u00e9sentation par affiche seront automatiquement inscrits au concours. Les affiches seront \u00e9valu\u00e9es en fonction de la pr\u00e9sentation, du contenu, de l'organisation et de l'impression g\u00e9n\u00e9rale.\n\nUne fois votre r\u00e9sum\u00e9 accept\u00e9, vous recevrez des directives pour vous aider \u00e0 pr\u00e9parer votre affiche.\n\n<strong>FELLOWSHIP AWARD<\/strong>\nLe <em>Fellowship<\/em> Award est d\u00e9cern\u00e9 \u00e0 un(e) candidat(e) exceptionnel(le) en formation, qui sera invit\u00e9(e) \u00e0 faire une pr\u00e9sentation individuelle sur un sujet important et actuel en psychiatrie l\u00e9gale lors de la conf\u00e9rence annuelle de l\u2019ACPD. Le laur\u00e9at ou la laur\u00e9ate recevra un certificat et le remboursement des frais de pr\u00e9sentation (transport, h\u00e9bergement et frais d'inscription \u00e0 la conf\u00e9rence).\n\nLes candidats sont admissibles s\u2019ils sont actuellement <strong>R4, R5 ou R6<\/strong> dans un programme de r\u00e9sidence canadien. La date limite pour postuler est le <strong>5 d\u00e9cembre 2025 (23 h 59, heure du Pacifique)<\/strong>.\n\nPour plus d'informations sur la proc\u00e9dure de nomination et d'\u00e9ligibilit\u00e9, ou pour soumettre une candidature, veuillez cliquer <a href=\"https:\/\/www.capl-acpd.org\/fr\/prix\/prix-de-la-bourse-de-lacpd\/\" target=\"_blank\"><strong>ICI<\/strong><\/a>.\n\n<strong>\u00c0 PROPOS DE LA CONF\u00c9RENCE<\/strong>\nPlus d'informations sur la conf\u00e9rence annuelle 2026 de l\u2019ACPD seront partag\u00e9es dans les semaines \u00e0 venir !\n\nAlors que nous finalisons les derniers d\u00e9tails, nous restons pleinement concentr\u00e9s sur la cr\u00e9ation d\u2019une exp\u00e9rience enrichissante et dynamique pour tous les participants.\n\nRestez \u00e0 l'aff\u00fbt pour les mises \u00e0 jour sur les sujets, les conf\u00e9renciers, les d\u00e9tails d'inscription et bien plus encore.\n\nEn attendant, si vous avez des questions, n'h\u00e9sitez pas \u00e0 me contacter \u00e0 l'adresse suivante : <a href=\"mailto:cgoddard@goddardcom.com\" target=\"_blank\"><strong>cgoddard@goddardcom.com<\/strong><\/a>.\n\n<strong>COMIT\u00c9 ORGANISATEUR<\/strong>\nRoland Jones, M.D. (Pr\u00e9sident)\nJulie B\u00e9rub\u00e9-Fortin, M.D.\nAlberto Choy, M.D.\nElizabeth Coleman, M.D.\nGenna Di Pinto, R\u00e9sidente\nNajat Khalifa, M.D.\nRakesh Lamba, M.D.\nGrainne Neilson, M.D.\nChantal Goddard, Organisatrice de la conf\u00e9rence\n\n--><\/p>\n","protected":false},"excerpt":{"rendered":"<p>Le congr\u00e8s se tiendra du 26 au 29 avril 2026,  [&#8230;]<\/p>\n","protected":false},"author":1,"featured_media":0,"parent":0,"menu_order":0,"comment_status":"closed","ping_status":"closed","template":"","meta":{"footnotes":""},"class_list":["post-1086","page","type-page","status-publish","hentry"],"yoast_head":"<!-- This site is optimized with the Yoast SEO plugin v27.2 - https:\/\/yoast.com\/product\/yoast-seo-wordpress\/ -->\n<title>Congr\u00e8s annuel 2026 - Canadian Academy of Psychiatry and the Law (CAPL)<\/title>\n<meta name=\"robots\" content=\"index, follow, max-snippet:-1, max-image-preview:large, max-video-preview:-1\" \/>\n<link rel=\"canonical\" href=\"https:\/\/www.capl-acpd.org\/fr\/congres-annuel-2026\/\" \/>\n<meta property=\"og:locale\" content=\"fr_FR\" \/>\n<meta property=\"og:type\" content=\"article\" \/>\n<meta property=\"og:title\" content=\"Congr\u00e8s annuel 2026 - Canadian Academy of Psychiatry and the Law (CAPL)\" \/>\n<meta property=\"og:description\" content=\"Le congr\u00e8s se tiendra du 26 au 29 avril 2026, [...]\" \/>\n<meta property=\"og:url\" content=\"https:\/\/www.capl-acpd.org\/fr\/congres-annuel-2026\/\" \/>\n<meta property=\"og:site_name\" content=\"Canadian Academy of Psychiatry and the Law (CAPL)\" \/>\n<meta property=\"article:modified_time\" content=\"2026-04-07T14:02:34+00:00\" \/>\n<meta name=\"twitter:card\" content=\"summary_large_image\" \/>\n<meta name=\"twitter:label1\" content=\"Dur\u00e9e de lecture estim\u00e9e\" \/>\n\t<meta name=\"twitter:data1\" content=\"3 minutes\" \/>\n<script type=\"application\/ld+json\" class=\"yoast-schema-graph\">{\"@context\":\"https:\/\/schema.org\",\"@graph\":[{\"@type\":\"WebPage\",\"@id\":\"https:\/\/www.capl-acpd.org\/fr\/congres-annuel-2026\/\",\"url\":\"https:\/\/www.capl-acpd.org\/fr\/congres-annuel-2026\/\",\"name\":\"Congr\u00e8s annuel 2026 - Canadian Academy of Psychiatry and the Law (CAPL)\",\"isPartOf\":{\"@id\":\"https:\/\/www.capl-acpd.org\/#website\"},\"datePublished\":\"2018-11-29T20:41:21+00:00\",\"dateModified\":\"2026-04-07T14:02:34+00:00\",\"breadcrumb\":{\"@id\":\"https:\/\/www.capl-acpd.org\/fr\/congres-annuel-2026\/#breadcrumb\"},\"inLanguage\":\"fr-FR\",\"potentialAction\":[{\"@type\":\"ReadAction\",\"target\":[\"https:\/\/www.capl-acpd.org\/fr\/congres-annuel-2026\/\"]}]},{\"@type\":\"BreadcrumbList\",\"@id\":\"https:\/\/www.capl-acpd.org\/fr\/congres-annuel-2026\/#breadcrumb\",\"itemListElement\":[{\"@type\":\"ListItem\",\"position\":1,\"name\":\"Home\",\"item\":\"https:\/\/www.capl-acpd.org\/fr\/\"},{\"@type\":\"ListItem\",\"position\":2,\"name\":\"Congr\u00e8s annuel 2026\"}]},{\"@type\":\"WebSite\",\"@id\":\"https:\/\/www.capl-acpd.org\/#website\",\"url\":\"https:\/\/www.capl-acpd.org\/\",\"name\":\"Canadian Academy of Psychiatry and the Law (CAPL)\",\"description\":\"Canadian Academy of Psychiatry and the Law (CAPL)\",\"potentialAction\":[{\"@type\":\"SearchAction\",\"target\":{\"@type\":\"EntryPoint\",\"urlTemplate\":\"https:\/\/www.capl-acpd.org\/?s={search_term_string}\"},\"query-input\":{\"@type\":\"PropertyValueSpecification\",\"valueRequired\":true,\"valueName\":\"search_term_string\"}}],\"inLanguage\":\"fr-FR\"}]}<\/script>\n<!-- \/ Yoast SEO plugin. -->","yoast_head_json":{"title":"Congr\u00e8s annuel 2026 - Canadian Academy of Psychiatry and the Law (CAPL)","robots":{"index":"index","follow":"follow","max-snippet":"max-snippet:-1","max-image-preview":"max-image-preview:large","max-video-preview":"max-video-preview:-1"},"canonical":"https:\/\/www.capl-acpd.org\/fr\/congres-annuel-2026\/","og_locale":"fr_FR","og_type":"article","og_title":"Congr\u00e8s annuel 2026 - Canadian Academy of Psychiatry and the Law (CAPL)","og_description":"Le congr\u00e8s se tiendra du 26 au 29 avril 2026, [...]","og_url":"https:\/\/www.capl-acpd.org\/fr\/congres-annuel-2026\/","og_site_name":"Canadian Academy of Psychiatry and the Law (CAPL)","article_modified_time":"2026-04-07T14:02:34+00:00","twitter_card":"summary_large_image","twitter_misc":{"Dur\u00e9e de lecture estim\u00e9e":"3 minutes"},"schema":{"@context":"https:\/\/schema.org","@graph":[{"@type":"WebPage","@id":"https:\/\/www.capl-acpd.org\/fr\/congres-annuel-2026\/","url":"https:\/\/www.capl-acpd.org\/fr\/congres-annuel-2026\/","name":"Congr\u00e8s annuel 2026 - Canadian Academy of Psychiatry and the Law (CAPL)","isPartOf":{"@id":"https:\/\/www.capl-acpd.org\/#website"},"datePublished":"2018-11-29T20:41:21+00:00","dateModified":"2026-04-07T14:02:34+00:00","breadcrumb":{"@id":"https:\/\/www.capl-acpd.org\/fr\/congres-annuel-2026\/#breadcrumb"},"inLanguage":"fr-FR","potentialAction":[{"@type":"ReadAction","target":["https:\/\/www.capl-acpd.org\/fr\/congres-annuel-2026\/"]}]},{"@type":"BreadcrumbList","@id":"https:\/\/www.capl-acpd.org\/fr\/congres-annuel-2026\/#breadcrumb","itemListElement":[{"@type":"ListItem","position":1,"name":"Home","item":"https:\/\/www.capl-acpd.org\/fr\/"},{"@type":"ListItem","position":2,"name":"Congr\u00e8s annuel 2026"}]},{"@type":"WebSite","@id":"https:\/\/www.capl-acpd.org\/#website","url":"https:\/\/www.capl-acpd.org\/","name":"Canadian Academy of Psychiatry and the Law (CAPL)","description":"Canadian Academy of Psychiatry and the Law (CAPL)","potentialAction":[{"@type":"SearchAction","target":{"@type":"EntryPoint","urlTemplate":"https:\/\/www.capl-acpd.org\/?s={search_term_string}"},"query-input":{"@type":"PropertyValueSpecification","valueRequired":true,"valueName":"search_term_string"}}],"inLanguage":"fr-FR"}]}},"_links":{"self":[{"href":"https:\/\/www.capl-acpd.org\/fr\/wp-json\/wp\/v2\/pages\/1086","targetHints":{"allow":["GET"]}}],"collection":[{"href":"https:\/\/www.capl-acpd.org\/fr\/wp-json\/wp\/v2\/pages"}],"about":[{"href":"https:\/\/www.capl-acpd.org\/fr\/wp-json\/wp\/v2\/types\/page"}],"author":[{"embeddable":true,"href":"https:\/\/www.capl-acpd.org\/fr\/wp-json\/wp\/v2\/users\/1"}],"replies":[{"embeddable":true,"href":"https:\/\/www.capl-acpd.org\/fr\/wp-json\/wp\/v2\/comments?post=1086"}],"version-history":[{"count":15,"href":"https:\/\/www.capl-acpd.org\/fr\/wp-json\/wp\/v2\/pages\/1086\/revisions"}],"predecessor-version":[{"id":2471,"href":"https:\/\/www.capl-acpd.org\/fr\/wp-json\/wp\/v2\/pages\/1086\/revisions\/2471"}],"wp:attachment":[{"href":"https:\/\/www.capl-acpd.org\/fr\/wp-json\/wp\/v2\/media?parent=1086"}],"curies":[{"name":"wp","href":"https:\/\/api.w.org\/{rel}","templated":true}]}}