{"id":1073,"date":"2018-11-29T15:13:40","date_gmt":"2018-11-29T20:13:40","guid":{"rendered":"http:\/\/www.capl-acpd.org\/inquiries\/"},"modified":"2018-11-29T15:15:56","modified_gmt":"2018-11-29T20:15:56","slug":"questions","status":"publish","type":"page","link":"https:\/\/www.capl-acpd.org\/fr\/questions\/","title":{"rendered":"Questions"},"content":{"rendered":"<p><strong>Les plaintes au sujet des psychiatres l\u00e9gistes<\/strong> : communiquez avec le <a href=\"https:\/\/fmrac.ca\/members\/\" rel=\"noopener\" target=\"_blank\">coll\u00e8ge des m\u00e9decins et chirurgiens ou la commission m\u00e9dicale de votre province<\/a> pour plus de renseignements sur le traitement des plaintes qui s\u2019applique aux m\u00e9decins de votre province. Les plaintes doivent habituellement se faire par \u00e9crit. <\/p>\n<p><strong>R\u00e9f\u00e9rences<\/strong> : L\u2019ACPD n\u2019est pas en mesure d\u2019offrir des r\u00e9f\u00e9rences \u00e0 des psychiatres l\u00e9gistes sp\u00e9cifiques. Vous pouvez chercher un psychiatre l\u00e9giste par son nom \u00e0 l\u2019aide du <a href=\"http:\/\/www.royalcollege.ca\/rcdir\/faces\/home?_afrLoop=53020974336752702&#038;_adf.ctrl-state=1b295jojtc_9\" rel=\"noopener\" target=\"_blank\">r\u00e9pertoire des associ\u00e9s du Coll\u00e8ge royal des m\u00e9decins et chirurgiens du Canada<\/a>. Vous pouvez obtenir les coordonn\u00e9es d\u2019un psychiatre l\u00e9giste en particulier par le <a href=\"https:\/\/fmrac.ca\/members\/\" rel=\"noopener\" target=\"_blank\">coll\u00e8ge des m\u00e9decins et chirurgiens ou la commission m\u00e9dicale de votre province<\/a>. <\/p>\n<p>L\u2019ACPD n\u2019est pas responsable du contenu des sites Web externes.<\/p>\n","protected":false},"excerpt":{"rendered":"<p>Les plaintes au sujet des psychiatres l\u00e9gistes : communiquez avec  [&#8230;]<\/p>\n","protected":false},"author":1,"featured_media":0,"parent":0,"menu_order":0,"comment_status":"closed","ping_status":"closed","template":"","meta":{"footnotes":""},"class_list":["post-1073","page","type-page","status-publish","hentry"],"yoast_head":"<!-- This site is optimized with the Yoast SEO plugin v27.2 - https:\/\/yoast.com\/product\/yoast-seo-wordpress\/ -->\n<title>Questions - Canadian Academy of Psychiatry and the Law (CAPL)<\/title>\n<meta name=\"robots\" content=\"index, follow, max-snippet:-1, max-image-preview:large, max-video-preview:-1\" \/>\n<link rel=\"canonical\" href=\"https:\/\/www.capl-acpd.org\/fr\/questions\/\" \/>\n<meta property=\"og:locale\" content=\"fr_FR\" \/>\n<meta property=\"og:type\" content=\"article\" \/>\n<meta property=\"og:title\" content=\"Questions - Canadian Academy of Psychiatry and the Law (CAPL)\" \/>\n<meta property=\"og:description\" content=\"Les plaintes au sujet des psychiatres l\u00e9gistes : communiquez avec [...]\" \/>\n<meta property=\"og:url\" content=\"https:\/\/www.capl-acpd.org\/fr\/questions\/\" \/>\n<meta property=\"og:site_name\" content=\"Canadian Academy of Psychiatry and the Law (CAPL)\" \/>\n<meta property=\"article:modified_time\" content=\"2018-11-29T20:15:56+00:00\" \/>\n<meta name=\"twitter:card\" content=\"summary_large_image\" \/>\n<meta name=\"twitter:label1\" content=\"Dur\u00e9e de lecture estim\u00e9e\" \/>\n\t<meta name=\"twitter:data1\" content=\"1 minute\" \/>\n<script type=\"application\/ld+json\" class=\"yoast-schema-graph\">{\"@context\":\"https:\/\/schema.org\",\"@graph\":[{\"@type\":\"WebPage\",\"@id\":\"https:\/\/www.capl-acpd.org\/fr\/questions\/\",\"url\":\"https:\/\/www.capl-acpd.org\/fr\/questions\/\",\"name\":\"Questions - Canadian Academy of Psychiatry and the Law (CAPL)\",\"isPartOf\":{\"@id\":\"https:\/\/www.capl-acpd.org\/#website\"},\"datePublished\":\"2018-11-29T20:13:40+00:00\",\"dateModified\":\"2018-11-29T20:15:56+00:00\",\"breadcrumb\":{\"@id\":\"https:\/\/www.capl-acpd.org\/fr\/questions\/#breadcrumb\"},\"inLanguage\":\"fr-FR\",\"potentialAction\":[{\"@type\":\"ReadAction\",\"target\":[\"https:\/\/www.capl-acpd.org\/fr\/questions\/\"]}]},{\"@type\":\"BreadcrumbList\",\"@id\":\"https:\/\/www.capl-acpd.org\/fr\/questions\/#breadcrumb\",\"itemListElement\":[{\"@type\":\"ListItem\",\"position\":1,\"name\":\"Home\",\"item\":\"https:\/\/www.capl-acpd.org\/fr\/\"},{\"@type\":\"ListItem\",\"position\":2,\"name\":\"Questions\"}]},{\"@type\":\"WebSite\",\"@id\":\"https:\/\/www.capl-acpd.org\/#website\",\"url\":\"https:\/\/www.capl-acpd.org\/\",\"name\":\"Canadian Academy of Psychiatry and the Law (CAPL)\",\"description\":\"Canadian Academy of Psychiatry and the Law (CAPL)\",\"potentialAction\":[{\"@type\":\"SearchAction\",\"target\":{\"@type\":\"EntryPoint\",\"urlTemplate\":\"https:\/\/www.capl-acpd.org\/?s={search_term_string}\"},\"query-input\":{\"@type\":\"PropertyValueSpecification\",\"valueRequired\":true,\"valueName\":\"search_term_string\"}}],\"inLanguage\":\"fr-FR\"}]}<\/script>\n<!-- \/ Yoast SEO plugin. -->","yoast_head_json":{"title":"Questions - Canadian Academy of Psychiatry and the Law (CAPL)","robots":{"index":"index","follow":"follow","max-snippet":"max-snippet:-1","max-image-preview":"max-image-preview:large","max-video-preview":"max-video-preview:-1"},"canonical":"https:\/\/www.capl-acpd.org\/fr\/questions\/","og_locale":"fr_FR","og_type":"article","og_title":"Questions - Canadian Academy of Psychiatry and the Law (CAPL)","og_description":"Les plaintes au sujet des psychiatres l\u00e9gistes : communiquez avec [...]","og_url":"https:\/\/www.capl-acpd.org\/fr\/questions\/","og_site_name":"Canadian Academy of Psychiatry and the Law (CAPL)","article_modified_time":"2018-11-29T20:15:56+00:00","twitter_card":"summary_large_image","twitter_misc":{"Dur\u00e9e de lecture estim\u00e9e":"1 minute"},"schema":{"@context":"https:\/\/schema.org","@graph":[{"@type":"WebPage","@id":"https:\/\/www.capl-acpd.org\/fr\/questions\/","url":"https:\/\/www.capl-acpd.org\/fr\/questions\/","name":"Questions - Canadian Academy of Psychiatry and the Law (CAPL)","isPartOf":{"@id":"https:\/\/www.capl-acpd.org\/#website"},"datePublished":"2018-11-29T20:13:40+00:00","dateModified":"2018-11-29T20:15:56+00:00","breadcrumb":{"@id":"https:\/\/www.capl-acpd.org\/fr\/questions\/#breadcrumb"},"inLanguage":"fr-FR","potentialAction":[{"@type":"ReadAction","target":["https:\/\/www.capl-acpd.org\/fr\/questions\/"]}]},{"@type":"BreadcrumbList","@id":"https:\/\/www.capl-acpd.org\/fr\/questions\/#breadcrumb","itemListElement":[{"@type":"ListItem","position":1,"name":"Home","item":"https:\/\/www.capl-acpd.org\/fr\/"},{"@type":"ListItem","position":2,"name":"Questions"}]},{"@type":"WebSite","@id":"https:\/\/www.capl-acpd.org\/#website","url":"https:\/\/www.capl-acpd.org\/","name":"Canadian Academy of Psychiatry and the Law (CAPL)","description":"Canadian Academy of Psychiatry and the Law (CAPL)","potentialAction":[{"@type":"SearchAction","target":{"@type":"EntryPoint","urlTemplate":"https:\/\/www.capl-acpd.org\/?s={search_term_string}"},"query-input":{"@type":"PropertyValueSpecification","valueRequired":true,"valueName":"search_term_string"}}],"inLanguage":"fr-FR"}]}},"_links":{"self":[{"href":"https:\/\/www.capl-acpd.org\/fr\/wp-json\/wp\/v2\/pages\/1073","targetHints":{"allow":["GET"]}}],"collection":[{"href":"https:\/\/www.capl-acpd.org\/fr\/wp-json\/wp\/v2\/pages"}],"about":[{"href":"https:\/\/www.capl-acpd.org\/fr\/wp-json\/wp\/v2\/types\/page"}],"author":[{"embeddable":true,"href":"https:\/\/www.capl-acpd.org\/fr\/wp-json\/wp\/v2\/users\/1"}],"replies":[{"embeddable":true,"href":"https:\/\/www.capl-acpd.org\/fr\/wp-json\/wp\/v2\/comments?post=1073"}],"version-history":[{"count":0,"href":"https:\/\/www.capl-acpd.org\/fr\/wp-json\/wp\/v2\/pages\/1073\/revisions"}],"wp:attachment":[{"href":"https:\/\/www.capl-acpd.org\/fr\/wp-json\/wp\/v2\/media?parent=1073"}],"curies":[{"name":"wp","href":"https:\/\/api.w.org\/{rel}","templated":true}]}}